{"id":25207,"date":"2026-04-14T11:05:57","date_gmt":"2026-04-14T11:05:57","guid":{"rendered":"https:\/\/prompt-place.com\/product\/yapay-zeka-surec-otomasyonu-merkezi\/"},"modified":"2026-04-14T11:05:57","modified_gmt":"2026-04-14T11:05:57","slug":"yapay-zeka-surec-otomasyonu-merkezi","status":"publish","type":"product","link":"https:\/\/prompt-place.com\/tr\/urun\/yapay-zeka-surec-otomasyonu-merkezi\/","title":{"rendered":"Yapay Zek\u00e2 S\u00fcre\u00e7 Otomasyonu Merkezi"},"content":{"rendered":"<p data-start=\"3315\" data-end=\"3613\">Bu konsept, tekrarlayan g\u00f6revleri y\u00f6netmek, s\u00fcre\u00e7lerin uygulanmas\u0131n\u0131 iyile\u015ftirmek ve manuel i\u015f y\u00fck\u00fcn\u00fc azaltmak i\u00e7in yapay zek\u00e2 destekli merkezi bir otomasyon merkezi olu\u015fturmaya odaklan\u0131r. Daha g\u00fc\u00e7l\u00fc i\u00e7 sistemler ve daha \u00f6l\u00e7eklenebilir operasyonlar isteyen \u015firketler, kurucular ve ekipler i\u00e7in tasarlanm\u0131\u015ft\u0131r. <\/p>\n<p data-start=\"3615\" data-end=\"3835\">Prompt Place\u2019in haz\u0131r konseptiyle yapay zek\u00e2dan daha iyi sonu\u00e7lar\u0131 daha h\u0131zl\u0131 al\u0131n. Bu \u00fcr\u00fcn fikrini; otomasyonla ilgili ara\u00e7lar, i\u00e7 i\u015f ak\u0131\u015f\u0131 sistemleri ve yapay zek\u00e2 destekli operasyonel \u00e7\u00f6z\u00fcmler geli\u015ftirmek i\u00e7in pratik bir temel olarak kullan\u0131n. <\/p>\n<p data-start=\"3837\" data-end=\"4002\">Bu \u00fcr\u00fcn; s\u00fcre\u00e7 otomasyonu, sistem organizasyonu, tekrarlayan g\u00f6revlerin azalt\u0131lmas\u0131, i\u015f ak\u0131\u015f\u0131n\u0131n \u00f6l\u00e7eklendirilmesi ve daha fazlas\u0131 gibi ger\u00e7ek i\u015f ak\u0131\u015flar\u0131 i\u00e7in haz\u0131rlanm\u0131\u015f, indirilebilir bir konsept i\u00e7erir.<\/p>\n<p data-start=\"4004\" data-end=\"4186\">Neler elde edeceksiniz<br data-start=\"4020\" data-end=\"4023\">\u2705 Kullan\u0131ma haz\u0131r bir \u00fcr\u00fcn konsepti dosyas\u0131<br data-start=\"4060\" data-end=\"4063\">\u2705 Otomasyon odakl\u0131 konsept yap\u0131s\u0131<br data-start=\"4101\" data-end=\"4104\">\u2705 Kullan\u0131m senaryosu notlar\u0131 ve i\u015f ak\u0131\u015f\u0131 y\u00f6n\u00fc<br data-start=\"4143\" data-end=\"4146\">\u2705 Daha h\u0131zl\u0131 ba\u015flamak i\u00e7in \u00f6rnek girdiler<\/p>\n<p data-start=\"4188\" data-end=\"4376\">\u00d6nemli<br data-start=\"4201\" data-end=\"4204\">\ud83d\udccc Bu dijital bir indirmedir. Fiziksel bir \u00fcr\u00fcn g\u00f6nderilmeyecektir. <br data-start=\"4268\" data-end=\"4271\">\ud83d\udce9 Sat\u0131n alma i\u015fleminden sonra, planlama, geli\u015ftirme veya \u00fcr\u00fcn ke\u015ffi i\u00e7in kullanabilece\u011finiz konsept dosyas\u0131n\u0131 al\u0131rs\u0131n\u0131z.<\/p>\n<p data-start=\"4378\" data-end=\"4525\">Gereksinimler<br data-start=\"4394\" data-end=\"4397\">Bir yapay zek\u00e2 arac\u0131na eri\u015fim (ChatGPT, Gemini, DeepSeek, Grok vb.)<br data-start=\"4457\" data-end=\"4460\">Otomasyon, operasyonlar veya sistem planlamas\u0131 hakk\u0131nda temel bilgi<\/p>\n","protected":false},"excerpt":{"rendered":"<p>Bu konsept, tekrarlayan g\u00f6revleri y\u00f6netmek, s\u00fcre\u00e7lerin uygulanmas\u0131n\u0131 iyile\u015ftirmek ve manuel i\u015f y\u00fck\u00fcn\u00fc azaltmak i\u00e7in yapay zek\u00e2 destekli merkezi bir otomasyon merkezi olu\u015fturmaya odaklan\u0131r. Daha g\u00fc\u00e7l\u00fc i\u00e7 sistemler ve daha \u00f6l\u00e7eklenebilir operasyonlar isteyen \u015firketler, kurucular ve ekipler i\u00e7in tasarlanm\u0131\u015ft\u0131r. Prompt Place\u2019in haz\u0131r konseptiyle yapay zek\u00e2dan daha iyi sonu\u00e7lar\u0131 daha h\u0131zl\u0131 al\u0131n. Bu \u00fcr\u00fcn fikrini; otomasyonla ilgili [&hellip;]<\/p>\n","protected":false},"featured_media":25120,"comment_status":"open","ping_status":"closed","template":"","meta":[],"product_brand":[],"product_cat":[4078],"product_tag":[],"class_list":{"0":"post-25207","1":"product","2":"type-product","3":"status-publish","4":"has-post-thumbnail","6":"product_cat-urun-konseptleri","8":"first","9":"instock","10":"shipping-taxable","11":"product-type-simple"},"_links":{"self":[{"href":"https:\/\/prompt-place.com\/tr\/wp-json\/wp\/v2\/product\/25207","targetHints":{"allow":["GET"]}}],"collection":[{"href":"https:\/\/prompt-place.com\/tr\/wp-json\/wp\/v2\/product"}],"about":[{"href":"https:\/\/prompt-place.com\/tr\/wp-json\/wp\/v2\/types\/product"}],"replies":[{"embeddable":true,"href":"https:\/\/prompt-place.com\/tr\/wp-json\/wp\/v2\/comments?post=25207"}],"wp:featuredmedia":[{"embeddable":true,"href":"https:\/\/prompt-place.com\/tr\/wp-json\/wp\/v2\/media\/25120"}],"wp:attachment":[{"href":"https:\/\/prompt-place.com\/tr\/wp-json\/wp\/v2\/media?parent=25207"}],"wp:term":[{"taxonomy":"product_brand","embeddable":true,"href":"https:\/\/prompt-place.com\/tr\/wp-json\/wp\/v2\/product_brand?post=25207"},{"taxonomy":"product_cat","embeddable":true,"href":"https:\/\/prompt-place.com\/tr\/wp-json\/wp\/v2\/product_cat?post=25207"},{"taxonomy":"product_tag","embeddable":true,"href":"https:\/\/prompt-place.com\/tr\/wp-json\/wp\/v2\/product_tag?post=25207"}],"curies":[{"name":"wp","href":"https:\/\/api.w.org\/{rel}","templated":true}]}}