{"id":25201,"date":"2026-04-14T11:05:23","date_gmt":"2026-04-14T11:05:23","guid":{"rendered":"https:\/\/prompt-place.com\/product\/akilli-operasyonlar-gosterge-paneli-konsepti\/"},"modified":"2026-04-14T11:05:23","modified_gmt":"2026-04-14T11:05:23","slug":"akilli-operasyonlar-gosterge-paneli-konsepti","status":"publish","type":"product","link":"https:\/\/prompt-place.com\/tr\/urun\/akilli-operasyonlar-gosterge-paneli-konsepti\/","title":{"rendered":"Ak\u0131ll\u0131 Operasyonlar G\u00f6sterge Paneli Konsepti"},"content":{"rendered":"<p data-start=\"1848\" data-end=\"2154\">Bu konsept, i\u00e7 operasyonlar\u0131 y\u00f6netmek, uygulamay\u0131 izlemek ve birden fazla hareketli par\u00e7ay\u0131 tek bir sistem i\u00e7inde d\u00fczenlemek i\u00e7in daha net bir yola ihtiya\u00e7 duyan i\u015fletmeler ve ekipler i\u00e7in haz\u0131rlanm\u0131\u015ft\u0131r. Daha ak\u0131ll\u0131 g\u00f6r\u00fcn\u00fcrl\u00fck, daha g\u00fc\u00e7l\u00fc koordinasyon ve daha yap\u0131land\u0131r\u0131lm\u0131\u015f operasyonel i\u015f ak\u0131\u015flar\u0131n\u0131 desteklemek \u00fczere tasarlanm\u0131\u015ft\u0131r. <\/p>\n<p data-start=\"2156\" data-end=\"2378\">Prompt Place\u2019in haz\u0131r konseptiyle yapay zek\u00e2dan daha iyi sonu\u00e7lar\u0131 daha h\u0131zl\u0131 al\u0131n. Bu konsepti; izleme, s\u00fcre\u00e7 y\u00f6netimi, raporlama ve uygulama deste\u011fine odaklanan g\u00f6sterge paneli tabanl\u0131 \u00e7\u00f6z\u00fcmler olu\u015fturmak i\u00e7in bir temel olarak kullan\u0131n. <\/p>\n<p data-start=\"2380\" data-end=\"2541\">Bu \u00fcr\u00fcn; operasyonel g\u00f6sterge panelleri, g\u00f6rev g\u00f6r\u00fcn\u00fcrl\u00fc\u011f\u00fc, i\u015f takibi, i\u015f ak\u0131\u015f\u0131 izleme ve daha fazlas\u0131 gibi ger\u00e7ek i\u015f ak\u0131\u015flar\u0131 i\u00e7in haz\u0131rlanm\u0131\u015f, indirilebilir bir konsept i\u00e7erir.<\/p>\n<p data-start=\"2543\" data-end=\"2735\">Neler elde edeceksiniz<br data-start=\"2559\" data-end=\"2562\">\u2705 Kullan\u0131ma haz\u0131r bir \u00fcr\u00fcn konsepti dosyas\u0131<br data-start=\"2599\" data-end=\"2602\">\u2705 G\u00f6sterge paneli odakl\u0131 i\u015f ak\u0131\u015f\u0131 konsepti<br data-start=\"2639\" data-end=\"2642\">\u2705 Kullan\u0131m senaryolar\u0131 ve konumland\u0131rma i\u00e7in net bir yap\u0131<br data-start=\"2689\" data-end=\"2692\">\u2705 Daha h\u0131zl\u0131 ba\u015flamak i\u00e7in \u00f6rnek senaryolar<\/p>\n<p data-start=\"2737\" data-end=\"2925\">\u00d6nemli<br data-start=\"2750\" data-end=\"2753\">\ud83d\udccc Bu dijital bir indirmedir. Fiziksel bir \u00fcr\u00fcn g\u00f6nderilmeyecektir. <br data-start=\"2817\" data-end=\"2820\">\ud83d\udce9 Sat\u0131n alma i\u015fleminden sonra, planlama, geli\u015ftirme veya \u00fcr\u00fcn ke\u015ffi i\u00e7in kullanabilece\u011finiz konsept dosyas\u0131n\u0131 al\u0131rs\u0131n\u0131z.<\/p>\n<p data-start=\"2927\" data-end=\"3075\">Gereksinimler<br data-start=\"2943\" data-end=\"2946\">Bir yapay zek\u00e2 arac\u0131na eri\u015fim (ChatGPT, Gemini, DeepSeek, Grok vb.)<br data-start=\"3006\" data-end=\"3009\">G\u00f6sterge panelleri, operasyonlar veya i\u015f sistemleri hakk\u0131nda temel bilgi<\/p>\n","protected":false},"excerpt":{"rendered":"<p>Bu konsept, i\u00e7 operasyonlar\u0131 y\u00f6netmek, uygulamay\u0131 izlemek ve birden fazla hareketli par\u00e7ay\u0131 tek bir sistem i\u00e7inde d\u00fczenlemek i\u00e7in daha net bir yola ihtiya\u00e7 duyan i\u015fletmeler ve ekipler i\u00e7in haz\u0131rlanm\u0131\u015ft\u0131r. Daha ak\u0131ll\u0131 g\u00f6r\u00fcn\u00fcrl\u00fck, daha g\u00fc\u00e7l\u00fc koordinasyon ve daha yap\u0131land\u0131r\u0131lm\u0131\u015f operasyonel i\u015f ak\u0131\u015flar\u0131n\u0131 desteklemek \u00fczere tasarlanm\u0131\u015ft\u0131r. Prompt Place\u2019in haz\u0131r konseptiyle yapay zek\u00e2dan daha iyi sonu\u00e7lar\u0131 daha h\u0131zl\u0131 [&hellip;]<\/p>\n","protected":false},"featured_media":25118,"comment_status":"open","ping_status":"closed","template":"","meta":[],"product_brand":[],"product_cat":[4078],"product_tag":[],"class_list":{"0":"post-25201","1":"product","2":"type-product","3":"status-publish","4":"has-post-thumbnail","6":"product_cat-urun-konseptleri","8":"first","9":"instock","10":"shipping-taxable","11":"product-type-simple"},"_links":{"self":[{"href":"https:\/\/prompt-place.com\/tr\/wp-json\/wp\/v2\/product\/25201","targetHints":{"allow":["GET"]}}],"collection":[{"href":"https:\/\/prompt-place.com\/tr\/wp-json\/wp\/v2\/product"}],"about":[{"href":"https:\/\/prompt-place.com\/tr\/wp-json\/wp\/v2\/types\/product"}],"replies":[{"embeddable":true,"href":"https:\/\/prompt-place.com\/tr\/wp-json\/wp\/v2\/comments?post=25201"}],"wp:featuredmedia":[{"embeddable":true,"href":"https:\/\/prompt-place.com\/tr\/wp-json\/wp\/v2\/media\/25118"}],"wp:attachment":[{"href":"https:\/\/prompt-place.com\/tr\/wp-json\/wp\/v2\/media?parent=25201"}],"wp:term":[{"taxonomy":"product_brand","embeddable":true,"href":"https:\/\/prompt-place.com\/tr\/wp-json\/wp\/v2\/product_brand?post=25201"},{"taxonomy":"product_cat","embeddable":true,"href":"https:\/\/prompt-place.com\/tr\/wp-json\/wp\/v2\/product_cat?post=25201"},{"taxonomy":"product_tag","embeddable":true,"href":"https:\/\/prompt-place.com\/tr\/wp-json\/wp\/v2\/product_tag?post=25201"}],"curies":[{"name":"wp","href":"https:\/\/api.w.org\/{rel}","templated":true}]}}