{"id":25195,"date":"2026-04-14T11:04:34","date_gmt":"2026-04-14T11:04:34","guid":{"rendered":"https:\/\/prompt-place.com\/product\/yapay-zeka-is-akisi-optimizasyon-sistemi\/"},"modified":"2026-04-14T11:04:34","modified_gmt":"2026-04-14T11:04:34","slug":"yapay-zeka-is-akisi-optimizasyon-sistemi","status":"publish","type":"product","link":"https:\/\/prompt-place.com\/tr\/urun\/yapay-zeka-is-akisi-optimizasyon-sistemi\/","title":{"rendered":"Yapay Zek\u00e2 \u0130\u015f Ak\u0131\u015f\u0131 Optimizasyon Sistemi"},"content":{"rendered":"<p data-start=\"357\" data-end=\"641\">Bu \u00fcr\u00fcn konsepti, i\u015f ak\u0131\u015flar\u0131n\u0131 yapay zek\u00e2 ile yap\u0131land\u0131rmak ve optimize etmek isteyen i\u015fletmeler, dan\u0131\u015fmanlar ve ekipler i\u00e7in tasarlanm\u0131\u015ft\u0131r. G\u00fcnl\u00fck operasyonlar i\u00e7in y\u00fcr\u00fctmeyi iyile\u015ftirmeye, gereksiz manuel i\u015fi azaltmaya ve daha ak\u0131ll\u0131 i\u00e7 sistemler olu\u015fturmaya odaklan\u0131r. <\/p>\n<p data-start=\"643\" data-end=\"900\">Prompt Place\u2019in haz\u0131r konseptiyle yapay zek\u00e2dan daha iyi sonu\u00e7lar\u0131 daha h\u0131zl\u0131 al\u0131n. Bu \u00fcr\u00fcn fikrini, daha net bir yap\u0131 ve daha g\u00fc\u00e7l\u00fc tutarl\u0131l\u0131kla i\u015f ak\u0131\u015f\u0131 \u00e7\u00f6z\u00fcmleri, otomasyon odakl\u0131 sistemler ve operasyonel destek ara\u00e7lar\u0131 geli\u015ftirmek i\u00e7in bir ba\u015flang\u0131\u00e7 noktas\u0131 olarak kullan\u0131n. <\/p>\n<p data-start=\"902\" data-end=\"1058\">Bu \u00fcr\u00fcn; g\u00f6rev y\u00f6netimi, i\u00e7 operasyonlar, s\u00fcre\u00e7 iyile\u015ftirme, uygulama sistemleri ve daha fazlas\u0131 gibi ger\u00e7ek i\u015f ak\u0131\u015flar\u0131 i\u00e7in haz\u0131rlanm\u0131\u015f, indirilebilir bir konsept i\u00e7erir.<\/p>\n<p data-start=\"1060\" data-end=\"1270\">Neler elde edeceksiniz<br data-start=\"1076\" data-end=\"1079\">\u2705 Kullan\u0131ma haz\u0131r bir \u00fcr\u00fcn konsepti dosyas\u0131<br data-start=\"1116\" data-end=\"1119\">\u2705 Net bir konsept yap\u0131s\u0131 ve kullan\u0131m senaryosu y\u00f6nlendirmesi<br data-start=\"1167\" data-end=\"1170\">\u2705 Pratik uygulama notlar\u0131 ve fikir \u00e7er\u00e7evesi<br data-start=\"1221\" data-end=\"1224\">\u2705 Daha h\u0131zl\u0131 ba\u015flamak i\u00e7in \u00f6rnek uygulamalar<\/p>\n<p data-start=\"1272\" data-end=\"1460\">\u00d6nemli<br data-start=\"1285\" data-end=\"1288\">\ud83d\udccc Bu dijital bir indirmedir. Fiziksel bir \u00fcr\u00fcn g\u00f6nderilmeyecektir. <br data-start=\"1352\" data-end=\"1355\">\ud83d\udce9 Sat\u0131n alma i\u015fleminden sonra, planlama, geli\u015ftirme veya \u00fcr\u00fcn ke\u015ffi i\u00e7in kullanabilece\u011finiz konsept dosyas\u0131n\u0131 al\u0131rs\u0131n\u0131z.<\/p>\n<p data-start=\"1462\" data-end=\"1606\">Gereksinimler<br data-start=\"1478\" data-end=\"1481\">Bir yapay zek\u00e2 arac\u0131na eri\u015fim (ChatGPT, Gemini, DeepSeek, Grok vb.)<br data-start=\"1541\" data-end=\"1544\">\u0130\u015f ak\u0131\u015flar\u0131, sistemler veya \u00fcr\u00fcn planlamas\u0131 hakk\u0131nda temel bilgi<\/p>\n","protected":false},"excerpt":{"rendered":"<p>Bu \u00fcr\u00fcn konsepti, i\u015f ak\u0131\u015flar\u0131n\u0131 yapay zek\u00e2 ile yap\u0131land\u0131rmak ve optimize etmek isteyen i\u015fletmeler, dan\u0131\u015fmanlar ve ekipler i\u00e7in tasarlanm\u0131\u015ft\u0131r. G\u00fcnl\u00fck operasyonlar i\u00e7in y\u00fcr\u00fctmeyi iyile\u015ftirmeye, gereksiz manuel i\u015fi azaltmaya ve daha ak\u0131ll\u0131 i\u00e7 sistemler olu\u015fturmaya odaklan\u0131r. Prompt Place\u2019in haz\u0131r konseptiyle yapay zek\u00e2dan daha iyi sonu\u00e7lar\u0131 daha h\u0131zl\u0131 al\u0131n. Bu \u00fcr\u00fcn fikrini, daha net bir yap\u0131 ve [&hellip;]<\/p>\n","protected":false},"featured_media":25117,"comment_status":"open","ping_status":"closed","template":"","meta":[],"product_brand":[],"product_cat":[4078],"product_tag":[],"class_list":{"0":"post-25195","1":"product","2":"type-product","3":"status-publish","4":"has-post-thumbnail","6":"product_cat-urun-konseptleri","8":"first","9":"instock","10":"shipping-taxable","11":"product-type-simple"},"_links":{"self":[{"href":"https:\/\/prompt-place.com\/tr\/wp-json\/wp\/v2\/product\/25195","targetHints":{"allow":["GET"]}}],"collection":[{"href":"https:\/\/prompt-place.com\/tr\/wp-json\/wp\/v2\/product"}],"about":[{"href":"https:\/\/prompt-place.com\/tr\/wp-json\/wp\/v2\/types\/product"}],"replies":[{"embeddable":true,"href":"https:\/\/prompt-place.com\/tr\/wp-json\/wp\/v2\/comments?post=25195"}],"wp:featuredmedia":[{"embeddable":true,"href":"https:\/\/prompt-place.com\/tr\/wp-json\/wp\/v2\/media\/25117"}],"wp:attachment":[{"href":"https:\/\/prompt-place.com\/tr\/wp-json\/wp\/v2\/media?parent=25195"}],"wp:term":[{"taxonomy":"product_brand","embeddable":true,"href":"https:\/\/prompt-place.com\/tr\/wp-json\/wp\/v2\/product_brand?post=25195"},{"taxonomy":"product_cat","embeddable":true,"href":"https:\/\/prompt-place.com\/tr\/wp-json\/wp\/v2\/product_cat?post=25195"},{"taxonomy":"product_tag","embeddable":true,"href":"https:\/\/prompt-place.com\/tr\/wp-json\/wp\/v2\/product_tag?post=25195"}],"curies":[{"name":"wp","href":"https:\/\/api.w.org\/{rel}","templated":true}]}}