{"id":25189,"date":"2026-04-14T10:50:41","date_gmt":"2026-04-14T10:50:41","guid":{"rendered":"https:\/\/prompt-place.com\/product\/yapay-zeka-icerik-sistemleri-kursu\/"},"modified":"2026-04-14T10:50:41","modified_gmt":"2026-04-14T10:50:41","slug":"yapay-zeka-icerik-sistemleri-kursu","status":"publish","type":"product","link":"https:\/\/prompt-place.com\/tr\/urun\/yapay-zeka-icerik-sistemleri-kursu\/","title":{"rendered":"Yapay Zek\u00e2 \u0130\u00e7erik Sistemleri Kursu"},"content":{"rendered":"<p data-start=\"3500\" data-end=\"3820\">Bu kurs, kullan\u0131c\u0131lar\u0131n her \u015feyi s\u0131f\u0131rdan manuel olarak \u00fcretmek yerine yapay zek\u00e2 ile daha iyi i\u00e7erik sistemleri kurmalar\u0131na yard\u0131mc\u0131 olur. \u0130\u00e7erik \u00fcreticileri, pazarlamac\u0131lar, freelancerlar ve daha yap\u0131land\u0131r\u0131lm\u0131\u015f bir yakla\u015f\u0131mla fikir \u00fcretimini, yaz\u0131m\u0131, d\u00fczenlemeyi ve i\u00e7erik planlamas\u0131n\u0131 geli\u015ftirmek isteyen i\u015fletme sahipleri i\u00e7in haz\u0131rlanm\u0131\u015ft\u0131r. <\/p>\n<p data-start=\"3822\" data-end=\"4033\">Prompt Place\u2019in pratik kursuyla yapay zek\u00e2dan daha iyi sonu\u00e7lar\u0131 daha h\u0131zl\u0131 al\u0131n. \u0130\u00e7erik i\u015f ak\u0131\u015flar\u0131n\u0131 nas\u0131l d\u00fczenleyece\u011finizi, prompt kalitesini nas\u0131l art\u0131raca\u011f\u0131n\u0131z\u0131 ve daha az tekrar denemeyle, daha fazla kontrol sa\u011flayarak daha g\u00fc\u00e7l\u00fc i\u00e7erikler \u00fcretmeyi \u00f6\u011frenin. <\/p>\n<p data-start=\"4035\" data-end=\"4181\">Bu \u00fcr\u00fcn; i\u00e7erik planlamas\u0131, yaz\u0131m, yeniden kullan\u0131m, d\u00fczenleme, kampanya deste\u011fi ve daha fazlas\u0131 gibi ger\u00e7ek i\u015f ak\u0131\u015flar\u0131 i\u00e7in haz\u0131rlanm\u0131\u015f, indirilebilir bir kurs i\u00e7erir.<\/p>\n<p data-start=\"4183\" data-end=\"4369\">Neler elde edeceksiniz<br data-start=\"4199\" data-end=\"4202\">\u2705 Kolayca takip edilebilen dijital bir \u043a\u0443\u0440\u0441<br data-start=\"4236\" data-end=\"4239\">\u2705 Yapay zek\u00e2 i\u00e7erik i\u015f ak\u0131\u015f\u0131 \u00e7er\u00e7eveleri<br data-start=\"4271\" data-end=\"4274\">\u2705 Pratik prompt \u00f6rnekleri ve i\u00e7erik sistemleri<br data-start=\"4321\" data-end=\"4324\">\u2705 \u0130ndirilebilir kaynaklar ve \u00f6rnek girdiler<\/p>\n<p data-start=\"4371\" data-end=\"4542\">\u00d6nemli<strong data-start=\"4371\" data-end=\"4384\"><\/strong>\ud83d\udccc Bu dijital bir \u00fcr\u00fcnd\u00fcr. Fiziksel bir \u00fcr\u00fcn g\u00f6nderilmeyecektir. <br data-start=\"4450\" data-end=\"4453\">\ud83d\udce9 Sat\u0131n alma i\u015fleminden sonra kurs materyallerine ve indirilebilir kaynaklara eri\u015fim elde edersiniz.<\/p>\n<p data-start=\"4544\" data-end=\"4682\">Gereksinimler<br data-start=\"4560\" data-end=\"4563\">Bir yapay zek\u00e2 arac\u0131na eri\u015fim (ChatGPT, Gemini, DeepSeek, Grok vb.)<br data-start=\"4623\" data-end=\"4626\">\u0130\u00e7erik \u00fcretimi ve prompt kullan\u0131m\u0131 hakk\u0131nda temel bilgi<\/p>\n","protected":false},"excerpt":{"rendered":"<p>Bu kurs, kullan\u0131c\u0131lar\u0131n her \u015feyi s\u0131f\u0131rdan manuel olarak \u00fcretmek yerine yapay zek\u00e2 ile daha iyi i\u00e7erik sistemleri kurmalar\u0131na yard\u0131mc\u0131 olur. \u0130\u00e7erik \u00fcreticileri, pazarlamac\u0131lar, freelancerlar ve daha yap\u0131land\u0131r\u0131lm\u0131\u015f bir yakla\u015f\u0131mla fikir \u00fcretimini, yaz\u0131m\u0131, d\u00fczenlemeyi ve i\u00e7erik planlamas\u0131n\u0131 geli\u015ftirmek isteyen i\u015fletme sahipleri i\u00e7in haz\u0131rlanm\u0131\u015ft\u0131r. Prompt Place\u2019in pratik kursuyla yapay zek\u00e2dan daha iyi sonu\u00e7lar\u0131 daha h\u0131zl\u0131 al\u0131n. \u0130\u00e7erik [&hellip;]<\/p>\n","protected":false},"featured_media":25111,"comment_status":"open","ping_status":"closed","template":"","meta":[],"product_brand":[],"product_cat":[4075],"product_tag":[],"class_list":{"0":"post-25189","1":"product","2":"type-product","3":"status-publish","4":"has-post-thumbnail","6":"product_cat-kurslar","8":"first","9":"instock","10":"shipping-taxable","11":"product-type-simple"},"_links":{"self":[{"href":"https:\/\/prompt-place.com\/tr\/wp-json\/wp\/v2\/product\/25189","targetHints":{"allow":["GET"]}}],"collection":[{"href":"https:\/\/prompt-place.com\/tr\/wp-json\/wp\/v2\/product"}],"about":[{"href":"https:\/\/prompt-place.com\/tr\/wp-json\/wp\/v2\/types\/product"}],"replies":[{"embeddable":true,"href":"https:\/\/prompt-place.com\/tr\/wp-json\/wp\/v2\/comments?post=25189"}],"wp:featuredmedia":[{"embeddable":true,"href":"https:\/\/prompt-place.com\/tr\/wp-json\/wp\/v2\/media\/25111"}],"wp:attachment":[{"href":"https:\/\/prompt-place.com\/tr\/wp-json\/wp\/v2\/media?parent=25189"}],"wp:term":[{"taxonomy":"product_brand","embeddable":true,"href":"https:\/\/prompt-place.com\/tr\/wp-json\/wp\/v2\/product_brand?post=25189"},{"taxonomy":"product_cat","embeddable":true,"href":"https:\/\/prompt-place.com\/tr\/wp-json\/wp\/v2\/product_cat?post=25189"},{"taxonomy":"product_tag","embeddable":true,"href":"https:\/\/prompt-place.com\/tr\/wp-json\/wp\/v2\/product_tag?post=25189"}],"curies":[{"name":"wp","href":"https:\/\/api.w.org\/{rel}","templated":true}]}}