{"id":25183,"date":"2026-04-14T10:17:22","date_gmt":"2026-04-14T10:17:22","guid":{"rendered":"https:\/\/prompt-place.com\/product\/yapay-zeka-otomasyon-kursu\/"},"modified":"2026-04-14T10:17:22","modified_gmt":"2026-04-14T10:17:22","slug":"yapay-zeka-otomasyon-kursu","status":"publish","type":"product","link":"https:\/\/prompt-place.com\/tr\/urun\/yapay-zeka-otomasyon-kursu\/","title":{"rendered":"Yapay Zek\u00e2 Otomasyon Kursu"},"content":{"rendered":"<p>Bu kurs, basit prompt kullan\u0131m\u0131n\u0131n \u00f6tesine ge\u00e7mek ve yapay zek\u00e2y\u0131 ger\u00e7ek bir verimlilik ve otomasyon arac\u0131 olarak kullanmaya ba\u015flamak isteyen profesyoneller i\u00e7in tasarlanm\u0131\u015ft\u0131r. Kurucular\u0131n, freelancerlar\u0131n, dan\u0131\u015fmanlar\u0131n, pazarlamac\u0131lar\u0131n ve ekiplerin manuel i\u015fi azaltmas\u0131na, uygulama h\u0131z\u0131n\u0131 art\u0131rmas\u0131na ve daha ak\u0131ll\u0131 s\u00fcre\u00e7ler olu\u015fturmas\u0131na yard\u0131mc\u0131 olur. <\/p>\n<p>Bu kurs, basit prompt kullan\u0131m\u0131n\u0131n \u00f6tesine ge\u00e7mek ve yapay zek\u00e2y\u0131 ger\u00e7ek bir verimlilik ve otomasyon arac\u0131 olarak kullanmaya ba\u015flamak isteyen profesyoneller i\u00e7in tasarlanm\u0131\u015ft\u0131r. Kurucular\u0131n, freelancerlar\u0131n, dan\u0131\u015fmanlar\u0131n, pazarlamac\u0131lar\u0131n ve ekiplerin manuel i\u015fi azaltmas\u0131na, uygulama h\u0131z\u0131n\u0131 art\u0131rmas\u0131na ve daha ak\u0131ll\u0131 s\u00fcre\u00e7ler olu\u015fturmas\u0131na yard\u0131mc\u0131 olur. <\/p>\n<p>Neler elde edeceksiniz<br \/>\u2705 Yapay zek\u00e2 otomasyonuna odaklanan pratik bir dijital kurs<br \/>\u2705 Ad\u0131m ad\u0131m dersler ve yap\u0131land\u0131r\u0131lm\u0131\u015f mod\u00fcller<br \/>\u2705 \u0130ndirilebilir i\u015f ak\u0131\u015f\u0131 \u00f6rnekleri ve \u015fablonlar<br \/>\u2705 A\u00e7\u0131k kullan\u0131m senaryolar\u0131 ve \u00f6rnek girdilerBu \u00fcr\u00fcn; g\u00f6rev otomasyonu, i\u015f ak\u0131\u015f\u0131 iyile\u015ftirmesi, i\u00e7 s\u00fcre\u00e7ler, i\u00e7erik operasyonlar\u0131, i\u015f deste\u011fi ve daha fazlas\u0131 gibi ger\u00e7ek i\u015f ak\u0131\u015flar\u0131 i\u00e7in haz\u0131rlanm\u0131\u015f, indirilebilir bir kurs i\u00e7erir.<\/p>\n<p>What you get<br \/>\n\u2705 A practical digital course focused on AI automation<br \/>\n\u2705 Step-by-step lessons and structured modules<br \/>\n\u2705 Downloadable workflow examples and templates<br \/>\n\u2705 Clear use cases and example inputs<\/p>\n<p>\u00d6nemli<br \/>\n\ud83d\udccc Bu dijital bir \u00fcr\u00fcnd\u00fcr. Fiziksel bir \u00fcr\u00fcn g\u00f6nderilmeyecektir.<br \/>\n\ud83d\udce9 Sat\u0131n alma i\u015fleminden sonra kurs materyallerine ve indirilebilir kaynaklara eri\u015fim elde edersiniz.<\/p>\n<p>Gereksinimler<br \/>\nBir yapay zek\u00e2 arac\u0131na eri\u015fim (ChatGPT, Gemini, DeepSeek, Grok vb.)<br \/>\nPromptlar\u0131n nas\u0131l kullan\u0131laca\u011f\u0131na dair temel bilgi<\/p>\n","protected":false},"excerpt":{"rendered":"<p>Bu kurs, basit prompt kullan\u0131m\u0131n\u0131n \u00f6tesine ge\u00e7mek ve yapay zek\u00e2y\u0131 ger\u00e7ek bir verimlilik ve otomasyon arac\u0131 olarak kullanmaya ba\u015flamak isteyen profesyoneller i\u00e7in tasarlanm\u0131\u015ft\u0131r. Kurucular\u0131n, freelancerlar\u0131n, dan\u0131\u015fmanlar\u0131n, pazarlamac\u0131lar\u0131n ve ekiplerin manuel i\u015fi azaltmas\u0131na, uygulama h\u0131z\u0131n\u0131 art\u0131rmas\u0131na ve daha ak\u0131ll\u0131 s\u00fcre\u00e7ler olu\u015fturmas\u0131na yard\u0131mc\u0131 olur. Bu kurs, basit prompt kullan\u0131m\u0131n\u0131n \u00f6tesine ge\u00e7mek ve yapay zek\u00e2y\u0131 ger\u00e7ek bir verimlilik [&hellip;]<\/p>\n","protected":false},"featured_media":25108,"comment_status":"open","ping_status":"closed","template":"","meta":[],"product_brand":[],"product_cat":[4075],"product_tag":[],"class_list":{"0":"post-25183","1":"product","2":"type-product","3":"status-publish","4":"has-post-thumbnail","6":"product_cat-kurslar","8":"first","9":"instock","10":"shipping-taxable","11":"product-type-simple"},"_links":{"self":[{"href":"https:\/\/prompt-place.com\/tr\/wp-json\/wp\/v2\/product\/25183","targetHints":{"allow":["GET"]}}],"collection":[{"href":"https:\/\/prompt-place.com\/tr\/wp-json\/wp\/v2\/product"}],"about":[{"href":"https:\/\/prompt-place.com\/tr\/wp-json\/wp\/v2\/types\/product"}],"replies":[{"embeddable":true,"href":"https:\/\/prompt-place.com\/tr\/wp-json\/wp\/v2\/comments?post=25183"}],"wp:featuredmedia":[{"embeddable":true,"href":"https:\/\/prompt-place.com\/tr\/wp-json\/wp\/v2\/media\/25108"}],"wp:attachment":[{"href":"https:\/\/prompt-place.com\/tr\/wp-json\/wp\/v2\/media?parent=25183"}],"wp:term":[{"taxonomy":"product_brand","embeddable":true,"href":"https:\/\/prompt-place.com\/tr\/wp-json\/wp\/v2\/product_brand?post=25183"},{"taxonomy":"product_cat","embeddable":true,"href":"https:\/\/prompt-place.com\/tr\/wp-json\/wp\/v2\/product_cat?post=25183"},{"taxonomy":"product_tag","embeddable":true,"href":"https:\/\/prompt-place.com\/tr\/wp-json\/wp\/v2\/product_tag?post=25183"}],"curies":[{"name":"wp","href":"https:\/\/api.w.org\/{rel}","templated":true}]}}