{"id":25176,"date":"2026-04-14T06:57:55","date_gmt":"2026-04-14T06:57:55","guid":{"rendered":"https:\/\/prompt-place.com\/product\/is-dunyasi-icin-prompt-engineering-ogrenin\/"},"modified":"2026-04-14T06:57:55","modified_gmt":"2026-04-14T06:57:55","slug":"is-dunyasi-icin-prompt-engineering-ogrenin","status":"publish","type":"product","link":"https:\/\/prompt-place.com\/tr\/urun\/is-dunyasi-icin-prompt-engineering-ogrenin\/","title":{"rendered":"\u0130\u015f D\u00fcnyas\u0131 \u0130\u00e7in Prompt Engineering \u00d6\u011frenin"},"content":{"rendered":"<p>Bu kurs, kullan\u0131c\u0131lar\u0131n basit talimatlar\u0131 ger\u00e7ek i\u015f kullan\u0131m\u0131na uygun, yap\u0131land\u0131r\u0131lm\u0131\u015f ve y\u00fcksek performansl\u0131 promptlara d\u00f6n\u00fc\u015ft\u00fcrmeyi \u00f6\u011frenmelerini sa\u011flar. Giri\u015fimcilerin, freelancerlar\u0131n, dan\u0131\u015fmanlar\u0131n, pazarlamac\u0131lar\u0131n ve ekiplerin yapay zek\u00e2 ara\u00e7lar\u0131ndan daha do\u011fru, tutarl\u0131 ve faydal\u0131 sonu\u00e7lar almas\u0131na yard\u0131mc\u0131 olur. <\/p>\n<p>Prompt Place\u2019in pratik kursuyla yapay zek\u00e2dan daha iyi sonu\u00e7lar\u0131 daha h\u0131zl\u0131 al\u0131n. Promptlar\u0131 nas\u0131l yap\u0131land\u0131raca\u011f\u0131n\u0131z\u0131, zay\u0131f \u00e7\u0131kt\u0131lar\u0131 nas\u0131l azaltaca\u011f\u0131n\u0131z\u0131 ve deneme yan\u0131lmay\u0131 en aza indirerek isteklerinizin kalitesini nas\u0131l art\u0131raca\u011f\u0131n\u0131z\u0131 \u00f6\u011frenin. <\/p>\n<p>Bu \u00fcr\u00fcn; i\u015f planlamas\u0131, ileti\u015fim, pazarlama, operasyonlar, ara\u015ft\u0131rma, i\u00e7erik \u00fcretimi ve daha fazlas\u0131 gibi ger\u00e7ek i\u015f ak\u0131\u015flar\u0131 i\u00e7in haz\u0131rlanm\u0131\u015f, indirilebilir bir kurs i\u00e7erir.<\/p>\n<p>Neler elde edeceksiniz<br \/>\n\u2705 Pratik dersler i\u00e7eren yap\u0131land\u0131r\u0131lm\u0131\u015f bir dijital \u043a\u0443\u0440\u0441<br \/>\n\u2705 Kullan\u0131ma haz\u0131r prompt \u00e7er\u00e7eveleri<br \/>\n\u2705 A\u00e7\u0131k a\u00e7\u0131klamalar ve ger\u00e7ek i\u015f \u00f6rnekleri<br \/>\n\u2705 \u0130ndirilebilir materyaller ve \u00f6rnek girdiler<\/p>\n<p>\u00d6nemli<br \/>\n\ud83d\udccc Bu dijital bir \u00fcr\u00fcnd\u00fcr. Fiziksel bir \u00fcr\u00fcn g\u00f6nderilmeyecektir.<br \/>\n\ud83d\udce9 Sat\u0131n alma i\u015fleminden sonra kurs materyallerine ve indirilebilir kaynaklara eri\u015fim elde edersiniz.<\/p>\n<p>Gereksinimler<br \/>\nBir yapay zek\u00e2 arac\u0131na eri\u015fim (ChatGPT, Gemini, DeepSeek, Grok vb.)<br \/>\nPromptlar\u0131n nas\u0131l kullan\u0131laca\u011f\u0131na dair temel bilgi<\/p>\n","protected":false},"excerpt":{"rendered":"<p>Bu kurs, kullan\u0131c\u0131lar\u0131n basit talimatlar\u0131 ger\u00e7ek i\u015f kullan\u0131m\u0131na uygun, yap\u0131land\u0131r\u0131lm\u0131\u015f ve y\u00fcksek performansl\u0131 promptlara d\u00f6n\u00fc\u015ft\u00fcrmeyi \u00f6\u011frenmelerini sa\u011flar. Giri\u015fimcilerin, freelancerlar\u0131n, dan\u0131\u015fmanlar\u0131n, pazarlamac\u0131lar\u0131n ve ekiplerin yapay zek\u00e2 ara\u00e7lar\u0131ndan daha do\u011fru, tutarl\u0131 ve faydal\u0131 sonu\u00e7lar almas\u0131na yard\u0131mc\u0131 olur. Prompt Place\u2019in pratik kursuyla yapay zek\u00e2dan daha iyi sonu\u00e7lar\u0131 daha h\u0131zl\u0131 al\u0131n. Promptlar\u0131 nas\u0131l yap\u0131land\u0131raca\u011f\u0131n\u0131z\u0131, zay\u0131f \u00e7\u0131kt\u0131lar\u0131 nas\u0131l azaltaca\u011f\u0131n\u0131z\u0131 ve [&hellip;]<\/p>\n","protected":false},"featured_media":25105,"comment_status":"open","ping_status":"closed","template":"","meta":[],"product_brand":[],"product_cat":[4075],"product_tag":[],"class_list":{"0":"post-25176","1":"product","2":"type-product","3":"status-publish","4":"has-post-thumbnail","6":"product_cat-kurslar","8":"first","9":"instock","10":"shipping-taxable","11":"product-type-simple"},"_links":{"self":[{"href":"https:\/\/prompt-place.com\/tr\/wp-json\/wp\/v2\/product\/25176","targetHints":{"allow":["GET"]}}],"collection":[{"href":"https:\/\/prompt-place.com\/tr\/wp-json\/wp\/v2\/product"}],"about":[{"href":"https:\/\/prompt-place.com\/tr\/wp-json\/wp\/v2\/types\/product"}],"replies":[{"embeddable":true,"href":"https:\/\/prompt-place.com\/tr\/wp-json\/wp\/v2\/comments?post=25176"}],"wp:featuredmedia":[{"embeddable":true,"href":"https:\/\/prompt-place.com\/tr\/wp-json\/wp\/v2\/media\/25105"}],"wp:attachment":[{"href":"https:\/\/prompt-place.com\/tr\/wp-json\/wp\/v2\/media?parent=25176"}],"wp:term":[{"taxonomy":"product_brand","embeddable":true,"href":"https:\/\/prompt-place.com\/tr\/wp-json\/wp\/v2\/product_brand?post=25176"},{"taxonomy":"product_cat","embeddable":true,"href":"https:\/\/prompt-place.com\/tr\/wp-json\/wp\/v2\/product_cat?post=25176"},{"taxonomy":"product_tag","embeddable":true,"href":"https:\/\/prompt-place.com\/tr\/wp-json\/wp\/v2\/product_tag?post=25176"}],"curies":[{"name":"wp","href":"https:\/\/api.w.org\/{rel}","templated":true}]}}