{"id":25171,"date":"2026-04-09T13:57:46","date_gmt":"2026-04-09T13:57:46","guid":{"rendered":"https:\/\/prompt-place.com\/product\/e-ticaret-paketi\/"},"modified":"2026-04-09T13:57:46","modified_gmt":"2026-04-09T13:57:46","slug":"e-ticaret-paketi","status":"publish","type":"product","link":"https:\/\/prompt-place.com\/tr\/urun\/e-ticaret-paketi\/","title":{"rendered":"E-Ticaret Paketi"},"content":{"rendered":"<p data-start=\"689\" data-end=\"909\">E-Ticaret Paketi, daha h\u0131zl\u0131 i\u015f ak\u0131\u015flar\u0131 ve daha g\u00fc\u00e7l\u00fc sat\u0131\u015f i\u00e7erikleri isteyen online ma\u011fazalar, dijital markalar, pazarlamac\u0131lar ve e-ticaret ekipleri i\u00e7in haz\u0131rlanm\u0131\u015f premium bir yapay zek\u00e2 prompt koleksiyonudur.<\/p>\n<p data-start=\"911\" data-end=\"1202\">Bu paket, i\u00e7erik \u00fcretimini kolayla\u015ft\u0131rmak ve \u00fcr\u00fcn sayfalar\u0131, reklamlar, e-postalar ve tan\u0131t\u0131m materyalleri genelinde ileti\u015fim kalitesini art\u0131rmak i\u00e7in tasarlanm\u0131\u015ft\u0131r. S\u0131f\u0131rdan yazmak i\u00e7in saatler harcamak yerine, daha k\u0131sa s\u00fcrede daha iyi sonu\u00e7lar olu\u015fturman\u0131za yard\u0131mc\u0131 olan pratik bir prompt seti elde edersiniz. <\/p>\n<p data-start=\"1204\" data-end=\"1379\">\u0130ster yeni \u00fcr\u00fcnler piyasaya s\u00fcr\u00fcyor, ister mevcut bir ma\u011fazay\u0131 b\u00fcy\u00fct\u00fcyor ya da pazarlama s\u00fcrecinizi geli\u015ftiriyor olun, bu paket size g\u00fcnl\u00fck e-ticaret g\u00f6revleri i\u00e7in kullan\u0131ma haz\u0131r ara\u00e7lar sunar.<\/p>\n<p data-start=\"1381\" data-end=\"1403\"><strong data-start=\"1381\" data-end=\"1401\">Neler dahil?<\/strong><\/p>\n<ul data-start=\"1404\" data-end=\"1567\">\n<li data-section-id=\"1rooiuq\" data-start=\"1404\" data-end=\"1435\">\u00dcr\u00fcn a\u00e7\u0131klamas\u0131 promptlar\u0131<\/li>\n<li data-section-id=\"1a3yhxu\" data-start=\"1436\" data-end=\"1458\">Sat\u0131\u015f metni promptlar\u0131<\/li>\n<li data-section-id=\"18kfww1\" data-start=\"1459\" data-end=\"1482\">Reklam kreatifi promptlar\u0131<\/li>\n<li data-section-id=\"1ugfswn\" data-start=\"1483\" data-end=\"1510\">E-posta pazarlama promptlar\u0131<\/li>\n<li data-section-id=\"14zh8wf\" data-start=\"1511\" data-end=\"1534\">SEO i\u00e7erik promptlar\u0131<\/li>\n<li data-section-id=\"1koigf3\" data-start=\"1535\" data-end=\"1567\">Promosyon kampanyas\u0131 promptlar\u0131<\/li>\n<\/ul>\n<p data-start=\"1569\" data-end=\"1598\"><strong data-start=\"1569\" data-end=\"1596\">Neden bu paketi se\u00e7melisiniz?<\/strong><\/p>\n<ul data-start=\"1599\" data-end=\"1793\">\n<li data-section-id=\"1pqjrgo\" data-start=\"1599\" data-end=\"1641\">Tekrarlayan i\u00e7erik g\u00f6revlerinde zaman kazand\u0131r\u0131r<\/li>\n<li data-section-id=\"c060dt\" data-start=\"1642\" data-end=\"1690\">Daha profesyonel sat\u0131\u015f i\u00e7erikleri olu\u015fturmaya yard\u0131mc\u0131 olur<\/li>\n<li data-section-id=\"1o54tbh\" data-start=\"1691\" data-end=\"1742\">Ma\u011faza b\u00fcy\u00fcmesini ve pazarlama performans\u0131n\u0131 destekler<\/li>\n<li data-section-id=\"1nuzt40\" data-start=\"1743\" data-end=\"1793\">Markalar, freelancerlar ve ajanslar i\u00e7in uygundur<\/li>\n<\/ul>\n","protected":false},"excerpt":{"rendered":"<p>E-Ticaret Paketi, daha h\u0131zl\u0131 i\u015f ak\u0131\u015flar\u0131 ve daha g\u00fc\u00e7l\u00fc sat\u0131\u015f i\u00e7erikleri isteyen online ma\u011fazalar, dijital markalar, pazarlamac\u0131lar ve e-ticaret ekipleri i\u00e7in haz\u0131rlanm\u0131\u015f premium bir yapay zek\u00e2 prompt koleksiyonudur. Bu paket, i\u00e7erik \u00fcretimini kolayla\u015ft\u0131rmak ve \u00fcr\u00fcn sayfalar\u0131, reklamlar, e-postalar ve tan\u0131t\u0131m materyalleri genelinde ileti\u015fim kalitesini art\u0131rmak i\u00e7in tasarlanm\u0131\u015ft\u0131r. S\u0131f\u0131rdan yazmak i\u00e7in saatler harcamak yerine, daha k\u0131sa [&hellip;]<\/p>\n","protected":false},"featured_media":24996,"comment_status":"open","ping_status":"closed","template":"","meta":[],"product_brand":[],"product_cat":[4072],"product_tag":[],"class_list":{"0":"post-25171","1":"product","2":"type-product","3":"status-publish","4":"has-post-thumbnail","6":"product_cat-paketler","8":"first","9":"instock","10":"shipping-taxable","11":"product-type-simple"},"_links":{"self":[{"href":"https:\/\/prompt-place.com\/tr\/wp-json\/wp\/v2\/product\/25171","targetHints":{"allow":["GET"]}}],"collection":[{"href":"https:\/\/prompt-place.com\/tr\/wp-json\/wp\/v2\/product"}],"about":[{"href":"https:\/\/prompt-place.com\/tr\/wp-json\/wp\/v2\/types\/product"}],"replies":[{"embeddable":true,"href":"https:\/\/prompt-place.com\/tr\/wp-json\/wp\/v2\/comments?post=25171"}],"wp:featuredmedia":[{"embeddable":true,"href":"https:\/\/prompt-place.com\/tr\/wp-json\/wp\/v2\/media\/24996"}],"wp:attachment":[{"href":"https:\/\/prompt-place.com\/tr\/wp-json\/wp\/v2\/media?parent=25171"}],"wp:term":[{"taxonomy":"product_brand","embeddable":true,"href":"https:\/\/prompt-place.com\/tr\/wp-json\/wp\/v2\/product_brand?post=25171"},{"taxonomy":"product_cat","embeddable":true,"href":"https:\/\/prompt-place.com\/tr\/wp-json\/wp\/v2\/product_cat?post=25171"},{"taxonomy":"product_tag","embeddable":true,"href":"https:\/\/prompt-place.com\/tr\/wp-json\/wp\/v2\/product_tag?post=25171"}],"curies":[{"name":"wp","href":"https:\/\/api.w.org\/{rel}","templated":true}]}}