{"id":25165,"date":"2026-04-09T13:54:01","date_gmt":"2026-04-09T13:54:01","guid":{"rendered":"https:\/\/prompt-place.com\/product\/20-prompt\/"},"modified":"2026-04-09T13:54:01","modified_gmt":"2026-04-09T13:54:01","slug":"20-prompt","status":"publish","type":"product","link":"https:\/\/prompt-place.com\/tr\/urun\/20-prompt\/","title":{"rendered":"20 Prompt"},"content":{"rendered":"<p data-start=\"705\" data-end=\"1075\">20 Prompt Paketi, daha fazla esneklik, daha fazla kullan\u0131m alan\u0131 ve tek pakette daha fazla de\u011fer isteyen kullan\u0131c\u0131lar i\u00e7in haz\u0131rlanm\u0131\u015f geni\u015fletilmi\u015f premium bir pakettir.<br data-start=\"875\" data-end=\"878\">Bu koleksiyon; i\u00e7erik \u00fcretimi, pazarlama g\u00f6revleri, i\u015f ileti\u015fimi, fikir \u00fcretimi, sat\u0131\u015f mesajlar\u0131 ve g\u00fcnl\u00fck verimlilik i\u00e7in destek sa\u011flamak \u00fczere \u00f6zenle haz\u0131rlanm\u0131\u015f 20 yapay zek\u00e2 promptu i\u00e7erir.<\/p>\n<p data-start=\"1077\" data-end=\"1326\">Her prompt, a\u00e7\u0131k, pratik ve farkl\u0131 hedeflere kolayca uyarlanabilecek \u015fekilde yap\u0131land\u0131r\u0131lm\u0131\u015ft\u0131r. Bu paket; ilk g\u00fcnden itibaren kullan\u0131ma haz\u0131r, g\u00fcvenilir yapay zek\u00e2 ara\u00e7lar\u0131 isteyen freelancerlar, giri\u015fimciler, pazarlamac\u0131lar, i\u00e7erik \u00fcreticileri ve b\u00fcy\u00fcyen i\u015fletmeler i\u00e7in g\u00fc\u00e7l\u00fc bir se\u00e7enektir. <\/p>\n<p data-start=\"1328\" data-end=\"1350\"><strong data-start=\"1328\" data-end=\"1348\">Neler dahil?<\/strong><\/p>\n<ul data-start=\"1351\" data-end=\"1490\">\n<li data-section-id=\"nfo70m\" data-start=\"1351\" data-end=\"1373\">20 premium prompt<\/li>\n<li data-section-id=\"1jpjfwr\" data-start=\"1374\" data-end=\"1398\">Kullan\u0131ma haz\u0131r formatlar<\/li>\n<li data-section-id=\"179n4m8\" data-start=\"1399\" data-end=\"1425\">Esnek \u00f6zelle\u015ftirme<\/li>\n<li data-section-id=\"3ypnj0\" data-start=\"1426\" data-end=\"1490\">\u0130\u015f, i\u00e7erik, yarat\u0131c\u0131l\u0131k ve i\u015f ak\u0131\u015f\u0131 g\u00f6revleri i\u00e7in uygundur<\/li>\n<\/ul>\n<p data-start=\"1492\" data-end=\"1521\"><strong data-start=\"1492\" data-end=\"1519\">Neden bu paketi se\u00e7melisiniz?<\/strong><\/p>\n<ul data-start=\"1522\" data-end=\"1663\">\n<li data-section-id=\"1el12mn\" data-start=\"1522\" data-end=\"1551\">Tek pakette daha fazla de\u011fer<\/li>\n<li data-section-id=\"g7spb5\" data-start=\"1552\" data-end=\"1586\">Tekrarlayan g\u00f6revlerde zaman kazand\u0131r\u0131r<\/li>\n<li data-section-id=\"8ff83\" data-start=\"1587\" data-end=\"1614\">\u00c7\u0131kt\u0131 kalitesini art\u0131r\u0131r<\/li>\n<li data-section-id=\"w27f4m\" data-start=\"1615\" data-end=\"1663\">\u0130\u015fi daha h\u0131zl\u0131 ve daha verimli \u00f6l\u00e7eklendirmeye yard\u0131mc\u0131 olur<\/li>\n<\/ul>\n","protected":false},"excerpt":{"rendered":"<p>20 Prompt Paketi, daha fazla esneklik, daha fazla kullan\u0131m alan\u0131 ve tek pakette daha fazla de\u011fer isteyen kullan\u0131c\u0131lar i\u00e7in haz\u0131rlanm\u0131\u015f geni\u015fletilmi\u015f premium bir pakettir.Bu koleksiyon; i\u00e7erik \u00fcretimi, pazarlama g\u00f6revleri, i\u015f ileti\u015fimi, fikir \u00fcretimi, sat\u0131\u015f mesajlar\u0131 ve g\u00fcnl\u00fck verimlilik i\u00e7in destek sa\u011flamak \u00fczere \u00f6zenle haz\u0131rlanm\u0131\u015f 20 yapay zek\u00e2 promptu i\u00e7erir. Her prompt, a\u00e7\u0131k, pratik ve farkl\u0131 [&hellip;]<\/p>\n","protected":false},"featured_media":24994,"comment_status":"open","ping_status":"closed","template":"","meta":[],"product_brand":[],"product_cat":[4072],"product_tag":[],"class_list":{"0":"post-25165","1":"product","2":"type-product","3":"status-publish","4":"has-post-thumbnail","6":"product_cat-paketler","8":"first","9":"instock","10":"shipping-taxable","11":"product-type-simple"},"_links":{"self":[{"href":"https:\/\/prompt-place.com\/tr\/wp-json\/wp\/v2\/product\/25165","targetHints":{"allow":["GET"]}}],"collection":[{"href":"https:\/\/prompt-place.com\/tr\/wp-json\/wp\/v2\/product"}],"about":[{"href":"https:\/\/prompt-place.com\/tr\/wp-json\/wp\/v2\/types\/product"}],"replies":[{"embeddable":true,"href":"https:\/\/prompt-place.com\/tr\/wp-json\/wp\/v2\/comments?post=25165"}],"wp:featuredmedia":[{"embeddable":true,"href":"https:\/\/prompt-place.com\/tr\/wp-json\/wp\/v2\/media\/24994"}],"wp:attachment":[{"href":"https:\/\/prompt-place.com\/tr\/wp-json\/wp\/v2\/media?parent=25165"}],"wp:term":[{"taxonomy":"product_brand","embeddable":true,"href":"https:\/\/prompt-place.com\/tr\/wp-json\/wp\/v2\/product_brand?post=25165"},{"taxonomy":"product_cat","embeddable":true,"href":"https:\/\/prompt-place.com\/tr\/wp-json\/wp\/v2\/product_cat?post=25165"},{"taxonomy":"product_tag","embeddable":true,"href":"https:\/\/prompt-place.com\/tr\/wp-json\/wp\/v2\/product_tag?post=25165"}],"curies":[{"name":"wp","href":"https:\/\/api.w.org\/{rel}","templated":true}]}}