{"id":25159,"date":"2026-04-09T13:44:14","date_gmt":"2026-04-09T13:44:14","guid":{"rendered":"https:\/\/prompt-place.com\/product\/10-prompt\/"},"modified":"2026-04-09T13:44:14","modified_gmt":"2026-04-09T13:44:14","slug":"10-prompt","status":"publish","type":"product","link":"https:\/\/prompt-place.com\/tr\/urun\/10-prompt\/","title":{"rendered":"10 Prompt"},"content":{"rendered":"<p data-start=\"688\" data-end=\"1069\">10 Prompt Paketi, deneme yan\u0131lma ile zaman kaybetmeden daha h\u0131zl\u0131 i\u015f ak\u0131\u015flar\u0131 ve daha iyi sonu\u00e7lar isteyen kullan\u0131c\u0131lar i\u00e7in haz\u0131rlanm\u0131\u015f, y\u00fcksek kaliteli yapay zek\u00e2 promptlar\u0131ndan olu\u015fan pratik bir koleksiyondur.<br data-start=\"901\" data-end=\"904\">Bu paket; i\u00e7erik \u00fcretimi, pazarlama g\u00f6revleri, i\u015f ileti\u015fimi, fikir \u00fcretimi ve verimlilik i\u00e7in kullan\u0131labilecek \u00f6zenle haz\u0131rlanm\u0131\u015f 10 prompt i\u00e7erir.<\/p>\n<p data-start=\"1071\" data-end=\"1321\">Her prompt, a\u00e7\u0131k, etkili ve farkl\u0131 ihtiya\u00e7lara kolayca uyarlanabilecek \u015fekilde tasarlanm\u0131\u015ft\u0131r. \u0130ster freelancer, ister giri\u015fimci, pazarlamac\u0131 ya da i\u00e7erik \u00fcreticisi olun, bu paket i\u015finizi kolayla\u015ft\u0131rmak ve ortaya koydu\u011funuz sonucun kalitesini art\u0131rmak i\u00e7in size haz\u0131r ara\u00e7lar sunar. <\/p>\n<p data-start=\"1323\" data-end=\"1345\"><strong data-start=\"1323\" data-end=\"1343\">Neler dahil?<\/strong><\/p>\n<ul data-start=\"1346\" data-end=\"1475\">\n<li data-section-id=\"1lrxahx\" data-start=\"1346\" data-end=\"1368\">10 premium prompt<\/li>\n<li data-section-id=\"1jpjfwr\" data-start=\"1369\" data-end=\"1393\">Kullan\u0131ma haz\u0131r formatlar<\/li>\n<li data-section-id=\"1bkktkr\" data-start=\"1394\" data-end=\"1416\">Kolay \u00f6zelle\u015ftirme<\/li>\n<li data-section-id=\"1a41ob6\" data-start=\"1417\" data-end=\"1475\">\u0130\u015f, i\u00e7erik ve g\u00fcnl\u00fck i\u015f ak\u0131\u015f\u0131 g\u00f6revleri i\u00e7in uygundur<\/li>\n<\/ul>\n<p data-start=\"1477\" data-end=\"1506\"><strong data-start=\"1477\" data-end=\"1504\">Neden bu paketi se\u00e7melisiniz?<\/strong><\/p>\n<ul data-start=\"1507\" data-end=\"1633\">\n<li data-section-id=\"1hcnnhr\" data-start=\"1507\" data-end=\"1521\">Zaman kazand\u0131r\u0131r<\/li>\n<li data-section-id=\"ysqx2g\" data-start=\"1522\" data-end=\"1549\">Prompt kalitesini art\u0131r\u0131r<\/li>\n<li data-section-id=\"1mb05mk\" data-start=\"1550\" data-end=\"1590\">Daha iyi sonu\u00e7lara daha h\u0131zl\u0131 ula\u015fman\u0131za yard\u0131mc\u0131 olur<\/li>\n<li data-section-id=\"1gw6yy8\" data-start=\"1591\" data-end=\"1633\">G\u00fcnl\u00fck yapay zek\u00e2 kullan\u0131m\u0131 i\u00e7in harika bir ba\u015flang\u0131\u00e7 noktas\u0131<\/li>\n<\/ul>\n","protected":false},"excerpt":{"rendered":"<p>10 Prompt Paketi, deneme yan\u0131lma ile zaman kaybetmeden daha h\u0131zl\u0131 i\u015f ak\u0131\u015flar\u0131 ve daha iyi sonu\u00e7lar isteyen kullan\u0131c\u0131lar i\u00e7in haz\u0131rlanm\u0131\u015f, y\u00fcksek kaliteli yapay zek\u00e2 promptlar\u0131ndan olu\u015fan pratik bir koleksiyondur.Bu paket; i\u00e7erik \u00fcretimi, pazarlama g\u00f6revleri, i\u015f ileti\u015fimi, fikir \u00fcretimi ve verimlilik i\u00e7in kullan\u0131labilecek \u00f6zenle haz\u0131rlanm\u0131\u015f 10 prompt i\u00e7erir. Her prompt, a\u00e7\u0131k, etkili ve farkl\u0131 ihtiya\u00e7lara kolayca [&hellip;]<\/p>\n","protected":false},"featured_media":24987,"comment_status":"open","ping_status":"closed","template":"","meta":[],"product_brand":[],"product_cat":[4072],"product_tag":[],"class_list":{"0":"post-25159","1":"product","2":"type-product","3":"status-publish","4":"has-post-thumbnail","6":"product_cat-paketler","8":"first","9":"instock","10":"shipping-taxable","11":"product-type-simple"},"_links":{"self":[{"href":"https:\/\/prompt-place.com\/tr\/wp-json\/wp\/v2\/product\/25159","targetHints":{"allow":["GET"]}}],"collection":[{"href":"https:\/\/prompt-place.com\/tr\/wp-json\/wp\/v2\/product"}],"about":[{"href":"https:\/\/prompt-place.com\/tr\/wp-json\/wp\/v2\/types\/product"}],"replies":[{"embeddable":true,"href":"https:\/\/prompt-place.com\/tr\/wp-json\/wp\/v2\/comments?post=25159"}],"wp:featuredmedia":[{"embeddable":true,"href":"https:\/\/prompt-place.com\/tr\/wp-json\/wp\/v2\/media\/24987"}],"wp:attachment":[{"href":"https:\/\/prompt-place.com\/tr\/wp-json\/wp\/v2\/media?parent=25159"}],"wp:term":[{"taxonomy":"product_brand","embeddable":true,"href":"https:\/\/prompt-place.com\/tr\/wp-json\/wp\/v2\/product_brand?post=25159"},{"taxonomy":"product_cat","embeddable":true,"href":"https:\/\/prompt-place.com\/tr\/wp-json\/wp\/v2\/product_cat?post=25159"},{"taxonomy":"product_tag","embeddable":true,"href":"https:\/\/prompt-place.com\/tr\/wp-json\/wp\/v2\/product_tag?post=25159"}],"curies":[{"name":"wp","href":"https:\/\/api.w.org\/{rel}","templated":true}]}}