{"id":24880,"date":"2026-03-05T14:48:38","date_gmt":"2026-03-05T14:48:38","guid":{"rendered":"https:\/\/prompt-place.com\/product\/custom-prompt-made-for-you\/"},"modified":"2026-03-06T13:45:57","modified_gmt":"2026-03-06T13:45:57","slug":"custom-prompt-made-for-you","status":"publish","type":"product","link":"https:\/\/prompt-place.com\/tr\/urun\/custom-prompt-made-for-you\/","title":{"rendered":"Size \u00d6zel Prompt"},"content":{"rendered":"<p>Hedefiniz, ni\u015finiz, hedef kitleniz, tonunuz, \u00e7\u0131kt\u0131 format\u0131n\u0131z, diliniz ve tercih etti\u011finiz AI arac\u0131 do\u011frultusunda profesyonel bir AI prompt haz\u0131rlan\u0131r. Bu, daha net ve daha tutarl\u0131 sonu\u00e7lar alman\u0131za yard\u0131mc\u0131 olan ki\u015fiye \u00f6zel dijital bir hizmettir. <\/p>\n<p>Nas\u0131l \u00e7al\u0131\u015f\u0131r<\/p>\n<p>Bu sayfadaki brief\u2019i (form alanlar\u0131n\u0131) doldurun<\/p>\n<p>Sat\u0131n alma i\u015flemini tamamlay\u0131n<\/p>\n<p>\u00d6zel prompt\u2019unuzu dijital olarak al\u0131n<\/p>\n<p>Ne al\u0131rs\u0131n\u0131z<br \/>\n\u2022 Talebinize g\u00f6re haz\u0131rlanm\u0131\u015f 1 adet \u00f6zel AI prompt<br \/>\n\u2022 Ne de\u011fi\u015ftirilece\u011fini g\u00f6steren net placeholders<br \/>\n\u2022 Kullan\u0131m notlar\u0131 ve en iyi uygulamalar<br \/>\n\u2022 H\u0131zl\u0131 ba\u015flamak i\u00e7in \u00f6rnek girdi(ler)<\/p>\n<p>Teslimat<br \/>\n\u2022 Yaln\u0131zca dijital teslimat. Fiziksel \u00fcr\u00fcn g\u00f6nderilmez<br \/>\n\u2022 Teslimat sipari\u015f notlar\u0131 ve\/veya e-posta ile yap\u0131l\u0131r <\/p>\n<p>\u00d6nemli<br \/>\n\u2022 Sonucun kalitesi, brief\u2019te verdi\u011finiz detaylara ba\u011fl\u0131d\u0131r<br \/>\n\u2022 Varsa k\u0131s\u0131tlar\u0131 (olmal\u0131 \/ olmamal\u0131) ve referanslar\u0131 ekleyin<\/p>\n<p>Gereksinimler<br \/>\n\u2022 Bir AI arac\u0131na eri\u015fim (ChatGPT, Midjourney, DALL\u00b7E, Gemini, Grok vb.)<br \/>\n\u2022 Prompt\u2019lar\u0131 kopyalay\u0131p \u00e7al\u0131\u015ft\u0131racak temel kullan\u0131m bilgisi<\/p>\n","protected":false},"excerpt":{"rendered":"<p>Hedefiniz, ni\u015finiz, hedef kitleniz, tonunuz, \u00e7\u0131kt\u0131 format\u0131n\u0131z, diliniz ve tercih etti\u011finiz AI arac\u0131 do\u011frultusunda profesyonel bir AI prompt haz\u0131rlan\u0131r. Bu, daha net ve daha tutarl\u0131 sonu\u00e7lar alman\u0131za yard\u0131mc\u0131 olan ki\u015fiye \u00f6zel dijital bir hizmettir. Nas\u0131l \u00e7al\u0131\u015f\u0131r Bu sayfadaki brief\u2019i (form alanlar\u0131n\u0131) doldurun Sat\u0131n alma i\u015flemini tamamlay\u0131n \u00d6zel prompt\u2019unuzu dijital olarak al\u0131n Ne al\u0131rs\u0131n\u0131z \u2022 Talebinize [&hellip;]<\/p>\n","protected":false},"featured_media":24847,"comment_status":"open","ping_status":"closed","template":"","meta":[],"product_brand":[],"product_cat":[1069],"product_tag":[],"class_list":{"0":"post-24880","1":"product","2":"type-product","3":"status-publish","4":"has-post-thumbnail","6":"product_cat-uncategorized-tr","8":"first","9":"instock","10":"virtual","11":"product-type-simple"},"_links":{"self":[{"href":"https:\/\/prompt-place.com\/tr\/wp-json\/wp\/v2\/product\/24880","targetHints":{"allow":["GET"]}}],"collection":[{"href":"https:\/\/prompt-place.com\/tr\/wp-json\/wp\/v2\/product"}],"about":[{"href":"https:\/\/prompt-place.com\/tr\/wp-json\/wp\/v2\/types\/product"}],"replies":[{"embeddable":true,"href":"https:\/\/prompt-place.com\/tr\/wp-json\/wp\/v2\/comments?post=24880"}],"wp:featuredmedia":[{"embeddable":true,"href":"https:\/\/prompt-place.com\/tr\/wp-json\/wp\/v2\/media\/24847"}],"wp:attachment":[{"href":"https:\/\/prompt-place.com\/tr\/wp-json\/wp\/v2\/media?parent=24880"}],"wp:term":[{"taxonomy":"product_brand","embeddable":true,"href":"https:\/\/prompt-place.com\/tr\/wp-json\/wp\/v2\/product_brand?post=24880"},{"taxonomy":"product_cat","embeddable":true,"href":"https:\/\/prompt-place.com\/tr\/wp-json\/wp\/v2\/product_cat?post=24880"},{"taxonomy":"product_tag","embeddable":true,"href":"https:\/\/prompt-place.com\/tr\/wp-json\/wp\/v2\/product_tag?post=24880"}],"curies":[{"name":"wp","href":"https:\/\/api.w.org\/{rel}","templated":true}]}}