{"id":24695,"date":"2026-01-09T11:46:36","date_gmt":"2026-01-09T11:46:36","guid":{"rendered":"http:\/\/prompt-place.com\/product\/taranmis-belge-bilgi-cikarimi\/"},"modified":"2026-01-09T11:46:36","modified_gmt":"2026-01-09T11:46:36","slug":"taranmis-belge-bilgi-cikarimi","status":"publish","type":"product","link":"https:\/\/prompt-place.com\/tr\/urun\/taranmis-belge-bilgi-cikarimi\/","title":{"rendered":"Taranm\u0131\u015f Belge Bilgi \u00c7\u0131kar\u0131m\u0131"},"content":{"rendered":"<p>Bu istem, bir yapay zeka modeline taranm\u0131\u015f veya foto\u011fraflanm\u0131\u015f belgeleri yorumlama ve i\u00e7eriklerini veritabanlar\u0131, elektronik tablolar veya otomatik sistemler i\u00e7in uygun temiz, yap\u0131land\u0131r\u0131lm\u0131\u015f verilere d\u00f6n\u00fc\u015ft\u00fcrme talimat\u0131 verir. Belge t\u00fcr\u00fcn\u00fcn ve amac\u0131n\u0131n tan\u0131mlanmas\u0131n\u0131, temel alanlar\u0131n (isimler, tarihler, tutarlar, kimlikler, terimler, vb.) \u00e7\u0131kar\u0131lmas\u0131n\u0131, formatlar\u0131n normalle\u015ftirilmesini ve belirsiz veya eksik bilgilerin tahmin edilmeden i\u015faretlenmesini gerektirir. Yapay zeka do\u011frulu\u011fu korumal\u0131, alanlar aras\u0131ndaki ili\u015fkileri muhafaza etmeli ve net bir \u015fekilde organize edilmi\u015f bir yap\u0131 ortaya \u00e7\u0131karmal\u0131d\u0131r. Bu istem, belge dijitalle\u015ftirme, i\u015f ak\u0131\u015f\u0131 otomasyonu, veri giri\u015fi de\u011fi\u015ftirme ve b\u00fcy\u00fck \u00f6l\u00e7ekli ar\u015fiv i\u015fleme i\u00e7in idealdir.   <\/p>\n","protected":false},"excerpt":{"rendered":"<p>Bu istem, bir yapay zeka modeline taranm\u0131\u015f veya foto\u011fraflanm\u0131\u015f belgeleri yorumlama ve i\u00e7eriklerini veritabanlar\u0131, elektronik tablolar veya otomatik sistemler i\u00e7in uygun temiz, yap\u0131land\u0131r\u0131lm\u0131\u015f verilere d\u00f6n\u00fc\u015ft\u00fcrme talimat\u0131 verir. Belge t\u00fcr\u00fcn\u00fcn ve amac\u0131n\u0131n tan\u0131mlanmas\u0131n\u0131, temel alanlar\u0131n (isimler, tarihler, tutarlar, kimlikler, terimler, vb.) \u00e7\u0131kar\u0131lmas\u0131n\u0131, formatlar\u0131n normalle\u015ftirilmesini ve belirsiz veya eksik bilgilerin tahmin edilmeden i\u015faretlenmesini gerektirir. Yapay zeka do\u011frulu\u011fu [&hellip;]<\/p>\n","protected":false},"featured_media":21643,"comment_status":"open","ping_status":"closed","template":"","meta":[],"product_brand":[],"product_cat":[421,347],"product_tag":[4050],"class_list":{"0":"post-24695","1":"product","2":"type-product","3":"status-publish","4":"has-post-thumbnail","6":"product_cat-ikizler-burcu-ipuclari","7":"product_cat-modeller","8":"product_tag-taranmis-belge","10":"first","11":"instock","12":"downloadable","13":"virtual","14":"product-type-simple"},"_links":{"self":[{"href":"https:\/\/prompt-place.com\/tr\/wp-json\/wp\/v2\/product\/24695","targetHints":{"allow":["GET"]}}],"collection":[{"href":"https:\/\/prompt-place.com\/tr\/wp-json\/wp\/v2\/product"}],"about":[{"href":"https:\/\/prompt-place.com\/tr\/wp-json\/wp\/v2\/types\/product"}],"replies":[{"embeddable":true,"href":"https:\/\/prompt-place.com\/tr\/wp-json\/wp\/v2\/comments?post=24695"}],"wp:featuredmedia":[{"embeddable":true,"href":"https:\/\/prompt-place.com\/tr\/wp-json\/wp\/v2\/media\/21643"}],"wp:attachment":[{"href":"https:\/\/prompt-place.com\/tr\/wp-json\/wp\/v2\/media?parent=24695"}],"wp:term":[{"taxonomy":"product_brand","embeddable":true,"href":"https:\/\/prompt-place.com\/tr\/wp-json\/wp\/v2\/product_brand?post=24695"},{"taxonomy":"product_cat","embeddable":true,"href":"https:\/\/prompt-place.com\/tr\/wp-json\/wp\/v2\/product_cat?post=24695"},{"taxonomy":"product_tag","embeddable":true,"href":"https:\/\/prompt-place.com\/tr\/wp-json\/wp\/v2\/product_tag?post=24695"}],"curies":[{"name":"wp","href":"https:\/\/api.w.org\/{rel}","templated":true}]}}