{"id":24689,"date":"2026-01-09T11:46:36","date_gmt":"2026-01-09T11:46:36","guid":{"rendered":"http:\/\/prompt-place.com\/product\/is-sureci-verimsizlik-tespiti\/"},"modified":"2026-01-09T11:46:36","modified_gmt":"2026-01-09T11:46:36","slug":"is-sureci-verimsizlik-tespiti","status":"publish","type":"product","link":"https:\/\/prompt-place.com\/tr\/urun\/is-sureci-verimsizlik-tespiti\/","title":{"rendered":"\u0130\u015f S\u00fcreci Verimsizlik Tespiti"},"content":{"rendered":"<p>Bu istem, bir YZ modeline hem metin a\u00e7\u0131klamalar\u0131n\u0131 hem de destekleyici g\u00f6r\u00fcnt\u00fcleri (diyagramlar, ekran g\u00f6r\u00fcnt\u00fcleri, operasyonel foto\u011fraflar) kullanarak bir i\u015f s\u00fcrecini b\u00fct\u00fcnsel olarak analiz etme talimat\u0131 verir. YZ u\u00e7tan uca i\u015f ak\u0131\u015f\u0131n\u0131 yeniden yap\u0131land\u0131rmal\u0131, rolleri, girdileri, \u00e7\u0131kt\u0131lar\u0131 ve ba\u015far\u0131 kriterlerini belirlemeli ve gereksiz aktar\u0131mlar, gecikmeler, manuel g\u00f6revler, net olmayan sahiplik veya dok\u00fcmantasyon ile g\u00f6rseller aras\u0131ndaki uyumsuzluklar gibi operasyonel verimsizlikleri tespit etmelidir. Darbo\u011fazlar, hataya a\u00e7\u0131k ad\u0131mlar veya tek hata noktalar\u0131 gibi risklerin de\u011ferlendirilmesini ve bu bulgular\u0131n eyleme ge\u00e7irilebilir optimizasyon \u00f6nerilerine d\u00f6n\u00fc\u015ft\u00fcr\u00fclmesini gerektirir. \u0130yile\u015ftirmeler etkiye g\u00f6re \u00f6nceliklendirilmeli ve h\u0131zl\u0131 kazan\u0131mlar ile daha b\u00fcy\u00fck yap\u0131sal de\u011fi\u015fiklikler olarak ayr\u0131lmal\u0131d\u0131r. Bu istem, ger\u00e7ek d\u00fcnyadaki operasyonel analiz, s\u00fcrecin yeniden tasarlanmas\u0131 ve karar verme deste\u011fi i\u00e7in tasarlanm\u0131\u015ft\u0131r.    <\/p>\n","protected":false},"excerpt":{"rendered":"<p>Bu istem, bir YZ modeline hem metin a\u00e7\u0131klamalar\u0131n\u0131 hem de destekleyici g\u00f6r\u00fcnt\u00fcleri (diyagramlar, ekran g\u00f6r\u00fcnt\u00fcleri, operasyonel foto\u011fraflar) kullanarak bir i\u015f s\u00fcrecini b\u00fct\u00fcnsel olarak analiz etme talimat\u0131 verir. YZ u\u00e7tan uca i\u015f ak\u0131\u015f\u0131n\u0131 yeniden yap\u0131land\u0131rmal\u0131, rolleri, girdileri, \u00e7\u0131kt\u0131lar\u0131 ve ba\u015far\u0131 kriterlerini belirlemeli ve gereksiz aktar\u0131mlar, gecikmeler, manuel g\u00f6revler, net olmayan sahiplik veya dok\u00fcmantasyon ile g\u00f6rseller aras\u0131ndaki [&hellip;]<\/p>\n","protected":false},"featured_media":21643,"comment_status":"open","ping_status":"closed","template":"","meta":[],"product_brand":[],"product_cat":[421,347],"product_tag":[4042],"class_list":{"0":"post-24689","1":"product","2":"type-product","3":"status-publish","4":"has-post-thumbnail","6":"product_cat-ikizler-burcu-ipuclari","7":"product_cat-modeller","8":"product_tag-is-sureci-2","10":"first","11":"instock","12":"downloadable","13":"virtual","14":"product-type-simple"},"_links":{"self":[{"href":"https:\/\/prompt-place.com\/tr\/wp-json\/wp\/v2\/product\/24689","targetHints":{"allow":["GET"]}}],"collection":[{"href":"https:\/\/prompt-place.com\/tr\/wp-json\/wp\/v2\/product"}],"about":[{"href":"https:\/\/prompt-place.com\/tr\/wp-json\/wp\/v2\/types\/product"}],"replies":[{"embeddable":true,"href":"https:\/\/prompt-place.com\/tr\/wp-json\/wp\/v2\/comments?post=24689"}],"wp:featuredmedia":[{"embeddable":true,"href":"https:\/\/prompt-place.com\/tr\/wp-json\/wp\/v2\/media\/21643"}],"wp:attachment":[{"href":"https:\/\/prompt-place.com\/tr\/wp-json\/wp\/v2\/media?parent=24689"}],"wp:term":[{"taxonomy":"product_brand","embeddable":true,"href":"https:\/\/prompt-place.com\/tr\/wp-json\/wp\/v2\/product_brand?post=24689"},{"taxonomy":"product_cat","embeddable":true,"href":"https:\/\/prompt-place.com\/tr\/wp-json\/wp\/v2\/product_cat?post=24689"},{"taxonomy":"product_tag","embeddable":true,"href":"https:\/\/prompt-place.com\/tr\/wp-json\/wp\/v2\/product_tag?post=24689"}],"curies":[{"name":"wp","href":"https:\/\/api.w.org\/{rel}","templated":true}]}}