{"id":24687,"date":"2026-01-09T11:46:56","date_gmt":"2026-01-09T11:46:56","guid":{"rendered":"http:\/\/prompt-place.com\/product\/dronlar-ve-rayli-sistemlerle-futuristik-ulasim-merkezi\/"},"modified":"2026-01-09T11:46:56","modified_gmt":"2026-01-09T11:46:56","slug":"dronlar-ve-rayli-sistemlerle-futuristik-ulasim-merkezi","status":"publish","type":"product","link":"https:\/\/prompt-place.com\/tr\/urun\/dronlar-ve-rayli-sistemlerle-futuristik-ulasim-merkezi\/","title":{"rendered":"Dronlar ve Rayl\u0131 Sistemlerle F\u00fct\u00fcristik Ula\u015f\u0131m Merkezi"},"content":{"rendered":"<p>\u015e\u0131k modern demiryolu altyap\u0131s\u0131n\u0131 organize otonom drone trafi\u011fiyle birle\u015ftiren f\u00fct\u00fcristik bir ula\u015f\u0131m merkezinin y\u00fcksek kaliteli sinematik g\u00f6r\u00fcnt\u00fcs\u00fcn\u00fc olu\u015fturun; y\u00fcksek tavanl\u0131, temiz mimari geometrili, cilal\u0131 metal ve cam y\u00fczeyli ve verimli, geli\u015fmi\u015f bir atmosfere sahip b\u00fcy\u00fck bir premium istasyon terminali g\u00f6sterin; merkeze giren ve \u00e7\u0131kan g\u00f6r\u00fcn\u00fcr y\u00fcksek h\u0131zl\u0131 demiryolu veya maglev raylar\u0131n\u0131, modern platformlar\u0131 ve gelen veya giden bir trenin iste\u011fe ba\u011fl\u0131 hareket bulan\u0131kl\u0131\u011f\u0131n\u0131 ekleyin; Teslimat ve yolcu drone&#8217;lar\u0131n\u0131 net bir \u015fekilde yap\u0131land\u0131r\u0131lm\u0131\u015f hava \u015feritlerinde hareket ederken, baz\u0131lar\u0131 \u015farj b\u00f6lmelerine veya teslimat istasyonlar\u0131na yana\u015f\u0131rken, kaotik u\u00e7u\u015f olmadan tasvir edin; net yans\u0131malara sahip parlak g\u00fcn \u0131\u015f\u0131\u011f\u0131 veya ince camg\u00f6be\u011fi \/ mavi \/ mor neon vurgulara sahip bir gece sahnesi se\u00e7in, ayr\u0131nt\u0131lar\u0131 keskin tutarken derinlik i\u00e7in yumu\u015fak hacimsel pus kullan\u0131n; fotoger\u00e7ek\u00e7i render, ger\u00e7ek\u00e7i yans\u0131malar, merkezin, raylar\u0131n ve hava hareketlili\u011finin \u00f6l\u00e7e\u011fini g\u00f6steren geni\u015f a\u00e7\u0131l\u0131 kompozisyon, g\u00fc\u00e7l\u00fc bir g\u00f6rsel hiyerar\u015fi ve ultra ayr\u0131nt\u0131l\u0131 malzemeler; karikat\u00fcr tarz\u0131 yok, logolar yok, okunabilir metin yok, \u00e7arp\u0131k geometri yok.<\/p>\n","protected":false},"excerpt":{"rendered":"<p>\u015e\u0131k modern demiryolu altyap\u0131s\u0131n\u0131 organize otonom drone trafi\u011fiyle birle\u015ftiren f\u00fct\u00fcristik bir ula\u015f\u0131m merkezinin y\u00fcksek kaliteli sinematik g\u00f6r\u00fcnt\u00fcs\u00fcn\u00fc olu\u015fturun; y\u00fcksek tavanl\u0131, temiz mimari geometrili, cilal\u0131 metal ve cam y\u00fczeyli ve verimli, geli\u015fmi\u015f bir atmosfere sahip b\u00fcy\u00fck bir premium istasyon terminali g\u00f6sterin; merkeze giren ve \u00e7\u0131kan g\u00f6r\u00fcn\u00fcr y\u00fcksek h\u0131zl\u0131 demiryolu veya maglev raylar\u0131n\u0131, modern platformlar\u0131 ve gelen [&hellip;]<\/p>\n","protected":false},"featured_media":21725,"comment_status":"open","ping_status":"closed","template":"","meta":[],"product_brand":[],"product_cat":[347,348],"product_tag":[3474,4039,4038],"class_list":{"0":"post-24687","1":"product","2":"type-product","3":"status-publish","4":"has-post-thumbnail","6":"product_cat-modeller","7":"product_cat-yolculuk-ortasi-ipuclari","8":"product_tag-futuristik","9":"product_tag-gobek","10":"product_tag-ulasim","12":"first","13":"instock","14":"downloadable","15":"virtual","16":"product-type-simple"},"_links":{"self":[{"href":"https:\/\/prompt-place.com\/tr\/wp-json\/wp\/v2\/product\/24687","targetHints":{"allow":["GET"]}}],"collection":[{"href":"https:\/\/prompt-place.com\/tr\/wp-json\/wp\/v2\/product"}],"about":[{"href":"https:\/\/prompt-place.com\/tr\/wp-json\/wp\/v2\/types\/product"}],"replies":[{"embeddable":true,"href":"https:\/\/prompt-place.com\/tr\/wp-json\/wp\/v2\/comments?post=24687"}],"wp:featuredmedia":[{"embeddable":true,"href":"https:\/\/prompt-place.com\/tr\/wp-json\/wp\/v2\/media\/21725"}],"wp:attachment":[{"href":"https:\/\/prompt-place.com\/tr\/wp-json\/wp\/v2\/media?parent=24687"}],"wp:term":[{"taxonomy":"product_brand","embeddable":true,"href":"https:\/\/prompt-place.com\/tr\/wp-json\/wp\/v2\/product_brand?post=24687"},{"taxonomy":"product_cat","embeddable":true,"href":"https:\/\/prompt-place.com\/tr\/wp-json\/wp\/v2\/product_cat?post=24687"},{"taxonomy":"product_tag","embeddable":true,"href":"https:\/\/prompt-place.com\/tr\/wp-json\/wp\/v2\/product_tag?post=24687"}],"curies":[{"name":"wp","href":"https:\/\/api.w.org\/{rel}","templated":true}]}}