{"id":24684,"date":"2026-01-09T11:46:55","date_gmt":"2026-01-09T11:46:55","guid":{"rendered":"http:\/\/prompt-place.com\/product\/minimalist-monokrom-is-illustrasyonu\/"},"modified":"2026-01-09T11:46:55","modified_gmt":"2026-01-09T11:46:55","slug":"minimalist-monokrom-is-illustrasyonu","status":"publish","type":"product","link":"https:\/\/prompt-place.com\/tr\/urun\/minimalist-monokrom-is-illustrasyonu\/","title":{"rendered":"Minimalist Monokrom \u0130\u015f \u0130ll\u00fcstrasyonu"},"content":{"rendered":"<p>Sadece siyah, beyaz ve a\u00e7\u0131k gri kullanarak, basit geometrik \u015fekiller, g\u00fc\u00e7l\u00fc negatif alan ve keskin \u00e7izgilerle vekt\u00f6r benzeri d\u00fcz editoryal tarzda temiz, minimalist tek renkli bir i\u015f ill\u00fcstrasyonu olu\u015fturun; strateji, b\u00fcy\u00fcme, ekip \u00e7al\u0131\u015fmas\u0131 veya verimlilik gibi soyut bir kurumsal kavram\u0131 oklar, grafikler, bloklar veya basitle\u015ftirilmi\u015f insan fig\u00fcrleri gibi ince sembollerle tasvir edin; Bol miktarda beyaz alan, net bir hiyerar\u015fi ve g\u00fc\u00e7l\u00fc bir odak noktas\u0131 ile dengeli bir kompozisyon sa\u011flay\u0131n; tasar\u0131m\u0131 degradeler olmadan (veya sadece \u00e7ok ince olanlar), fotoger\u00e7ek\u00e7ilik olmadan, 3D olmadan, metin veya logo olmadan d\u00fczenli ve d\u00fczenli tutun, kurumsal desteler ve SaaS a\u00e7\u0131l\u0131\u015f sayfalar\u0131 i\u00e7in uygun y\u00fcksek netlikte modern bir ill\u00fcstrasyon \u00fcretin.<\/p>\n","protected":false},"excerpt":{"rendered":"<p>Sadece siyah, beyaz ve a\u00e7\u0131k gri kullanarak, basit geometrik \u015fekiller, g\u00fc\u00e7l\u00fc negatif alan ve keskin \u00e7izgilerle vekt\u00f6r benzeri d\u00fcz editoryal tarzda temiz, minimalist tek renkli bir i\u015f ill\u00fcstrasyonu olu\u015fturun; strateji, b\u00fcy\u00fcme, ekip \u00e7al\u0131\u015fmas\u0131 veya verimlilik gibi soyut bir kurumsal kavram\u0131 oklar, grafikler, bloklar veya basitle\u015ftirilmi\u015f insan fig\u00fcrleri gibi ince sembollerle tasvir edin; Bol miktarda beyaz [&hellip;]<\/p>\n","protected":false},"featured_media":21725,"comment_status":"open","ping_status":"closed","template":"","meta":[],"product_brand":[],"product_cat":[347,348],"product_tag":[3473,3476,4034],"class_list":{"0":"post-24684","1":"product","2":"type-product","3":"status-publish","4":"has-post-thumbnail","6":"product_cat-modeller","7":"product_cat-yolculuk-ortasi-ipuclari","8":"product_tag-is","9":"product_tag-minimalist","10":"product_tag-monokrom","12":"first","13":"instock","14":"downloadable","15":"virtual","16":"product-type-simple"},"_links":{"self":[{"href":"https:\/\/prompt-place.com\/tr\/wp-json\/wp\/v2\/product\/24684","targetHints":{"allow":["GET"]}}],"collection":[{"href":"https:\/\/prompt-place.com\/tr\/wp-json\/wp\/v2\/product"}],"about":[{"href":"https:\/\/prompt-place.com\/tr\/wp-json\/wp\/v2\/types\/product"}],"replies":[{"embeddable":true,"href":"https:\/\/prompt-place.com\/tr\/wp-json\/wp\/v2\/comments?post=24684"}],"wp:featuredmedia":[{"embeddable":true,"href":"https:\/\/prompt-place.com\/tr\/wp-json\/wp\/v2\/media\/21725"}],"wp:attachment":[{"href":"https:\/\/prompt-place.com\/tr\/wp-json\/wp\/v2\/media?parent=24684"}],"wp:term":[{"taxonomy":"product_brand","embeddable":true,"href":"https:\/\/prompt-place.com\/tr\/wp-json\/wp\/v2\/product_brand?post=24684"},{"taxonomy":"product_cat","embeddable":true,"href":"https:\/\/prompt-place.com\/tr\/wp-json\/wp\/v2\/product_cat?post=24684"},{"taxonomy":"product_tag","embeddable":true,"href":"https:\/\/prompt-place.com\/tr\/wp-json\/wp\/v2\/product_tag?post=24684"}],"curies":[{"name":"wp","href":"https:\/\/api.w.org\/{rel}","templated":true}]}}