{"id":24681,"date":"2026-01-09T11:46:56","date_gmt":"2026-01-09T11:46:56","guid":{"rendered":"http:\/\/prompt-place.com\/product\/gelismis-hologram-cihazlari-ile-yapay-zeka-laboratuvari\/"},"modified":"2026-01-09T11:46:56","modified_gmt":"2026-01-09T11:46:56","slug":"gelismis-hologram-cihazlari-ile-yapay-zeka-laboratuvari","status":"publish","type":"product","link":"https:\/\/prompt-place.com\/tr\/urun\/gelismis-hologram-cihazlari-ile-yapay-zeka-laboratuvari\/","title":{"rendered":"Geli\u015fmi\u015f Hologram Cihazlar\u0131 ile Yapay Zeka Laboratuvar\u0131"},"content":{"rendered":"<p>Ara\u015ft\u0131rma banklar\u0131, \u015f\u0131k i\u015f istasyonlar\u0131, sunucu raflar\u0131 ve ger\u00e7ek\u00e7i laboratuvar s\u0131n\u0131f\u0131 ekipman i\u00e7eren temiz, birinci s\u0131n\u0131f, son derece d\u00fczenli i\u00e7 tasar\u0131ma sahip modern bir y\u00fcksek teknoloji yapay zeka laboratuvar\u0131n\u0131n fotoger\u00e7ek\u00e7i, sinematik bir g\u00f6r\u00fcnt\u00fcs\u00fcn\u00fc olu\u015fturun; masalara sinir a\u011f\u0131 d\u00fc\u011f\u00fcmleri, veri ak\u0131\u015flar\u0131, 3B modeller ve te\u015fhis panelleri gibi yap\u0131land\u0131r\u0131lm\u0131\u015f, okunabilir kullan\u0131c\u0131 aray\u00fcz\u00fc benzeri g\u00f6rselleri g\u00f6steren birden fazla hologram projeksiyon cihaz\u0131 ekleyin (ger\u00e7ek metin yok); geli\u015fmi\u015f sens\u00f6rler, robotik ara\u00e7lar, \u015feffaf ekranlar, hassas aletler, temiz kablo y\u00f6nlendirmesi, g\u00f6sterge \u0131\u015f\u0131klar\u0131 ve ak\u0131ll\u0131 cam y\u00fczeyler ekleyin, arka planda iste\u011fe ba\u011fl\u0131 bir robotik kol \u00e7al\u0131\u015fs\u0131n; hologram par\u0131lt\u0131s\u0131n\u0131 art\u0131rmak i\u00e7in ince camg\u00f6be\u011fi\/mavi\/mor neon vurgular ve yumu\u015fak hacimsel pus ile so\u011fuk laboratuvar ayd\u0131nlatmas\u0131 kullan\u0131n; cam ve metal \u00fczerindeki keskin yans\u0131malarla sinematik kontrast; derinli\u011fi ve birden fazla hologram istasyonunu g\u00f6steren geni\u015f a\u00e7\u0131l\u0131 veya \u00fc\u00e7 \u00e7eyrek kompozisyon; karikat\u00fcr tarz\u0131, \u00e7arp\u0131k geometri, bozuk anatomi, logo ve okunabilir metin i\u00e7ermeyen ultra ayr\u0131nt\u0131l\u0131, fotoger\u00e7ek\u00e7i i\u015fleme.<\/p>\n","protected":false},"excerpt":{"rendered":"<p>Ara\u015ft\u0131rma banklar\u0131, \u015f\u0131k i\u015f istasyonlar\u0131, sunucu raflar\u0131 ve ger\u00e7ek\u00e7i laboratuvar s\u0131n\u0131f\u0131 ekipman i\u00e7eren temiz, birinci s\u0131n\u0131f, son derece d\u00fczenli i\u00e7 tasar\u0131ma sahip modern bir y\u00fcksek teknoloji yapay zeka laboratuvar\u0131n\u0131n fotoger\u00e7ek\u00e7i, sinematik bir g\u00f6r\u00fcnt\u00fcs\u00fcn\u00fc olu\u015fturun; masalara sinir a\u011f\u0131 d\u00fc\u011f\u00fcmleri, veri ak\u0131\u015flar\u0131, 3B modeller ve te\u015fhis panelleri gibi yap\u0131land\u0131r\u0131lm\u0131\u015f, okunabilir kullan\u0131c\u0131 aray\u00fcz\u00fc benzeri g\u00f6rselleri g\u00f6steren birden fazla [&hellip;]<\/p>\n","protected":false},"featured_media":21725,"comment_status":"open","ping_status":"closed","template":"","meta":[],"product_brand":[],"product_cat":[347,348],"product_tag":[3935,4031,4030],"class_list":{"0":"post-24681","1":"product","2":"type-product","3":"status-publish","4":"has-post-thumbnail","6":"product_cat-modeller","7":"product_cat-yolculuk-ortasi-ipuclari","8":"product_tag-gelismis","9":"product_tag-hologram","10":"product_tag-laboratuvar","12":"first","13":"instock","14":"downloadable","15":"virtual","16":"product-type-simple"},"_links":{"self":[{"href":"https:\/\/prompt-place.com\/tr\/wp-json\/wp\/v2\/product\/24681","targetHints":{"allow":["GET"]}}],"collection":[{"href":"https:\/\/prompt-place.com\/tr\/wp-json\/wp\/v2\/product"}],"about":[{"href":"https:\/\/prompt-place.com\/tr\/wp-json\/wp\/v2\/types\/product"}],"replies":[{"embeddable":true,"href":"https:\/\/prompt-place.com\/tr\/wp-json\/wp\/v2\/comments?post=24681"}],"wp:featuredmedia":[{"embeddable":true,"href":"https:\/\/prompt-place.com\/tr\/wp-json\/wp\/v2\/media\/21725"}],"wp:attachment":[{"href":"https:\/\/prompt-place.com\/tr\/wp-json\/wp\/v2\/media?parent=24681"}],"wp:term":[{"taxonomy":"product_brand","embeddable":true,"href":"https:\/\/prompt-place.com\/tr\/wp-json\/wp\/v2\/product_brand?post=24681"},{"taxonomy":"product_cat","embeddable":true,"href":"https:\/\/prompt-place.com\/tr\/wp-json\/wp\/v2\/product_cat?post=24681"},{"taxonomy":"product_tag","embeddable":true,"href":"https:\/\/prompt-place.com\/tr\/wp-json\/wp\/v2\/product_tag?post=24681"}],"curies":[{"name":"wp","href":"https:\/\/api.w.org\/{rel}","templated":true}]}}