{"id":24678,"date":"2026-01-09T11:46:55","date_gmt":"2026-01-09T11:46:55","guid":{"rendered":"http:\/\/prompt-place.com\/product\/yukselen-ve-dusen-grafiklerle-dramatik-finans-piyasasi-sahnesi\/"},"modified":"2026-01-09T11:46:55","modified_gmt":"2026-01-09T11:46:55","slug":"yukselen-ve-dusen-grafiklerle-dramatik-finans-piyasasi-sahnesi","status":"publish","type":"product","link":"https:\/\/prompt-place.com\/tr\/urun\/yukselen-ve-dusen-grafiklerle-dramatik-finans-piyasasi-sahnesi\/","title":{"rendered":"Y\u00fckselen ve D\u00fc\u015fen Grafiklerle Dramatik Finans Piyasas\u0131 Sahnesi"},"content":{"rendered":"<p>Ticaret alan\u0131, finans b\u00f6lgesi veya soyut bir piyasa alan\u0131 gibi gergin ve y\u00fcksek riskli bir ortamda dramatik finans piyasalar\u0131n\u0131 tasvir eden y\u00fcksek kaliteli, fotoger\u00e7ek\u00e7i bir sinematik sahne olu\u015fturun; y\u00fckseli\u015f ve d\u00fc\u015f\u00fc\u015fleri g\u00f6steren temiz, inand\u0131r\u0131c\u0131 veri \u00e7izgileriyle parlayan b\u00fcy\u00fck y\u00fckselen ve al\u00e7alan grafikler kullan\u0131n; k\u0131rm\u0131z\u0131 uyar\u0131 vurgular\u0131, ince pus, yans\u0131malar ve g\u00fc\u00e7l\u00fc derinlikle kar\u0131\u015ft\u0131r\u0131lm\u0131\u015f so\u011fuk mavi\/mavi tonlarla y\u00fcksek kontrastl\u0131 ayd\u0131nlatma kullan\u0131n; De\u011fi\u015fen ekranlar, yan\u0131p s\u00f6nen \u0131\u015f\u0131klar ve y\u00fczlere odaklanmadan iste\u011fe ba\u011fl\u0131 bulan\u0131k t\u00fcccar siluetleri arac\u0131l\u0131\u011f\u0131yla hareket hissi ekleyin; \u00e7ekimi, grafikler bask\u0131n odak noktas\u0131 olacak \u015fekilde geni\u015f veya orta sinematik bir perspektifte olu\u015fturun; karikat\u00fcr tarz\u0131, \u00e7arp\u0131t\u0131lm\u0131\u015f metin ve logolar olmadan ultra ayr\u0131nt\u0131l\u0131 ger\u00e7ek\u00e7ilik sa\u011flayarak piyasa oynakl\u0131\u011f\u0131n\u0131 veya finansal haberleri g\u00f6stermek i\u00e7in ideal olan dramatik bir g\u00f6rsel olu\u015fturun.<\/p>\n","protected":false},"excerpt":{"rendered":"<p>Ticaret alan\u0131, finans b\u00f6lgesi veya soyut bir piyasa alan\u0131 gibi gergin ve y\u00fcksek riskli bir ortamda dramatik finans piyasalar\u0131n\u0131 tasvir eden y\u00fcksek kaliteli, fotoger\u00e7ek\u00e7i bir sinematik sahne olu\u015fturun; y\u00fckseli\u015f ve d\u00fc\u015f\u00fc\u015fleri g\u00f6steren temiz, inand\u0131r\u0131c\u0131 veri \u00e7izgileriyle parlayan b\u00fcy\u00fck y\u00fckselen ve al\u00e7alan grafikler kullan\u0131n; k\u0131rm\u0131z\u0131 uyar\u0131 vurgular\u0131, ince pus, yans\u0131malar ve g\u00fc\u00e7l\u00fc derinlikle kar\u0131\u015ft\u0131r\u0131lm\u0131\u015f so\u011fuk mavi\/mavi [&hellip;]<\/p>\n","protected":false},"featured_media":21725,"comment_status":"open","ping_status":"closed","template":"","meta":[],"product_brand":[],"product_cat":[347,348],"product_tag":[3993,3901,3488],"class_list":{"0":"post-24678","1":"product","2":"type-product","3":"status-publish","4":"has-post-thumbnail","6":"product_cat-modeller","7":"product_cat-yolculuk-ortasi-ipuclari","8":"product_tag-dramatik","9":"product_tag-finansal","10":"product_tag-pazar","12":"first","13":"instock","14":"downloadable","15":"virtual","16":"product-type-simple"},"_links":{"self":[{"href":"https:\/\/prompt-place.com\/tr\/wp-json\/wp\/v2\/product\/24678","targetHints":{"allow":["GET"]}}],"collection":[{"href":"https:\/\/prompt-place.com\/tr\/wp-json\/wp\/v2\/product"}],"about":[{"href":"https:\/\/prompt-place.com\/tr\/wp-json\/wp\/v2\/types\/product"}],"replies":[{"embeddable":true,"href":"https:\/\/prompt-place.com\/tr\/wp-json\/wp\/v2\/comments?post=24678"}],"wp:featuredmedia":[{"embeddable":true,"href":"https:\/\/prompt-place.com\/tr\/wp-json\/wp\/v2\/media\/21725"}],"wp:attachment":[{"href":"https:\/\/prompt-place.com\/tr\/wp-json\/wp\/v2\/media?parent=24678"}],"wp:term":[{"taxonomy":"product_brand","embeddable":true,"href":"https:\/\/prompt-place.com\/tr\/wp-json\/wp\/v2\/product_brand?post=24678"},{"taxonomy":"product_cat","embeddable":true,"href":"https:\/\/prompt-place.com\/tr\/wp-json\/wp\/v2\/product_cat?post=24678"},{"taxonomy":"product_tag","embeddable":true,"href":"https:\/\/prompt-place.com\/tr\/wp-json\/wp\/v2\/product_tag?post=24678"}],"curies":[{"name":"wp","href":"https:\/\/api.w.org\/{rel}","templated":true}]}}