{"id":24677,"date":"2026-01-09T11:46:55","date_gmt":"2026-01-09T11:46:55","guid":{"rendered":"http:\/\/prompt-place.com\/product\/organik-sekiller-ile-futuristik-sirket-genel-merkezi\/"},"modified":"2026-01-09T11:46:55","modified_gmt":"2026-01-09T11:46:55","slug":"organik-sekiller-ile-futuristik-sirket-genel-merkezi","status":"publish","type":"product","link":"https:\/\/prompt-place.com\/tr\/urun\/organik-sekiller-ile-futuristik-sirket-genel-merkezi\/","title":{"rendered":"Organik \u015eekiller ile F\u00fct\u00fcristik \u015eirket Genel Merkezi"},"content":{"rendered":"<p>Yap\u0131sal olarak in\u015fa edilebilir g\u00f6r\u00fcnecek \u015fekilde tasarlanm\u0131\u015f kavisli cam y\u00fczeyler, f\u0131r\u00e7alanm\u0131\u015f metal, beyaz beton ve karbon fiber benzeri paneller gibi ger\u00e7ek\u00e7i malzemeler kullanarak p\u00fcr\u00fczs\u00fcz, ak\u0131c\u0131, do\u011fadan ilham alan formlara sahip zarif organik mimari i\u00e7eren f\u00fct\u00fcristik bir \u015firket genel merkezinin y\u00fcksek kaliteli fotoger\u00e7ek\u00e7i g\u00f6r\u00fcnt\u00fcs\u00fcn\u00fc olu\u015fturun; genel merkezi dikey bah\u00e7eler, yontulmu\u015f teraslar ve zevkli \u00e7at\u0131 bitki \u00f6rt\u00fcs\u00fc dahil olmak \u00fczere entegre ye\u015filliklerle geli\u015ftirilmi\u015f modern bir i\u015f b\u00f6lgesi veya peyzajl\u0131 bir kamp\u00fcs\u00fcn yan\u0131 s\u0131ra sahneyi bo\u011fmadan s\u00fcrd\u00fcr\u00fclebilirli\u011fi \u00f6neren temiz yollar ve minimal su \u00f6zellikleri i\u00e7ine yerle\u015ftirin; Sakin ve kendinden emin bir kurumsal havay\u0131 koruyarak konturlar\u0131, yans\u0131malar\u0131 ve birinci s\u0131n\u0131f malzemeleri vurgulamak i\u00e7in binay\u0131 yumu\u015fak g\u00fcn \u0131\u015f\u0131\u011f\u0131nda veya alt\u0131n saat ayd\u0131nlatmas\u0131nda i\u015fleyin; karikat\u00fcr tarz\u0131ndan, okunamayan metinlerden, logolardan veya \u00e7arp\u0131k \u015fekillerden ka\u00e7\u0131narak keskin ayr\u0131nt\u0131lara, m\u00fckemmel \u00f6l\u00e7e\u011fe ve temiz geometriye sahip geni\u015f bir d\u00fc\u015f\u00fck a\u00e7\u0131l\u0131 veya \u00fc\u00e7 \u00e7eyrek mimari kompozisyon kullan\u0131n ve \u00fcst d\u00fczey kurumsal veya mimari sunum i\u00e7in uygun rafine bir f\u00fct\u00fcristik genel merkez g\u00f6rselle\u015ftirmesi elde edin.<\/p>\n","protected":false},"excerpt":{"rendered":"<p>Yap\u0131sal olarak in\u015fa edilebilir g\u00f6r\u00fcnecek \u015fekilde tasarlanm\u0131\u015f kavisli cam y\u00fczeyler, f\u0131r\u00e7alanm\u0131\u015f metal, beyaz beton ve karbon fiber benzeri paneller gibi ger\u00e7ek\u00e7i malzemeler kullanarak p\u00fcr\u00fczs\u00fcz, ak\u0131c\u0131, do\u011fadan ilham alan formlara sahip zarif organik mimari i\u00e7eren f\u00fct\u00fcristik bir \u015firket genel merkezinin y\u00fcksek kaliteli fotoger\u00e7ek\u00e7i g\u00f6r\u00fcnt\u00fcs\u00fcn\u00fc olu\u015fturun; genel merkezi dikey bah\u00e7eler, yontulmu\u015f teraslar ve zevkli \u00e7at\u0131 bitki \u00f6rt\u00fcs\u00fc [&hellip;]<\/p>\n","protected":false},"featured_media":21725,"comment_status":"open","ping_status":"closed","template":"","meta":[],"product_brand":[],"product_cat":[347,348],"product_tag":[3474,4028,4027],"class_list":{"0":"post-24677","1":"product","2":"type-product","3":"status-publish","4":"has-post-thumbnail","6":"product_cat-modeller","7":"product_cat-yolculuk-ortasi-ipuclari","8":"product_tag-futuristik","9":"product_tag-genel-merkez","10":"product_tag-kurumsal-2","12":"first","13":"instock","14":"downloadable","15":"virtual","16":"product-type-simple"},"_links":{"self":[{"href":"https:\/\/prompt-place.com\/tr\/wp-json\/wp\/v2\/product\/24677","targetHints":{"allow":["GET"]}}],"collection":[{"href":"https:\/\/prompt-place.com\/tr\/wp-json\/wp\/v2\/product"}],"about":[{"href":"https:\/\/prompt-place.com\/tr\/wp-json\/wp\/v2\/types\/product"}],"replies":[{"embeddable":true,"href":"https:\/\/prompt-place.com\/tr\/wp-json\/wp\/v2\/comments?post=24677"}],"wp:featuredmedia":[{"embeddable":true,"href":"https:\/\/prompt-place.com\/tr\/wp-json\/wp\/v2\/media\/21725"}],"wp:attachment":[{"href":"https:\/\/prompt-place.com\/tr\/wp-json\/wp\/v2\/media?parent=24677"}],"wp:term":[{"taxonomy":"product_brand","embeddable":true,"href":"https:\/\/prompt-place.com\/tr\/wp-json\/wp\/v2\/product_brand?post=24677"},{"taxonomy":"product_cat","embeddable":true,"href":"https:\/\/prompt-place.com\/tr\/wp-json\/wp\/v2\/product_cat?post=24677"},{"taxonomy":"product_tag","embeddable":true,"href":"https:\/\/prompt-place.com\/tr\/wp-json\/wp\/v2\/product_tag?post=24677"}],"curies":[{"name":"wp","href":"https:\/\/api.w.org\/{rel}","templated":true}]}}