{"id":24672,"date":"2026-01-09T11:46:55","date_gmt":"2026-01-09T11:46:55","guid":{"rendered":"http:\/\/prompt-place.com\/product\/kusbakisi-akilli-sehir\/"},"modified":"2026-01-09T11:46:55","modified_gmt":"2026-01-09T11:46:55","slug":"kusbakisi-akilli-sehir","status":"publish","type":"product","link":"https:\/\/prompt-place.com\/tr\/urun\/kusbakisi-akilli-sehir\/","title":{"rendered":"Ku\u015fbak\u0131\u015f\u0131 Ak\u0131ll\u0131 \u015eehir"},"content":{"rendered":"<p>Modern bir ak\u0131ll\u0131 \u015fehrin temiz b\u00f6lgelerini, yap\u0131land\u0131r\u0131lm\u0131\u015f yollar\u0131n\u0131, k\u00f6pr\u00fclerini, parklar\u0131n\u0131 ve su kenarlar\u0131n\u0131 g\u00f6steren y\u00fcksek kaliteli, fotoger\u00e7ek\u00e7i bir ku\u015fbak\u0131\u015f\u0131 sinematik g\u00f6r\u00fcnt\u00fcs\u00fcn\u00fc olu\u015fturun; binalar\u0131 ve kav\u015faklar\u0131 birbirine ba\u011flayan parlayan a\u011f hatlar\u0131, otonom ara\u00e7lar, ak\u0131ll\u0131 trafik sistemleri, sens\u00f6r \u015febekeleri ve \u015farj istasyonlar\u0131 gibi ince ak\u0131ll\u0131 \u015fehir \u00f6\u011felerini entegre edin, t\u00fcm veri katman\u0131 g\u00f6rsellerini zarif ve m\u00fcdahaleci olmayan bir \u015fekilde tutun; S\u0131cak tonlar ve uzun g\u00f6lgeler i\u00e7eren alt\u0131n saat ayd\u0131nlatmas\u0131 veya yumu\u015fak \u015fehir \u0131\u015f\u0131klar\u0131 ve atmosferik par\u0131lt\u0131 i\u00e7eren bir gece manzaras\u0131 se\u00e7in; ayr\u0131nt\u0131lar\u0131 kaybetmeden yaln\u0131zca derinlik i\u00e7in hafif pus ekleyin; g\u00fc\u00e7l\u00fc derinlik, ger\u00e7ek\u00e7i malzemeler, keskin netlik ve bozulma olmadan m\u00fckemmel \u015fekilde hizalanm\u0131\u015f mimari ile geni\u015f bir hava kompozisyonu kullan\u0131n; karikat\u00fcr stillerinden, abart\u0131l\u0131 bilim kurgu \u00f6\u011felerinden, okunabilir metinlerden veya logolardan ka\u00e7\u0131narak birinci s\u0131n\u0131f, gelece\u011fe y\u00f6nelik bir ak\u0131ll\u0131 \u015fehir ill\u00fcstrasyonu \u00fcretin.<\/p>\n","protected":false},"excerpt":{"rendered":"<p>Modern bir ak\u0131ll\u0131 \u015fehrin temiz b\u00f6lgelerini, yap\u0131land\u0131r\u0131lm\u0131\u015f yollar\u0131n\u0131, k\u00f6pr\u00fclerini, parklar\u0131n\u0131 ve su kenarlar\u0131n\u0131 g\u00f6steren y\u00fcksek kaliteli, fotoger\u00e7ek\u00e7i bir ku\u015fbak\u0131\u015f\u0131 sinematik g\u00f6r\u00fcnt\u00fcs\u00fcn\u00fc olu\u015fturun; binalar\u0131 ve kav\u015faklar\u0131 birbirine ba\u011flayan parlayan a\u011f hatlar\u0131, otonom ara\u00e7lar, ak\u0131ll\u0131 trafik sistemleri, sens\u00f6r \u015febekeleri ve \u015farj istasyonlar\u0131 gibi ince ak\u0131ll\u0131 \u015fehir \u00f6\u011felerini entegre edin, t\u00fcm veri katman\u0131 g\u00f6rsellerini zarif ve m\u00fcdahaleci olmayan [&hellip;]<\/p>\n","protected":false},"featured_media":21725,"comment_status":"open","ping_status":"closed","template":"","meta":[],"product_brand":[],"product_cat":[347,348],"product_tag":[4012,4014,4013],"class_list":{"0":"post-24672","1":"product","2":"type-product","3":"status-publish","4":"has-post-thumbnail","6":"product_cat-modeller","7":"product_cat-yolculuk-ortasi-ipuclari","8":"product_tag-akilli","9":"product_tag-kus","10":"product_tag-sehir","12":"first","13":"instock","14":"downloadable","15":"virtual","16":"product-type-simple"},"_links":{"self":[{"href":"https:\/\/prompt-place.com\/tr\/wp-json\/wp\/v2\/product\/24672","targetHints":{"allow":["GET"]}}],"collection":[{"href":"https:\/\/prompt-place.com\/tr\/wp-json\/wp\/v2\/product"}],"about":[{"href":"https:\/\/prompt-place.com\/tr\/wp-json\/wp\/v2\/types\/product"}],"replies":[{"embeddable":true,"href":"https:\/\/prompt-place.com\/tr\/wp-json\/wp\/v2\/comments?post=24672"}],"wp:featuredmedia":[{"embeddable":true,"href":"https:\/\/prompt-place.com\/tr\/wp-json\/wp\/v2\/media\/21725"}],"wp:attachment":[{"href":"https:\/\/prompt-place.com\/tr\/wp-json\/wp\/v2\/media?parent=24672"}],"wp:term":[{"taxonomy":"product_brand","embeddable":true,"href":"https:\/\/prompt-place.com\/tr\/wp-json\/wp\/v2\/product_brand?post=24672"},{"taxonomy":"product_cat","embeddable":true,"href":"https:\/\/prompt-place.com\/tr\/wp-json\/wp\/v2\/product_cat?post=24672"},{"taxonomy":"product_tag","embeddable":true,"href":"https:\/\/prompt-place.com\/tr\/wp-json\/wp\/v2\/product_tag?post=24672"}],"curies":[{"name":"wp","href":"https:\/\/api.w.org\/{rel}","templated":true}]}}