{"id":24667,"date":"2026-01-09T11:46:57","date_gmt":"2026-01-09T11:46:57","guid":{"rendered":"http:\/\/prompt-place.com\/product\/gokyuzunde-yuzen-futuristik-bulut-bilisim-merkezleri\/"},"modified":"2026-01-09T11:46:57","modified_gmt":"2026-01-09T11:46:57","slug":"gokyuzunde-yuzen-futuristik-bulut-bilisim-merkezleri","status":"publish","type":"product","link":"https:\/\/prompt-place.com\/tr\/urun\/gokyuzunde-yuzen-futuristik-bulut-bilisim-merkezleri\/","title":{"rendered":"G\u00f6ky\u00fcz\u00fcnde Y\u00fczen F\u00fct\u00fcristik Bulut Bili\u015fim Merkezleri"},"content":{"rendered":"<p>Sunucu kule bloklar\u0131, so\u011futma delikleri, anten dizileri, parlayan sunucu raflar\u0131n\u0131 ortaya \u00e7\u0131karan \u015feffaf b\u00f6l\u00fcmler ve birinci s\u0131n\u0131f cam-metal-kompozit malzemelerle \u015f\u0131k mod\u00fcler veri merkezi platformlar\u0131 olarak tasarlanm\u0131\u015f, katmanl\u0131 g\u00f6ky\u00fcz\u00fc bulutlar\u0131n\u0131n \u00fczerinde s\u00fcz\u00fclen devasa f\u00fct\u00fcristik bulut bili\u015fim merkezlerinin ultra ayr\u0131nt\u0131l\u0131 fotoger\u00e7ek\u00e7i sinematik g\u00f6r\u00fcnt\u00fcs\u00fcn\u00fc olu\u015fturun; Platformlar\u0131n etraf\u0131nda hareket eden ince parlayan veri ba\u011flant\u0131lar\u0131n\u0131, ince \u0131\u015f\u0131k yaylar\u0131n\u0131 ve k\u00fc\u00e7\u00fck bak\u0131m dronlar\u0131n\u0131 g\u00f6sterin; sahneyi hacimsel g\u00fcne\u015f \u0131\u015f\u0131nlar\u0131, hafif pus ve g\u00fc\u00e7l\u00fc atmosferik derinlik ile bulutlar\u0131n \u00fczerinde alt\u0131n saat veya yumu\u015fak g\u00fcn \u0131\u015f\u0131\u011f\u0131nda ayarlay\u0131n; net geometri, temiz kurumsal teknoloji esteti\u011fi, ger\u00e7ek\u00e7i yans\u0131malar ve logolar, okunabilir metinler ve karikat\u00fcr veya \u00e7arp\u0131k \u00f6\u011feler i\u00e7ermeyen, \u00f6l\u00e7ek ve irtifay\u0131 vurgulayan geni\u015f a\u00e7\u0131l\u0131 bir kompozisyon kullan\u0131n.<\/p>\n","protected":false},"excerpt":{"rendered":"<p>Sunucu kule bloklar\u0131, so\u011futma delikleri, anten dizileri, parlayan sunucu raflar\u0131n\u0131 ortaya \u00e7\u0131karan \u015feffaf b\u00f6l\u00fcmler ve birinci s\u0131n\u0131f cam-metal-kompozit malzemelerle \u015f\u0131k mod\u00fcler veri merkezi platformlar\u0131 olarak tasarlanm\u0131\u015f, katmanl\u0131 g\u00f6ky\u00fcz\u00fc bulutlar\u0131n\u0131n \u00fczerinde s\u00fcz\u00fclen devasa f\u00fct\u00fcristik bulut bili\u015fim merkezlerinin ultra ayr\u0131nt\u0131l\u0131 fotoger\u00e7ek\u00e7i sinematik g\u00f6r\u00fcnt\u00fcs\u00fcn\u00fc olu\u015fturun; Platformlar\u0131n etraf\u0131nda hareket eden ince parlayan veri ba\u011flant\u0131lar\u0131n\u0131, ince \u0131\u015f\u0131k yaylar\u0131n\u0131 ve k\u00fc\u00e7\u00fck [&hellip;]<\/p>\n","protected":false},"featured_media":21725,"comment_status":"open","ping_status":"closed","template":"","meta":[],"product_brand":[],"product_cat":[347,348],"product_tag":[4000,3474,4001],"class_list":{"0":"post-24667","1":"product","2":"type-product","3":"status-publish","4":"has-post-thumbnail","6":"product_cat-modeller","7":"product_cat-yolculuk-ortasi-ipuclari","8":"product_tag-bulut","9":"product_tag-futuristik","10":"product_tag-hesaplama","12":"first","13":"instock","14":"downloadable","15":"virtual","16":"product-type-simple"},"_links":{"self":[{"href":"https:\/\/prompt-place.com\/tr\/wp-json\/wp\/v2\/product\/24667","targetHints":{"allow":["GET"]}}],"collection":[{"href":"https:\/\/prompt-place.com\/tr\/wp-json\/wp\/v2\/product"}],"about":[{"href":"https:\/\/prompt-place.com\/tr\/wp-json\/wp\/v2\/types\/product"}],"replies":[{"embeddable":true,"href":"https:\/\/prompt-place.com\/tr\/wp-json\/wp\/v2\/comments?post=24667"}],"wp:featuredmedia":[{"embeddable":true,"href":"https:\/\/prompt-place.com\/tr\/wp-json\/wp\/v2\/media\/21725"}],"wp:attachment":[{"href":"https:\/\/prompt-place.com\/tr\/wp-json\/wp\/v2\/media?parent=24667"}],"wp:term":[{"taxonomy":"product_brand","embeddable":true,"href":"https:\/\/prompt-place.com\/tr\/wp-json\/wp\/v2\/product_brand?post=24667"},{"taxonomy":"product_cat","embeddable":true,"href":"https:\/\/prompt-place.com\/tr\/wp-json\/wp\/v2\/product_cat?post=24667"},{"taxonomy":"product_tag","embeddable":true,"href":"https:\/\/prompt-place.com\/tr\/wp-json\/wp\/v2\/product_tag?post=24667"}],"curies":[{"name":"wp","href":"https:\/\/api.w.org\/{rel}","templated":true}]}}