{"id":24664,"date":"2026-01-09T11:46:57","date_gmt":"2026-01-09T11:46:57","guid":{"rendered":"http:\/\/prompt-place.com\/product\/inovasyonun-gucunu-gosteren-dramatik-kompozisyon\/"},"modified":"2026-01-09T11:46:57","modified_gmt":"2026-01-09T11:46:57","slug":"inovasyonun-gucunu-gosteren-dramatik-kompozisyon","status":"publish","type":"product","link":"https:\/\/prompt-place.com\/tr\/urun\/inovasyonun-gucunu-gosteren-dramatik-kompozisyon\/","title":{"rendered":"\u0130novasyonun G\u00fcc\u00fcn\u00fc G\u00f6steren Dramatik Kompozisyon"},"content":{"rendered":"<p>\u0130novasyonun g\u00fcc\u00fcn\u00fc simgeleyen, dramatik bir merkezi at\u0131l\u0131m unsuruyla (parlayan bir \u00e7ekirdek veya \u0131\u015f\u0131k patlamas\u0131) d\u00f6n\u00fc\u015ft\u00fcr\u00fcc\u00fc enerji yayan, kat\u0131 eski yap\u0131lar\u0131n \u015f\u0131k f\u00fct\u00fcristik formlara d\u00f6n\u00fc\u015ft\u00fc\u011f\u00fc, dinamik enerji hatlar\u0131, \u0131\u015f\u0131k izleri ve ilerlemeyi g\u00f6steren geometrik desenlerle \u00e7evrili ultra ayr\u0131nt\u0131l\u0131 sinematik bir kompozisyon olu\u015fturun; Derin g\u00f6lgeler, kontroll\u00fc camg\u00f6be\u011fi\/mor neon vurgularla kar\u0131\u015f\u0131k s\u0131cak alt\u0131n\/turuncu vurgular, ayr\u0131ca \u00f6l\u00e7ek ve atmosfer i\u00e7in hacimsel pus i\u00e7eren y\u00fcksek kontrastl\u0131 ayd\u0131nlatma kullan\u0131n; kaos olmadan katmanl\u0131 derinli\u011fi, netli\u011fi ve hareketi koruyarak g\u00fc\u00e7l\u00fc \u00f6nc\u00fc \u00e7izgiler ve merkezi odak noktas\u0131na do\u011fru \u00e7eken dinamik bir perspektif kullan\u0131n; okunabilir metin, logo, filigran, da\u011f\u0131n\u0131kl\u0131k veya \u00e7izgi film \u00f6\u011feleri i\u00e7ermeyen birinci s\u0131n\u0131f konsept-sanat ger\u00e7ek\u00e7ili\u011fi sa\u011flay\u0131n.<\/p>\n","protected":false},"excerpt":{"rendered":"<p>\u0130novasyonun g\u00fcc\u00fcn\u00fc simgeleyen, dramatik bir merkezi at\u0131l\u0131m unsuruyla (parlayan bir \u00e7ekirdek veya \u0131\u015f\u0131k patlamas\u0131) d\u00f6n\u00fc\u015ft\u00fcr\u00fcc\u00fc enerji yayan, kat\u0131 eski yap\u0131lar\u0131n \u015f\u0131k f\u00fct\u00fcristik formlara d\u00f6n\u00fc\u015ft\u00fc\u011f\u00fc, dinamik enerji hatlar\u0131, \u0131\u015f\u0131k izleri ve ilerlemeyi g\u00f6steren geometrik desenlerle \u00e7evrili ultra ayr\u0131nt\u0131l\u0131 sinematik bir kompozisyon olu\u015fturun; Derin g\u00f6lgeler, kontroll\u00fc camg\u00f6be\u011fi\/mor neon vurgularla kar\u0131\u015f\u0131k s\u0131cak alt\u0131n\/turuncu vurgular, ayr\u0131ca \u00f6l\u00e7ek ve atmosfer [&hellip;]<\/p>\n","protected":false},"featured_media":21725,"comment_status":"open","ping_status":"closed","template":"","meta":[],"product_brand":[],"product_cat":[347,348],"product_tag":[3993,3996,3994],"class_list":{"0":"post-24664","1":"product","2":"type-product","3":"status-publish","4":"has-post-thumbnail","6":"product_cat-modeller","7":"product_cat-yolculuk-ortasi-ipuclari","8":"product_tag-dramatik","9":"product_tag-guc","10":"product_tag-kompozisyon","12":"first","13":"instock","14":"downloadable","15":"virtual","16":"product-type-simple"},"_links":{"self":[{"href":"https:\/\/prompt-place.com\/tr\/wp-json\/wp\/v2\/product\/24664","targetHints":{"allow":["GET"]}}],"collection":[{"href":"https:\/\/prompt-place.com\/tr\/wp-json\/wp\/v2\/product"}],"about":[{"href":"https:\/\/prompt-place.com\/tr\/wp-json\/wp\/v2\/types\/product"}],"replies":[{"embeddable":true,"href":"https:\/\/prompt-place.com\/tr\/wp-json\/wp\/v2\/comments?post=24664"}],"wp:featuredmedia":[{"embeddable":true,"href":"https:\/\/prompt-place.com\/tr\/wp-json\/wp\/v2\/media\/21725"}],"wp:attachment":[{"href":"https:\/\/prompt-place.com\/tr\/wp-json\/wp\/v2\/media?parent=24664"}],"wp:term":[{"taxonomy":"product_brand","embeddable":true,"href":"https:\/\/prompt-place.com\/tr\/wp-json\/wp\/v2\/product_brand?post=24664"},{"taxonomy":"product_cat","embeddable":true,"href":"https:\/\/prompt-place.com\/tr\/wp-json\/wp\/v2\/product_cat?post=24664"},{"taxonomy":"product_tag","embeddable":true,"href":"https:\/\/prompt-place.com\/tr\/wp-json\/wp\/v2\/product_tag?post=24664"}],"curies":[{"name":"wp","href":"https:\/\/api.w.org\/{rel}","templated":true}]}}