{"id":24659,"date":"2026-01-09T11:46:56","date_gmt":"2026-01-09T11:46:56","guid":{"rendered":"http:\/\/prompt-place.com\/product\/ai-temali-soyut-geometrik-kompozisyon\/"},"modified":"2026-01-09T11:46:56","modified_gmt":"2026-01-09T11:46:56","slug":"ai-temali-soyut-geometrik-kompozisyon","status":"publish","type":"product","link":"https:\/\/prompt-place.com\/tr\/urun\/ai-temali-soyut-geometrik-kompozisyon\/","title":{"rendered":"AI Temal\u0131 Soyut Geometrik Kompozisyon"},"content":{"rendered":"<p>Yapay zeka ve veri zekas\u0131ndan ilham alan, net bir odak \u00e7ekirde\u011fi ile simetrik veya yar\u0131 simetrik bir yap\u0131 olu\u015fturan birbirine ba\u011fl\u0131 d\u00fc\u011f\u00fcmler, \u00e7izgiler, katmanl\u0131 daireler, \u00e7okgenler, \u0131zgaralar ve mozaikler i\u00e7eren y\u00fcksek kaliteli soyut geometrik bir kompozisyon olu\u015fturun; \u00f6n plan geometrisi, orta katman yap\u0131lar\u0131 ve p\u00fcr\u00fczs\u00fcz degrade arka planlarla derinlik ekleyin; camg\u00f6be\u011fi, mavi ve mor vurgular, ince neon vurgular ve yumu\u015fak par\u0131lt\u0131larla koyu lacivert veya siyahtan olu\u015fan birinci s\u0131n\u0131f bir palet kullan\u0131n; keskin kenarlar\u0131, temiz modern tasar\u0131m\u0131, dengeli negatif alan\u0131 ve \u00fcst d\u00fczey teknoloji markas\u0131na uygun ak\u0131ll\u0131, d\u00fczenli f\u00fct\u00fcristik bir havay\u0131 koruyun; ultra ayr\u0131nt\u0131l\u0131, y\u00fcksek \u00e7\u00f6z\u00fcn\u00fcrl\u00fckl\u00fc, metin yok, logo yok, filigran yok, insan yok, robot yok, ger\u00e7ek bilgisayar yok, \u00e7izgi film \u00f6\u011feleri yok.<\/p>\n","protected":false},"excerpt":{"rendered":"<p>Yapay zeka ve veri zekas\u0131ndan ilham alan, net bir odak \u00e7ekirde\u011fi ile simetrik veya yar\u0131 simetrik bir yap\u0131 olu\u015fturan birbirine ba\u011fl\u0131 d\u00fc\u011f\u00fcmler, \u00e7izgiler, katmanl\u0131 daireler, \u00e7okgenler, \u0131zgaralar ve mozaikler i\u00e7eren y\u00fcksek kaliteli soyut geometrik bir kompozisyon olu\u015fturun; \u00f6n plan geometrisi, orta katman yap\u0131lar\u0131 ve p\u00fcr\u00fczs\u00fcz degrade arka planlarla derinlik ekleyin; camg\u00f6be\u011fi, mavi ve mor vurgular, [&hellip;]<\/p>\n","protected":false},"featured_media":21725,"comment_status":"open","ping_status":"closed","template":"","meta":[],"product_brand":[],"product_cat":[347,348],"product_tag":[3986,3674,3617],"class_list":{"0":"post-24659","1":"product","2":"type-product","3":"status-publish","4":"has-post-thumbnail","6":"product_cat-modeller","7":"product_cat-yolculuk-ortasi-ipuclari","8":"product_tag-geometrik","9":"product_tag-soyut","10":"product_tag-temali","12":"first","13":"instock","14":"downloadable","15":"virtual","16":"product-type-simple"},"_links":{"self":[{"href":"https:\/\/prompt-place.com\/tr\/wp-json\/wp\/v2\/product\/24659","targetHints":{"allow":["GET"]}}],"collection":[{"href":"https:\/\/prompt-place.com\/tr\/wp-json\/wp\/v2\/product"}],"about":[{"href":"https:\/\/prompt-place.com\/tr\/wp-json\/wp\/v2\/types\/product"}],"replies":[{"embeddable":true,"href":"https:\/\/prompt-place.com\/tr\/wp-json\/wp\/v2\/comments?post=24659"}],"wp:featuredmedia":[{"embeddable":true,"href":"https:\/\/prompt-place.com\/tr\/wp-json\/wp\/v2\/media\/21725"}],"wp:attachment":[{"href":"https:\/\/prompt-place.com\/tr\/wp-json\/wp\/v2\/media?parent=24659"}],"wp:term":[{"taxonomy":"product_brand","embeddable":true,"href":"https:\/\/prompt-place.com\/tr\/wp-json\/wp\/v2\/product_brand?post=24659"},{"taxonomy":"product_cat","embeddable":true,"href":"https:\/\/prompt-place.com\/tr\/wp-json\/wp\/v2\/product_cat?post=24659"},{"taxonomy":"product_tag","embeddable":true,"href":"https:\/\/prompt-place.com\/tr\/wp-json\/wp\/v2\/product_tag?post=24659"}],"curies":[{"name":"wp","href":"https:\/\/api.w.org\/{rel}","templated":true}]}}