{"id":24656,"date":"2026-01-09T11:46:56","date_gmt":"2026-01-09T11:46:56","guid":{"rendered":"http:\/\/prompt-place.com\/product\/yuzen-urun-kutucuklari-ile-dijital-pazaryeri\/"},"modified":"2026-01-09T11:46:56","modified_gmt":"2026-01-09T11:46:56","slug":"yuzen-urun-kutucuklari-ile-dijital-pazaryeri","status":"publish","type":"product","link":"https:\/\/prompt-place.com\/tr\/urun\/yuzen-urun-kutucuklari-ile-dijital-pazaryeri\/","title":{"rendered":"Y\u00fczen \u00dcr\u00fcn Kutucuklar\u0131 ile Dijital Pazaryeri"},"content":{"rendered":"<p>Koyu veya n\u00f6tr bir zemin, temiz geometri ve g\u00fc\u00e7l\u00fc derinli\u011fe sahip \u015f\u0131k bir sanal ortamda y\u00fczen \u00fcr\u00fcn karolar\u0131 olarak g\u00f6sterilen dijital bir pazar yerinin y\u00fcksek kaliteli f\u00fct\u00fcristik g\u00f6rselle\u015ftirmesini olu\u015fturun; soyut yer tutucu g\u00f6r\u00fcnt\u00fcler, fiyat etiketi \u015fekilleri, derecelendirme simgeleri ve d\u00fc\u011fmeler (okunabilir metin yok) gibi basit kullan\u0131c\u0131 aray\u00fcz\u00fc \u00f6\u011feleri ile 3B alanda as\u0131l\u0131 duran, aral\u0131klar ve yumu\u015fak \u0131\u015f\u0131k vurgular\u0131 arac\u0131l\u0131\u011f\u0131yla ince gruplama ile d\u00fczenli sat\u0131rlar, \u0131zgaralar veya katmanl\u0131 karuseller halinde d\u00fczenlenmi\u015f birden fazla \u00fcr\u00fcn kart\u0131 ekleyin; Kutucuklar\u0131n etraf\u0131na hafif bir parlakl\u0131k, cam benzeri y\u00fczeyler, \u0131\u015f\u0131k izleri ve g\u00f6z atmay\u0131 \u00f6neren hareket ipu\u00e7lar\u0131 ekleyin; camg\u00f6be\u011fi\/mavi\/mor veya yumu\u015fak s\u0131cak vurgular, y\u00fcksek kontrast, zarif minimalizmden olu\u015fan modern bir palet kullan\u0131n; keskin kenarlar, net derinlik hiyerar\u015fisi, karikat\u00fcr g\u00f6r\u00fcn\u00fcm\u00fc, logolar ve bozulma olmadan ultra temiz fotoger\u00e7ek\u00e7i kullan\u0131c\u0131 aray\u00fcz\u00fc stilinde i\u015fleyin.<\/p>\n","protected":false},"excerpt":{"rendered":"<p>Koyu veya n\u00f6tr bir zemin, temiz geometri ve g\u00fc\u00e7l\u00fc derinli\u011fe sahip \u015f\u0131k bir sanal ortamda y\u00fczen \u00fcr\u00fcn karolar\u0131 olarak g\u00f6sterilen dijital bir pazar yerinin y\u00fcksek kaliteli f\u00fct\u00fcristik g\u00f6rselle\u015ftirmesini olu\u015fturun; soyut yer tutucu g\u00f6r\u00fcnt\u00fcler, fiyat etiketi \u015fekilleri, derecelendirme simgeleri ve d\u00fc\u011fmeler (okunabilir metin yok) gibi basit kullan\u0131c\u0131 aray\u00fcz\u00fc \u00f6\u011feleri ile 3B alanda as\u0131l\u0131 duran, aral\u0131klar ve [&hellip;]<\/p>\n","protected":false},"featured_media":21725,"comment_status":"open","ping_status":"closed","template":"","meta":[],"product_brand":[],"product_cat":[347,348],"product_tag":[3441,3980,3982],"class_list":{"0":"post-24656","1":"product","2":"type-product","3":"status-publish","4":"has-post-thumbnail","6":"product_cat-modeller","7":"product_cat-yolculuk-ortasi-ipuclari","8":"product_tag-dijital","9":"product_tag-pazar-yeri","10":"product_tag-yuzen","12":"first","13":"instock","14":"downloadable","15":"virtual","16":"product-type-simple"},"_links":{"self":[{"href":"https:\/\/prompt-place.com\/tr\/wp-json\/wp\/v2\/product\/24656","targetHints":{"allow":["GET"]}}],"collection":[{"href":"https:\/\/prompt-place.com\/tr\/wp-json\/wp\/v2\/product"}],"about":[{"href":"https:\/\/prompt-place.com\/tr\/wp-json\/wp\/v2\/types\/product"}],"replies":[{"embeddable":true,"href":"https:\/\/prompt-place.com\/tr\/wp-json\/wp\/v2\/comments?post=24656"}],"wp:featuredmedia":[{"embeddable":true,"href":"https:\/\/prompt-place.com\/tr\/wp-json\/wp\/v2\/media\/21725"}],"wp:attachment":[{"href":"https:\/\/prompt-place.com\/tr\/wp-json\/wp\/v2\/media?parent=24656"}],"wp:term":[{"taxonomy":"product_brand","embeddable":true,"href":"https:\/\/prompt-place.com\/tr\/wp-json\/wp\/v2\/product_brand?post=24656"},{"taxonomy":"product_cat","embeddable":true,"href":"https:\/\/prompt-place.com\/tr\/wp-json\/wp\/v2\/product_cat?post=24656"},{"taxonomy":"product_tag","embeddable":true,"href":"https:\/\/prompt-place.com\/tr\/wp-json\/wp\/v2\/product_tag?post=24656"}],"curies":[{"name":"wp","href":"https:\/\/api.w.org\/{rel}","templated":true}]}}