{"id":24653,"date":"2026-01-09T11:46:56","date_gmt":"2026-01-09T11:46:56","guid":{"rendered":"http:\/\/prompt-place.com\/product\/birbirine-bagli-parlayan-yapilar-olarak-blockchain-sistemi\/"},"modified":"2026-01-09T11:46:56","modified_gmt":"2026-01-09T11:46:56","slug":"birbirine-bagli-parlayan-yapilar-olarak-blockchain-sistemi","status":"publish","type":"product","link":"https:\/\/prompt-place.com\/tr\/urun\/birbirine-bagli-parlayan-yapilar-olarak-blockchain-sistemi\/","title":{"rendered":"Birbirine Ba\u011fl\u0131 Parlayan Yap\u0131lar Olarak Blockchain Sistemi"},"content":{"rendered":"<p>Do\u011frulama ve ademi merkeziyet\u00e7ili\u011fe i\u015faret etmek i\u00e7in \u0131\u015f\u0131kl\u0131 mod\u00fcler &#8220;bloklar&#8221;, ba\u011flant\u0131l\u0131 d\u00fc\u011f\u00fcm k\u00fcmeleri ve aralar\u0131nda \u0131\u015f\u0131k darbeleri dola\u015fan katmanl\u0131 zincirler i\u00e7eren, birbirine ba\u011fl\u0131 parlayan yap\u0131lar olarak bir blok zinciri sisteminin y\u00fcksek kaliteli f\u00fct\u00fcristik g\u00f6rselle\u015ftirmesini olu\u015fturun; m\u00fchendislik hassasiyetini ve b\u00fcy\u00fck \u00f6l\u00e7ekli dijital altyap\u0131y\u0131 aktarmak i\u00e7in camg\u00f6be\u011fi\/mavi\/mor par\u0131lt\u0131l\u0131 vurgular, yumu\u015fak \u00e7i\u00e7eklenme, ince hacimsel pus ve kontroll\u00fc par\u00e7ac\u0131klarla koyu lacivert\/siyah bir arka plan kullan\u0131n; net bir odak b\u00f6lgesi, ultra ayr\u0131nt\u0131l\u0131 net geometri, birinci s\u0131n\u0131f bilim-teknoloji esteti\u011fi, metin, logo, filigran, \u00e7izgi film stili, bozuk \u015fekiller i\u00e7ermeyen dengeli bir kompozisyon.<\/p>\n","protected":false},"excerpt":{"rendered":"<p>Do\u011frulama ve ademi merkeziyet\u00e7ili\u011fe i\u015faret etmek i\u00e7in \u0131\u015f\u0131kl\u0131 mod\u00fcler &#8220;bloklar&#8221;, ba\u011flant\u0131l\u0131 d\u00fc\u011f\u00fcm k\u00fcmeleri ve aralar\u0131nda \u0131\u015f\u0131k darbeleri dola\u015fan katmanl\u0131 zincirler i\u00e7eren, birbirine ba\u011fl\u0131 parlayan yap\u0131lar olarak bir blok zinciri sisteminin y\u00fcksek kaliteli f\u00fct\u00fcristik g\u00f6rselle\u015ftirmesini olu\u015fturun; m\u00fchendislik hassasiyetini ve b\u00fcy\u00fck \u00f6l\u00e7ekli dijital altyap\u0131y\u0131 aktarmak i\u00e7in camg\u00f6be\u011fi\/mavi\/mor par\u0131lt\u0131l\u0131 vurgular, yumu\u015fak \u00e7i\u00e7eklenme, ince hacimsel pus ve kontroll\u00fc par\u00e7ac\u0131klarla [&hellip;]<\/p>\n","protected":false},"featured_media":21725,"comment_status":"open","ping_status":"closed","template":"","meta":[],"product_brand":[],"product_cat":[347,348],"product_tag":[3975,1975,3974],"class_list":{"0":"post-24653","1":"product","2":"type-product","3":"status-publish","4":"has-post-thumbnail","6":"product_cat-modeller","7":"product_cat-yolculuk-ortasi-ipuclari","8":"product_tag-birbirine-bagli","9":"product_tag-blok-zinciri","10":"product_tag-sistem","12":"first","13":"instock","14":"downloadable","15":"virtual","16":"product-type-simple"},"_links":{"self":[{"href":"https:\/\/prompt-place.com\/tr\/wp-json\/wp\/v2\/product\/24653","targetHints":{"allow":["GET"]}}],"collection":[{"href":"https:\/\/prompt-place.com\/tr\/wp-json\/wp\/v2\/product"}],"about":[{"href":"https:\/\/prompt-place.com\/tr\/wp-json\/wp\/v2\/types\/product"}],"replies":[{"embeddable":true,"href":"https:\/\/prompt-place.com\/tr\/wp-json\/wp\/v2\/comments?post=24653"}],"wp:featuredmedia":[{"embeddable":true,"href":"https:\/\/prompt-place.com\/tr\/wp-json\/wp\/v2\/media\/21725"}],"wp:attachment":[{"href":"https:\/\/prompt-place.com\/tr\/wp-json\/wp\/v2\/media?parent=24653"}],"wp:term":[{"taxonomy":"product_brand","embeddable":true,"href":"https:\/\/prompt-place.com\/tr\/wp-json\/wp\/v2\/product_brand?post=24653"},{"taxonomy":"product_cat","embeddable":true,"href":"https:\/\/prompt-place.com\/tr\/wp-json\/wp\/v2\/product_cat?post=24653"},{"taxonomy":"product_tag","embeddable":true,"href":"https:\/\/prompt-place.com\/tr\/wp-json\/wp\/v2\/product_tag?post=24653"}],"curies":[{"name":"wp","href":"https:\/\/api.w.org\/{rel}","templated":true}]}}