{"id":24651,"date":"2026-01-09T11:46:56","date_gmt":"2026-01-09T11:46:56","guid":{"rendered":"http:\/\/prompt-place.com\/product\/isik-devrelerinden-olusan-sibernetik-beyin\/"},"modified":"2026-01-09T11:46:56","modified_gmt":"2026-01-09T11:46:56","slug":"isik-devrelerinden-olusan-sibernetik-beyin","status":"publish","type":"product","link":"https:\/\/prompt-place.com\/tr\/urun\/isik-devrelerinden-olusan-sibernetik-beyin\/","title":{"rendered":"I\u015f\u0131k Devrelerinden Olu\u015fan Sibernetik Beyin"},"content":{"rendered":"<p>Tamamen karma\u015f\u0131k devrelerden, mikro\u00e7iplerden ve parlayan yollardan olu\u015fan sibernetik bir beynin y\u00fcksek kaliteli sinematik g\u00f6rselle\u015ftirmesini olu\u015fturun; hassas bir beyin \u015feklindeki yap\u0131n\u0131n etraf\u0131n\u0131 saran yo\u011fun devre izleri, g\u00f6m\u00fcl\u00fc mikro\u00e7ip \u00f6\u011feleri ve hesaplamay\u0131 \u00f6nermek i\u00e7in yollar boyunca ilerleyen \u0131\u015f\u0131k darbeleri ile tasarlay\u0131n; metalik ve cam benzeri malzemeler, keskin kenarlar, ger\u00e7ek\u00e7i yans\u0131malar ve birinci s\u0131n\u0131f bir bilim-teknoloji esteti\u011fi ile i\u015fleyin; parlak camg\u00f6be\u011fi\/mavi\/mor par\u0131lt\u0131, yumu\u015fak \u00e7i\u00e7eklenme ve ince hacimsel pus ile koyu, y\u00fcksek kontrastl\u0131 bir arka plan kullan\u0131n; ultra ayr\u0131nt\u0131l\u0131 fotoger\u00e7ek\u00e7i kalitede, metin, logo, organik doku ve bozulma olmadan ortalanm\u0131\u015f kompozisyon.<\/p>\n","protected":false},"excerpt":{"rendered":"<p>Tamamen karma\u015f\u0131k devrelerden, mikro\u00e7iplerden ve parlayan yollardan olu\u015fan sibernetik bir beynin y\u00fcksek kaliteli sinematik g\u00f6rselle\u015ftirmesini olu\u015fturun; hassas bir beyin \u015feklindeki yap\u0131n\u0131n etraf\u0131n\u0131 saran yo\u011fun devre izleri, g\u00f6m\u00fcl\u00fc mikro\u00e7ip \u00f6\u011feleri ve hesaplamay\u0131 \u00f6nermek i\u00e7in yollar boyunca ilerleyen \u0131\u015f\u0131k darbeleri ile tasarlay\u0131n; metalik ve cam benzeri malzemeler, keskin kenarlar, ger\u00e7ek\u00e7i yans\u0131malar ve birinci s\u0131n\u0131f bir bilim-teknoloji esteti\u011fi [&hellip;]<\/p>\n","protected":false},"featured_media":21725,"comment_status":"open","ping_status":"closed","template":"","meta":[],"product_brand":[],"product_cat":[347,348],"product_tag":[3443,3970,3971],"class_list":{"0":"post-24651","1":"product","2":"type-product","3":"status-publish","4":"has-post-thumbnail","6":"product_cat-modeller","7":"product_cat-yolculuk-ortasi-ipuclari","8":"product_tag-beyin","9":"product_tag-sibernetik","10":"product_tag-yapilmis","12":"first","13":"instock","14":"downloadable","15":"virtual","16":"product-type-simple"},"_links":{"self":[{"href":"https:\/\/prompt-place.com\/tr\/wp-json\/wp\/v2\/product\/24651","targetHints":{"allow":["GET"]}}],"collection":[{"href":"https:\/\/prompt-place.com\/tr\/wp-json\/wp\/v2\/product"}],"about":[{"href":"https:\/\/prompt-place.com\/tr\/wp-json\/wp\/v2\/types\/product"}],"replies":[{"embeddable":true,"href":"https:\/\/prompt-place.com\/tr\/wp-json\/wp\/v2\/comments?post=24651"}],"wp:featuredmedia":[{"embeddable":true,"href":"https:\/\/prompt-place.com\/tr\/wp-json\/wp\/v2\/media\/21725"}],"wp:attachment":[{"href":"https:\/\/prompt-place.com\/tr\/wp-json\/wp\/v2\/media?parent=24651"}],"wp:term":[{"taxonomy":"product_brand","embeddable":true,"href":"https:\/\/prompt-place.com\/tr\/wp-json\/wp\/v2\/product_brand?post=24651"},{"taxonomy":"product_cat","embeddable":true,"href":"https:\/\/prompt-place.com\/tr\/wp-json\/wp\/v2\/product_cat?post=24651"},{"taxonomy":"product_tag","embeddable":true,"href":"https:\/\/prompt-place.com\/tr\/wp-json\/wp\/v2\/product_tag?post=24651"}],"curies":[{"name":"wp","href":"https:\/\/api.w.org\/{rel}","templated":true}]}}