{"id":24648,"date":"2026-01-09T11:46:56","date_gmt":"2026-01-09T11:46:56","guid":{"rendered":"http:\/\/prompt-place.com\/product\/parlayan-oklar-ve-sik-sekiller-ile-buyume-konsepti\/"},"modified":"2026-01-09T11:46:56","modified_gmt":"2026-01-09T11:46:56","slug":"parlayan-oklar-ve-sik-sekiller-ile-buyume-konsepti","status":"publish","type":"product","link":"https:\/\/prompt-place.com\/tr\/urun\/parlayan-oklar-ve-sik-sekiller-ile-buyume-konsepti\/","title":{"rendered":"Parlayan Oklar ve \u015e\u0131k \u015eekiller ile B\u00fcy\u00fcme Konsepti"},"content":{"rendered":"<p>\u00c7ubuklar, e\u011friler, degradeler, katmanl\u0131 kartlar gibi temiz geometrik unsurlar ve h\u0131zlanmay\u0131 g\u00f6steren ince \u0131\u015f\u0131k izleri ile \u015f\u0131k soyut \u015fekillerle \u00e7evrili yukar\u0131 do\u011fru parlayan bask\u0131n bir ok kullanarak i\u015f b\u00fcy\u00fcmesinin y\u00fcksek kaliteli modern g\u00f6rselle\u015ftirmesini olu\u015fturun; cam benzeri, metalik veya mat y\u00fczeyler, zarif degradeler ve iste\u011fe ba\u011fl\u0131 s\u0131cak vurgularla camg\u00f6be\u011fi\/mavi\/menek\u015fe renginde kontroll\u00fc neon vurgularla birinci s\u0131n\u0131f kurumsal teknoloji esteti\u011fi; net odak oku, dengeli kompozisyon, g\u00fc\u00e7l\u00fc negatif alan, kendinden emin ve iyimser ruh hali; keskin kenarlar, p\u00fcr\u00fczs\u00fcz ayd\u0131nlatma, minimum g\u00fcr\u00fclt\u00fc, karikat\u00fcr tarz\u0131 yok, da\u011f\u0131n\u0131kl\u0131k yok, logolar yok, okunabilir metin yok, kaotik arka plan yok &#8211; b\u00fcy\u00fcmeyi, ivmeyi ve yukar\u0131 do\u011fru ilerlemeyi temsil eden cilal\u0131 bir g\u00f6rsel.<\/p>\n","protected":false},"excerpt":{"rendered":"<p>\u00c7ubuklar, e\u011friler, degradeler, katmanl\u0131 kartlar gibi temiz geometrik unsurlar ve h\u0131zlanmay\u0131 g\u00f6steren ince \u0131\u015f\u0131k izleri ile \u015f\u0131k soyut \u015fekillerle \u00e7evrili yukar\u0131 do\u011fru parlayan bask\u0131n bir ok kullanarak i\u015f b\u00fcy\u00fcmesinin y\u00fcksek kaliteli modern g\u00f6rselle\u015ftirmesini olu\u015fturun; cam benzeri, metalik veya mat y\u00fczeyler, zarif degradeler ve iste\u011fe ba\u011fl\u0131 s\u0131cak vurgularla camg\u00f6be\u011fi\/mavi\/menek\u015fe renginde kontroll\u00fc neon vurgularla birinci s\u0131n\u0131f kurumsal [&hellip;]<\/p>\n","protected":false},"featured_media":21725,"comment_status":"open","ping_status":"closed","template":"","meta":[],"product_brand":[],"product_cat":[347,348],"product_tag":[3964,3965,3694],"class_list":{"0":"post-24648","1":"product","2":"type-product","3":"status-publish","4":"has-post-thumbnail","6":"product_cat-modeller","7":"product_cat-yolculuk-ortasi-ipuclari","8":"product_tag-buyume","9":"product_tag-kavram","10":"product_tag-parlayan","12":"first","13":"instock","14":"downloadable","15":"virtual","16":"product-type-simple"},"_links":{"self":[{"href":"https:\/\/prompt-place.com\/tr\/wp-json\/wp\/v2\/product\/24648","targetHints":{"allow":["GET"]}}],"collection":[{"href":"https:\/\/prompt-place.com\/tr\/wp-json\/wp\/v2\/product"}],"about":[{"href":"https:\/\/prompt-place.com\/tr\/wp-json\/wp\/v2\/types\/product"}],"replies":[{"embeddable":true,"href":"https:\/\/prompt-place.com\/tr\/wp-json\/wp\/v2\/comments?post=24648"}],"wp:featuredmedia":[{"embeddable":true,"href":"https:\/\/prompt-place.com\/tr\/wp-json\/wp\/v2\/media\/21725"}],"wp:attachment":[{"href":"https:\/\/prompt-place.com\/tr\/wp-json\/wp\/v2\/media?parent=24648"}],"wp:term":[{"taxonomy":"product_brand","embeddable":true,"href":"https:\/\/prompt-place.com\/tr\/wp-json\/wp\/v2\/product_brand?post=24648"},{"taxonomy":"product_cat","embeddable":true,"href":"https:\/\/prompt-place.com\/tr\/wp-json\/wp\/v2\/product_cat?post=24648"},{"taxonomy":"product_tag","embeddable":true,"href":"https:\/\/prompt-place.com\/tr\/wp-json\/wp\/v2\/product_tag?post=24648"}],"curies":[{"name":"wp","href":"https:\/\/api.w.org\/{rel}","templated":true}]}}