{"id":24645,"date":"2026-01-09T11:46:56","date_gmt":"2026-01-09T11:46:56","guid":{"rendered":"http:\/\/prompt-place.com\/product\/devasa-bir-veri-kuresi-icinde-calisan-ekip\/"},"modified":"2026-01-09T11:46:56","modified_gmt":"2026-01-09T11:46:56","slug":"devasa-bir-veri-kuresi-icinde-calisan-ekip","status":"publish","type":"product","link":"https:\/\/prompt-place.com\/tr\/urun\/devasa-bir-veri-kuresi-icinde-calisan-ekip\/","title":{"rendered":"Devasa Bir Veri K\u00fcresi \u0130\u00e7inde \u00c7al\u0131\u015fan Ekip"},"content":{"rendered":"<p>F\u00fct\u00fcristik, y\u00fcksek teknolojili bir i\u00e7 mekan\u0131 dolduran devasa, \u015feffaf, parlayan bir veri k\u00fcresinin i\u00e7inde \u00e7al\u0131\u015fan k\u00fc\u00e7\u00fck bir ekibin y\u00fcksek kaliteli sinematik sahnesini olu\u015fturun; devasa k\u00fcre, canl\u0131 veri ak\u0131\u015f\u0131n\u0131 temsil eden katmanl\u0131 holografik \u00f6\u011feler (y\u00fczen grafikler, a\u011f \u00e7izgileri, d\u00fc\u011f\u00fcmler, par\u00e7ac\u0131k ak\u0131\u015flar\u0131, \u0131\u015f\u0131k izleri ve titre\u015fen noktalar) i\u00e7erir, hepsi metin veya logo olmadan temiz ve okunabilirdir; 3-6 ki\u015fi konsollar ve hologramlar etraf\u0131nda i\u015fbirli\u011fi yap\u0131yor, sakin ve odaklanm\u0131\u015f, y\u00fczler vurgulanmam\u0131\u015f; karanl\u0131k veya n\u00f6tr oda esas olarak k\u00fcrenin yumu\u015fak puslu, g\u00fc\u00e7l\u00fc derinlikli ve sinematik kontrastl\u0131 so\u011fuk camg\u00f6be\u011fi\/mavi\/mor neon \u0131\u015f\u0131lt\u0131s\u0131yla ayd\u0131nlat\u0131l\u0131yor; fotoger\u00e7ek\u00e7i malzemeler, keskin yans\u0131malar ve karikat\u00fcr tarz\u0131 veya \u00e7arp\u0131t\u0131lm\u0131\u015f anatomi olmadan k\u00fcrenin ekip \u00fczerindeki dramatik \u00f6l\u00e7e\u011fini vurgulayan geni\u015f a\u00e7\u0131l\u0131 kompozisyon.<\/p>\n","protected":false},"excerpt":{"rendered":"<p>F\u00fct\u00fcristik, y\u00fcksek teknolojili bir i\u00e7 mekan\u0131 dolduran devasa, \u015feffaf, parlayan bir veri k\u00fcresinin i\u00e7inde \u00e7al\u0131\u015fan k\u00fc\u00e7\u00fck bir ekibin y\u00fcksek kaliteli sinematik sahnesini olu\u015fturun; devasa k\u00fcre, canl\u0131 veri ak\u0131\u015f\u0131n\u0131 temsil eden katmanl\u0131 holografik \u00f6\u011feler (y\u00fczen grafikler, a\u011f \u00e7izgileri, d\u00fc\u011f\u00fcmler, par\u00e7ac\u0131k ak\u0131\u015flar\u0131, \u0131\u015f\u0131k izleri ve titre\u015fen noktalar) i\u00e7erir, hepsi metin veya logo olmadan temiz ve okunabilirdir; 3-6 [&hellip;]<\/p>\n","protected":false},"featured_media":21725,"comment_status":"open","ping_status":"closed","template":"","meta":[],"product_brand":[],"product_cat":[347,348],"product_tag":[3957,3959,3890],"class_list":{"0":"post-24645","1":"product","2":"type-product","3":"status-publish","4":"has-post-thumbnail","6":"product_cat-modeller","7":"product_cat-yolculuk-ortasi-ipuclari","8":"product_tag-calisiyor","9":"product_tag-iceride","10":"product_tag-takim","12":"first","13":"instock","14":"downloadable","15":"virtual","16":"product-type-simple"},"_links":{"self":[{"href":"https:\/\/prompt-place.com\/tr\/wp-json\/wp\/v2\/product\/24645","targetHints":{"allow":["GET"]}}],"collection":[{"href":"https:\/\/prompt-place.com\/tr\/wp-json\/wp\/v2\/product"}],"about":[{"href":"https:\/\/prompt-place.com\/tr\/wp-json\/wp\/v2\/types\/product"}],"replies":[{"embeddable":true,"href":"https:\/\/prompt-place.com\/tr\/wp-json\/wp\/v2\/comments?post=24645"}],"wp:featuredmedia":[{"embeddable":true,"href":"https:\/\/prompt-place.com\/tr\/wp-json\/wp\/v2\/media\/21725"}],"wp:attachment":[{"href":"https:\/\/prompt-place.com\/tr\/wp-json\/wp\/v2\/media?parent=24645"}],"wp:term":[{"taxonomy":"product_brand","embeddable":true,"href":"https:\/\/prompt-place.com\/tr\/wp-json\/wp\/v2\/product_brand?post=24645"},{"taxonomy":"product_cat","embeddable":true,"href":"https:\/\/prompt-place.com\/tr\/wp-json\/wp\/v2\/product_cat?post=24645"},{"taxonomy":"product_tag","embeddable":true,"href":"https:\/\/prompt-place.com\/tr\/wp-json\/wp\/v2\/product_tag?post=24645"}],"curies":[{"name":"wp","href":"https:\/\/api.w.org\/{rel}","templated":true}]}}