{"id":24642,"date":"2026-01-09T11:46:56","date_gmt":"2026-01-09T11:46:56","guid":{"rendered":"http:\/\/prompt-place.com\/product\/canli-soyut-veri-dalgalari-olarak-pazarlama-analitigi\/"},"modified":"2026-01-09T11:46:56","modified_gmt":"2026-01-09T11:46:56","slug":"canli-soyut-veri-dalgalari-olarak-pazarlama-analitigi","status":"publish","type":"product","link":"https:\/\/prompt-place.com\/tr\/urun\/canli-soyut-veri-dalgalari-olarak-pazarlama-analitigi\/","title":{"rendered":"Canl\u0131 Soyut Veri Dalgalar\u0131 Olarak Pazarlama Analiti\u011fi"},"content":{"rendered":"<p>Par\u00e7ac\u0131klar, yumu\u015fak degradeler, nab\u0131z noktalar\u0131, etkile\u015fim ve d\u00f6n\u00fc\u015f\u00fcmleri g\u00f6steren ritmik tepe noktalar\u0131, ayr\u0131ca yap\u0131y\u0131 ima etmek i\u00e7in d\u00fc\u011f\u00fcmler, ince \u0131zgara \u00e7izgileri ve kavisli yollar gibi ince geometrik vurgularla dolu \u00e7ok katmanl\u0131 \u0131\u015f\u0131k yap\u0131m\u0131 dalgalarla, canl\u0131 akan veri dalgalar\u0131 olarak pazarlama analiti\u011finin y\u00fcksek kaliteli soyut g\u00f6rselle\u015ftirmesini olu\u015fturun; s\u0131cak pembe \/ turuncu enerji vurgular\u0131, dalga kenarlar\u0131nda yumu\u015fak par\u0131lt\u0131 ve \u00e7i\u00e7eklenme, g\u00fcr\u00fclt\u00fc olmadan zarif karma\u015f\u0131kl\u0131k ile canl\u0131 ama kontroll\u00fc bir camg\u00f6be\u011fi, deniz mavisi, mavi, menek\u015fe paleti kullan\u0131n; derinlik, hareket ve ak\u0131ll\u0131 modern enerji hissi ile g\u00fc\u00e7l\u00fc kontrast i\u00e7in koyu veya derin degrade bir arka plan \u00fczerine yerle\u015ftirilmi\u015f; net bir odak dalgas\u0131 ve katmanl\u0131 destek dalgalar\u0131 ile dengeli kompozisyon; ultra ayr\u0131nt\u0131l\u0131, net, y\u00fcksek \u00e7\u00f6z\u00fcn\u00fcrl\u00fckl\u00fc i\u015fleme, karikat\u00fcr tarz\u0131 yok, metin yok, logo yok, rastgele semboller yok, bozulma yok &#8211; pazarlama performans\u0131 sinyallerini ve veriye dayal\u0131 momentumu \u00e7a\u011fr\u0131\u015ft\u0131ran soyut bir g\u00f6rsel.<\/p>\n","protected":false},"excerpt":{"rendered":"<p>Par\u00e7ac\u0131klar, yumu\u015fak degradeler, nab\u0131z noktalar\u0131, etkile\u015fim ve d\u00f6n\u00fc\u015f\u00fcmleri g\u00f6steren ritmik tepe noktalar\u0131, ayr\u0131ca yap\u0131y\u0131 ima etmek i\u00e7in d\u00fc\u011f\u00fcmler, ince \u0131zgara \u00e7izgileri ve kavisli yollar gibi ince geometrik vurgularla dolu \u00e7ok katmanl\u0131 \u0131\u015f\u0131k yap\u0131m\u0131 dalgalarla, canl\u0131 akan veri dalgalar\u0131 olarak pazarlama analiti\u011finin y\u00fcksek kaliteli soyut g\u00f6rselle\u015ftirmesini olu\u015fturun; s\u0131cak pembe \/ turuncu enerji vurgular\u0131, dalga kenarlar\u0131nda yumu\u015fak [&hellip;]<\/p>\n","protected":false},"featured_media":21725,"comment_status":"open","ping_status":"closed","template":"","meta":[],"product_brand":[],"product_cat":[347,348],"product_tag":[2326,3953,3952],"class_list":{"0":"post-24642","1":"product","2":"type-product","3":"status-publish","4":"has-post-thumbnail","6":"product_cat-modeller","7":"product_cat-yolculuk-ortasi-ipuclari","8":"product_tag-analitik","9":"product_tag-canli","10":"product_tag-pazarlama","12":"first","13":"instock","14":"downloadable","15":"virtual","16":"product-type-simple"},"_links":{"self":[{"href":"https:\/\/prompt-place.com\/tr\/wp-json\/wp\/v2\/product\/24642","targetHints":{"allow":["GET"]}}],"collection":[{"href":"https:\/\/prompt-place.com\/tr\/wp-json\/wp\/v2\/product"}],"about":[{"href":"https:\/\/prompt-place.com\/tr\/wp-json\/wp\/v2\/types\/product"}],"replies":[{"embeddable":true,"href":"https:\/\/prompt-place.com\/tr\/wp-json\/wp\/v2\/comments?post=24642"}],"wp:featuredmedia":[{"embeddable":true,"href":"https:\/\/prompt-place.com\/tr\/wp-json\/wp\/v2\/media\/21725"}],"wp:attachment":[{"href":"https:\/\/prompt-place.com\/tr\/wp-json\/wp\/v2\/media?parent=24642"}],"wp:term":[{"taxonomy":"product_brand","embeddable":true,"href":"https:\/\/prompt-place.com\/tr\/wp-json\/wp\/v2\/product_brand?post=24642"},{"taxonomy":"product_cat","embeddable":true,"href":"https:\/\/prompt-place.com\/tr\/wp-json\/wp\/v2\/product_cat?post=24642"},{"taxonomy":"product_tag","embeddable":true,"href":"https:\/\/prompt-place.com\/tr\/wp-json\/wp\/v2\/product_tag?post=24642"}],"curies":[{"name":"wp","href":"https:\/\/api.w.org\/{rel}","templated":true}]}}