{"id":24635,"date":"2026-01-09T11:46:54","date_gmt":"2026-01-09T11:46:54","guid":{"rendered":"http:\/\/prompt-place.com\/product\/etrafi-donen-devrelerle-cevrili-gelismis-yapay-zeka-cekirdegi\/"},"modified":"2026-01-09T11:46:54","modified_gmt":"2026-01-09T11:46:54","slug":"etrafi-donen-devrelerle-cevrili-gelismis-yapay-zeka-cekirdegi","status":"publish","type":"product","link":"https:\/\/prompt-place.com\/tr\/urun\/etrafi-donen-devrelerle-cevrili-gelismis-yapay-zeka-cekirdegi\/","title":{"rendered":"Etraf\u0131 D\u00f6nen Devrelerle \u00c7evrili Geli\u015fmi\u015f Yapay Zeka \u00c7ekirde\u011fi"},"content":{"rendered":"<p>Karanl\u0131k bir f\u00fct\u00fcristik teknoloji ortam\u0131nda y\u00fczen geli\u015fmi\u015f bir yapay zeka \u00e7ekirde\u011finin y\u00fcksek kaliteli, sinematik fotoger\u00e7ek\u00e7i g\u00f6rselle\u015ftirmesini olu\u015fturun; devre, mikro\u00e7ip desenleri, ince neon yollar ve hatlar boyunca hareket eden veri darbeleri ile birden fazla d\u00f6nen jiroskopik halka ile \u00e7evrili parlayan bir merkezi k\u00fcre veya kristal \u00e7ekirdek i\u00e7erir; d\u00f6nen halkalarda dinamik hareket bulan\u0131kl\u0131\u011f\u0131, katmanl\u0131 devre kartlar\u0131 ve \u00e7ekirde\u011fin etraf\u0131na entegre edilmi\u015f metalik bile\u015fenleri hassas, \u00fcst d\u00fczey bir bilim kurgu m\u00fchendisli\u011fi esteti\u011fiyle ekleyin; g\u00fc\u00e7l\u00fc kontrast, yumu\u015fak hacimsel pus, yans\u0131t\u0131c\u0131 metal ve cam benzeri malzemeler, m\u00fckemmel ortalanm\u0131\u015f kompozisyon, derin katmanl\u0131 derinlik, keskin kenarlar ve temiz geometri ile camg\u00f6be\u011fi, mavi ve mordan olu\u015fan so\u011fuk bir neon paleti kullan\u0131n &#8211; karikat\u00fcr tarz\u0131 yok, rastgele metin yok, bozulma yok, geli\u015fmi\u015f AI teknolojisinin tek bir sinematik g\u00f6r\u00fcnt\u00fcs\u00fcn\u00fc \u00fcretiyor.<\/p>\n","protected":false},"excerpt":{"rendered":"<p>Karanl\u0131k bir f\u00fct\u00fcristik teknoloji ortam\u0131nda y\u00fczen geli\u015fmi\u015f bir yapay zeka \u00e7ekirde\u011finin y\u00fcksek kaliteli, sinematik fotoger\u00e7ek\u00e7i g\u00f6rselle\u015ftirmesini olu\u015fturun; devre, mikro\u00e7ip desenleri, ince neon yollar ve hatlar boyunca hareket eden veri darbeleri ile birden fazla d\u00f6nen jiroskopik halka ile \u00e7evrili parlayan bir merkezi k\u00fcre veya kristal \u00e7ekirdek i\u00e7erir; d\u00f6nen halkalarda dinamik hareket bulan\u0131kl\u0131\u011f\u0131, katmanl\u0131 devre kartlar\u0131 ve [&hellip;]<\/p>\n","protected":false},"featured_media":21725,"comment_status":"open","ping_status":"closed","template":"","meta":[],"product_brand":[],"product_cat":[347,348],"product_tag":[3936,3935,3937],"class_list":{"0":"post-24635","1":"product","2":"type-product","3":"status-publish","4":"has-post-thumbnail","6":"product_cat-modeller","7":"product_cat-yolculuk-ortasi-ipuclari","8":"product_tag-cekirdek","9":"product_tag-gelismis","10":"product_tag-kusatilmis","12":"first","13":"instock","14":"downloadable","15":"virtual","16":"product-type-simple"},"_links":{"self":[{"href":"https:\/\/prompt-place.com\/tr\/wp-json\/wp\/v2\/product\/24635","targetHints":{"allow":["GET"]}}],"collection":[{"href":"https:\/\/prompt-place.com\/tr\/wp-json\/wp\/v2\/product"}],"about":[{"href":"https:\/\/prompt-place.com\/tr\/wp-json\/wp\/v2\/types\/product"}],"replies":[{"embeddable":true,"href":"https:\/\/prompt-place.com\/tr\/wp-json\/wp\/v2\/comments?post=24635"}],"wp:featuredmedia":[{"embeddable":true,"href":"https:\/\/prompt-place.com\/tr\/wp-json\/wp\/v2\/media\/21725"}],"wp:attachment":[{"href":"https:\/\/prompt-place.com\/tr\/wp-json\/wp\/v2\/media?parent=24635"}],"wp:term":[{"taxonomy":"product_brand","embeddable":true,"href":"https:\/\/prompt-place.com\/tr\/wp-json\/wp\/v2\/product_brand?post=24635"},{"taxonomy":"product_cat","embeddable":true,"href":"https:\/\/prompt-place.com\/tr\/wp-json\/wp\/v2\/product_cat?post=24635"},{"taxonomy":"product_tag","embeddable":true,"href":"https:\/\/prompt-place.com\/tr\/wp-json\/wp\/v2\/product_tag?post=24635"}],"curies":[{"name":"wp","href":"https:\/\/api.w.org\/{rel}","templated":true}]}}