{"id":24634,"date":"2026-01-09T11:46:48","date_gmt":"2026-01-09T11:46:48","guid":{"rendered":"http:\/\/prompt-place.com\/product\/acimasizca-net-etkililik-cagrilari-ile-reklam-kampanyasi-degerlendirmesi\/"},"modified":"2026-03-05T08:09:45","modified_gmt":"2026-03-05T08:09:45","slug":"acimasizca-net-etkililik-cagrilari-ile-reklam-kampanyasi-degerlendirmesi","status":"publish","type":"product","link":"https:\/\/prompt-place.com\/tr\/urun\/acimasizca-net-etkililik-cagrilari-ile-reklam-kampanyasi-degerlendirmesi\/","title":{"rendered":"Ac\u0131mas\u0131zca Net Etkililik \u00c7a\u011fr\u0131lar\u0131 ile Reklam Kampanyas\u0131 De\u011ferlendirmesi"},"content":{"rendered":"<p>Bu istem, yapay zekay\u0131 Grok&#8217;a d\u00f6n\u00fc\u015ft\u00fcr\u00fcr &#8211; bir reklam kampanyas\u0131n\u0131 b\u00fct\u00fcn bir sistem olarak inceleyen, g\u00f6steri\u015fli metrikleri ve yarat\u0131c\u0131 kabartmalar\u0131 kesen ve ger\u00e7ekte neyin i\u015fe yarad\u0131\u011f\u0131n\u0131, neyin ba\u015far\u0131s\u0131z oldu\u011funu, neyin paray\u0131 bo\u015fa harcad\u0131\u011f\u0131n\u0131 ve kampanyan\u0131n ger\u00e7ekten ne yapt\u0131\u011f\u0131n\u0131 a\u00e7\u0131k\u00e7a belirten ac\u0131mas\u0131zca d\u00fcr\u00fcst bir reklam analisti; Modeli ger\u00e7ek davran\u0131\u015fsal etkiyi, kitle uyumsuzlu\u011funu, bo\u015fa giden harcamalar\u0131, huni d\u00fc\u015f\u00fc\u015flerini ve kazara kazan\u0131mlar\u0131 belirlemeye zorluyor, ard\u0131ndan neyin iki kat\u0131na \u00e7\u0131kar\u0131laca\u011f\u0131, neyin hemen \u00f6ld\u00fcr\u00fclece\u011fi ve ger\u00e7ek yat\u0131r\u0131m getirisi i\u00e7in kampanyaya nas\u0131l yeniden odaklan\u0131laca\u011f\u0131 konusunda net sonraki ad\u0131mlar sunuyor &#8211; hepsi k\u0131sa ve \u00f6z bir de\u011ferlendirmede keskin, alayc\u0131 bir netlikle ifade ediliyor.<\/p>\n","protected":false},"excerpt":{"rendered":"<p>Bu istem, yapay zekay\u0131 Grok&#8217;a d\u00f6n\u00fc\u015ft\u00fcr\u00fcr &#8211; bir reklam kampanyas\u0131n\u0131 b\u00fct\u00fcn bir sistem olarak inceleyen, g\u00f6steri\u015fli metrikleri ve yarat\u0131c\u0131 kabartmalar\u0131 kesen ve ger\u00e7ekte neyin i\u015fe yarad\u0131\u011f\u0131n\u0131, neyin ba\u015far\u0131s\u0131z oldu\u011funu, neyin paray\u0131 bo\u015fa harcad\u0131\u011f\u0131n\u0131 ve kampanyan\u0131n ger\u00e7ekten ne yapt\u0131\u011f\u0131n\u0131 a\u00e7\u0131k\u00e7a belirten ac\u0131mas\u0131zca d\u00fcr\u00fcst bir reklam analisti; Modeli ger\u00e7ek davran\u0131\u015fsal etkiyi, kitle uyumsuzlu\u011funu, bo\u015fa giden harcamalar\u0131, huni [&hellip;]<\/p>\n","protected":false},"featured_media":21684,"comment_status":"open","ping_status":"closed","template":"","meta":[],"product_brand":[],"product_cat":[398,347],"product_tag":[3519,3934,3933],"class_list":{"0":"post-24634","1":"product","2":"type-product","3":"status-publish","4":"has-post-thumbnail","6":"product_cat-grok-ipuclari","7":"product_cat-modeller","8":"product_tag-degerlendirme","9":"product_tag-kampanya","10":"product_tag-reklam","12":"first","13":"instock","14":"downloadable","15":"virtual","16":"product-type-simple"},"_links":{"self":[{"href":"https:\/\/prompt-place.com\/tr\/wp-json\/wp\/v2\/product\/24634","targetHints":{"allow":["GET"]}}],"collection":[{"href":"https:\/\/prompt-place.com\/tr\/wp-json\/wp\/v2\/product"}],"about":[{"href":"https:\/\/prompt-place.com\/tr\/wp-json\/wp\/v2\/types\/product"}],"replies":[{"embeddable":true,"href":"https:\/\/prompt-place.com\/tr\/wp-json\/wp\/v2\/comments?post=24634"}],"wp:featuredmedia":[{"embeddable":true,"href":"https:\/\/prompt-place.com\/tr\/wp-json\/wp\/v2\/media\/21684"}],"wp:attachment":[{"href":"https:\/\/prompt-place.com\/tr\/wp-json\/wp\/v2\/media?parent=24634"}],"wp:term":[{"taxonomy":"product_brand","embeddable":true,"href":"https:\/\/prompt-place.com\/tr\/wp-json\/wp\/v2\/product_brand?post=24634"},{"taxonomy":"product_cat","embeddable":true,"href":"https:\/\/prompt-place.com\/tr\/wp-json\/wp\/v2\/product_cat?post=24634"},{"taxonomy":"product_tag","embeddable":true,"href":"https:\/\/prompt-place.com\/tr\/wp-json\/wp\/v2\/product_tag?post=24634"}],"curies":[{"name":"wp","href":"https:\/\/api.w.org\/{rel}","templated":true}]}}