{"id":24633,"date":"2026-01-09T11:46:49","date_gmt":"2026-01-09T11:46:49","guid":{"rendered":"http:\/\/prompt-place.com\/product\/bir-teknoloji-girisimcisinin-sinematik-portresi\/"},"modified":"2026-01-09T11:46:49","modified_gmt":"2026-01-09T11:46:49","slug":"bir-teknoloji-girisimcisinin-sinematik-portresi","status":"publish","type":"product","link":"https:\/\/prompt-place.com\/tr\/urun\/bir-teknoloji-girisimcisinin-sinematik-portresi\/","title":{"rendered":"Bir Teknoloji Giri\u015fimcisinin Sinematik Portresi"},"content":{"rendered":"<p>Sakin, odaklanm\u0131\u015f, zeki bir ifade ve koyu renk blazer ceket veya temiz bal\u0131k\u00e7\u0131 yaka gibi minimal \u015f\u0131k bir gard\u0131ropla ba\u015f ve omuzlardan veya ortadan \u00e7ekilmi\u015f, kendine g\u00fcvenen modern bir teknoloji giri\u015fimcisinin y\u00fcksek kaliteli, fotoger\u00e7ek\u00e7i sinematik portresini olu\u015fturun; onlar\u0131 yumu\u015fak bir \u015fekilde bulan\u0131kla\u015ft\u0131r\u0131lm\u0131\u015f cam duvarlar, monit\u00f6rler, soyut kullan\u0131c\u0131 aray\u00fcz\u00fc par\u0131lt\u0131s\u0131 veya uzaktaki \u015fehir \u0131\u015f\u0131klar\u0131yla \u015f\u0131k bir teknoloji ortam\u0131na yerle\u015ftirin; Yumu\u015fak bir anahtar \u0131\u015f\u0131k, yumu\u015fak kenar \u0131\u015f\u0131\u011f\u0131, derin kontroll\u00fc g\u00f6lgeler ve iste\u011fe ba\u011fl\u0131 ince mavi\/mavi teknoloji vurgular\u0131yla sinematik ayd\u0131nlatma kullan\u0131n; kremsi bokeh, keskin y\u00fcz detay\u0131, do\u011fal cilt dokusu, ger\u00e7ek\u00e7i oranlar, bozuk \u00f6zellikler olmadan s\u0131\u011f alan derinli\u011fi sa\u011flay\u0131n ve genel olarak birinci s\u0131n\u0131f bir editoryal g\u00f6r\u00fcn\u00fcm elde edin &#8211; profesyonel marka veya dergi kullan\u0131m\u0131na uygun tek bir cilal\u0131 g\u00f6r\u00fcnt\u00fc.<\/p>\n","protected":false},"excerpt":{"rendered":"<p>Sakin, odaklanm\u0131\u015f, zeki bir ifade ve koyu renk blazer ceket veya temiz bal\u0131k\u00e7\u0131 yaka gibi minimal \u015f\u0131k bir gard\u0131ropla ba\u015f ve omuzlardan veya ortadan \u00e7ekilmi\u015f, kendine g\u00fcvenen modern bir teknoloji giri\u015fimcisinin y\u00fcksek kaliteli, fotoger\u00e7ek\u00e7i sinematik portresini olu\u015fturun; onlar\u0131 yumu\u015fak bir \u015fekilde bulan\u0131kla\u015ft\u0131r\u0131lm\u0131\u015f cam duvarlar, monit\u00f6rler, soyut kullan\u0131c\u0131 aray\u00fcz\u00fc par\u0131lt\u0131s\u0131 veya uzaktaki \u015fehir \u0131\u015f\u0131klar\u0131yla \u015f\u0131k bir [&hellip;]<\/p>\n","protected":false},"featured_media":21725,"comment_status":"open","ping_status":"closed","template":"","meta":[],"product_brand":[],"product_cat":[347,348],"product_tag":[3932,1955,3492],"class_list":{"0":"post-24633","1":"product","2":"type-product","3":"status-publish","4":"has-post-thumbnail","6":"product_cat-modeller","7":"product_cat-yolculuk-ortasi-ipuclari","8":"product_tag-portre","9":"product_tag-sinematik","10":"product_tag-teknoloji","12":"first","13":"instock","14":"downloadable","15":"virtual","16":"product-type-simple"},"_links":{"self":[{"href":"https:\/\/prompt-place.com\/tr\/wp-json\/wp\/v2\/product\/24633","targetHints":{"allow":["GET"]}}],"collection":[{"href":"https:\/\/prompt-place.com\/tr\/wp-json\/wp\/v2\/product"}],"about":[{"href":"https:\/\/prompt-place.com\/tr\/wp-json\/wp\/v2\/types\/product"}],"replies":[{"embeddable":true,"href":"https:\/\/prompt-place.com\/tr\/wp-json\/wp\/v2\/comments?post=24633"}],"wp:featuredmedia":[{"embeddable":true,"href":"https:\/\/prompt-place.com\/tr\/wp-json\/wp\/v2\/media\/21725"}],"wp:attachment":[{"href":"https:\/\/prompt-place.com\/tr\/wp-json\/wp\/v2\/media?parent=24633"}],"wp:term":[{"taxonomy":"product_brand","embeddable":true,"href":"https:\/\/prompt-place.com\/tr\/wp-json\/wp\/v2\/product_brand?post=24633"},{"taxonomy":"product_cat","embeddable":true,"href":"https:\/\/prompt-place.com\/tr\/wp-json\/wp\/v2\/product_cat?post=24633"},{"taxonomy":"product_tag","embeddable":true,"href":"https:\/\/prompt-place.com\/tr\/wp-json\/wp\/v2\/product_tag?post=24633"}],"curies":[{"name":"wp","href":"https:\/\/api.w.org\/{rel}","templated":true}]}}