{"id":24628,"date":"2026-01-09T11:46:48","date_gmt":"2026-01-09T11:46:48","guid":{"rendered":"http:\/\/prompt-place.com\/product\/gizli-verimsizligi-ortaya-cikaran-calisan-is-yuku-analizi\/"},"modified":"2026-01-09T11:46:48","modified_gmt":"2026-01-09T11:46:48","slug":"gizli-verimsizligi-ortaya-cikaran-calisan-is-yuku-analizi","status":"publish","type":"product","link":"https:\/\/prompt-place.com\/tr\/urun\/gizli-verimsizligi-ortaya-cikaran-calisan-is-yuku-analizi\/","title":{"rendered":"Gizli Verimsizli\u011fi Ortaya \u00c7\u0131karan \u00c7al\u0131\u015fan \u0130\u015f Y\u00fck\u00fc Analizi"},"content":{"rendered":"<p>Bu komut, yapay zekaya (Grok olarak), i\u015f y\u00fck\u00fc verilerini keskin bir ger\u00e7eklik kontrol\u00fcne d\u00f6n\u00fc\u015ft\u00fcrerek, zaman\u0131n ger\u00e7ekte nereye gitti\u011fini (ba\u011flam de\u011fi\u015ftirme, toplant\u0131lar, yeniden \u00e7al\u0131\u015fma, yang\u0131nla m\u00fccadele, d\u00fc\u015f\u00fck etkili me\u015fguliyet, g\u00f6r\u00fcnmez koordinasyon) vurgulayarak, \u00e7al\u0131\u015fanlar\u0131n zaman\u0131n\u0131n ger\u00e7ekten nas\u0131l bo\u015fa harcand\u0131\u011f\u0131n\u0131 ortaya \u00e7\u0131karan tek ve ac\u0131mas\u0131zca d\u00fcr\u00fcst bir paragraf sunmas\u0131 talimat\u0131n\u0131 verir, Yap\u0131sal ve y\u00f6netimsel verimsizlikleri ortaya \u00e7\u0131kar\u0131r, gizli y\u00fck\u00fc ve sahte \u00fcretkenlik \u00f6l\u00e7\u00fcmlerini a\u00e7\u0131\u011fa \u00e7\u0131kar\u0131r, t\u00fckenmi\u015flik, darbo\u011fazlar ve kalite d\u00fc\u015f\u00fc\u015f\u00fc gibi riskleri belirler ve ekibin enerjisinin performatif me\u015fguliyet yerine ger\u00e7ek sonu\u00e7larla uyumlu olmas\u0131 i\u00e7in nelerin durdurulmas\u0131, yeniden atanmas\u0131, otomatikle\u015ftirilmesi veya \u00f6nceliklerinin azalt\u0131lmas\u0131 gerekti\u011fine dair sert ve do\u011frudan \u00f6nerilerle bitirir.<\/p>\n","protected":false},"excerpt":{"rendered":"<p>Bu komut, yapay zekaya (Grok olarak), i\u015f y\u00fck\u00fc verilerini keskin bir ger\u00e7eklik kontrol\u00fcne d\u00f6n\u00fc\u015ft\u00fcrerek, zaman\u0131n ger\u00e7ekte nereye gitti\u011fini (ba\u011flam de\u011fi\u015ftirme, toplant\u0131lar, yeniden \u00e7al\u0131\u015fma, yang\u0131nla m\u00fccadele, d\u00fc\u015f\u00fck etkili me\u015fguliyet, g\u00f6r\u00fcnmez koordinasyon) vurgulayarak, \u00e7al\u0131\u015fanlar\u0131n zaman\u0131n\u0131n ger\u00e7ekten nas\u0131l bo\u015fa harcand\u0131\u011f\u0131n\u0131 ortaya \u00e7\u0131karan tek ve ac\u0131mas\u0131zca d\u00fcr\u00fcst bir paragraf sunmas\u0131 talimat\u0131n\u0131 verir, Yap\u0131sal ve y\u00f6netimsel verimsizlikleri ortaya \u00e7\u0131kar\u0131r, gizli [&hellip;]<\/p>\n","protected":false},"featured_media":21684,"comment_status":"open","ping_status":"closed","template":"","meta":[],"product_brand":[],"product_cat":[398,347],"product_tag":[3580,3922,3923],"class_list":{"0":"post-24628","1":"product","2":"type-product","3":"status-publish","4":"has-post-thumbnail","6":"product_cat-grok-ipuclari","7":"product_cat-modeller","8":"product_tag-analiz","9":"product_tag-calisan","10":"product_tag-is-yuku","12":"first","13":"instock","14":"downloadable","15":"virtual","16":"product-type-simple"},"_links":{"self":[{"href":"https:\/\/prompt-place.com\/tr\/wp-json\/wp\/v2\/product\/24628","targetHints":{"allow":["GET"]}}],"collection":[{"href":"https:\/\/prompt-place.com\/tr\/wp-json\/wp\/v2\/product"}],"about":[{"href":"https:\/\/prompt-place.com\/tr\/wp-json\/wp\/v2\/types\/product"}],"replies":[{"embeddable":true,"href":"https:\/\/prompt-place.com\/tr\/wp-json\/wp\/v2\/comments?post=24628"}],"wp:featuredmedia":[{"embeddable":true,"href":"https:\/\/prompt-place.com\/tr\/wp-json\/wp\/v2\/media\/21684"}],"wp:attachment":[{"href":"https:\/\/prompt-place.com\/tr\/wp-json\/wp\/v2\/media?parent=24628"}],"wp:term":[{"taxonomy":"product_brand","embeddable":true,"href":"https:\/\/prompt-place.com\/tr\/wp-json\/wp\/v2\/product_brand?post=24628"},{"taxonomy":"product_cat","embeddable":true,"href":"https:\/\/prompt-place.com\/tr\/wp-json\/wp\/v2\/product_cat?post=24628"},{"taxonomy":"product_tag","embeddable":true,"href":"https:\/\/prompt-place.com\/tr\/wp-json\/wp\/v2\/product_tag?post=24628"}],"curies":[{"name":"wp","href":"https:\/\/api.w.org\/{rel}","templated":true}]}}