{"id":24627,"date":"2026-01-09T11:46:48","date_gmt":"2026-01-09T11:46:48","guid":{"rendered":"http:\/\/prompt-place.com\/product\/mantiksal-bosluk-tespiti-ile-chatbot-senaryo-incelemesi\/"},"modified":"2026-01-09T11:46:48","modified_gmt":"2026-01-09T11:46:48","slug":"mantiksal-bosluk-tespiti-ile-chatbot-senaryo-incelemesi","status":"publish","type":"product","link":"https:\/\/prompt-place.com\/tr\/urun\/mantiksal-bosluk-tespiti-ile-chatbot-senaryo-incelemesi\/","title":{"rendered":"Mant\u0131ksal Bo\u015fluk Tespiti ile Chatbot Senaryo \u0130ncelemesi"},"content":{"rendered":"<p>Bu komut, yapay zekaya (Grok olarak) herhangi bir sohbet botu senaryosunu almas\u0131n\u0131 ve tek bir ac\u0131mas\u0131z ge\u00e7i\u015fte konu\u015fma mant\u0131\u011f\u0131n\u0131 incelemesini s\u00f6yler: Botun ger\u00e7ekte ne yapt\u0131\u011f\u0131n\u0131 a\u00e7\u0131k bir \u015fekilde yeniden ifade etmek, nerede m\u00fckemmel kullan\u0131c\u0131lar varsayd\u0131\u011f\u0131n\u0131 ortaya \u00e7\u0131karmak, eksik dallara, \u00e7\u0131kmazlara, sonu\u00e7lar\u0131 etkilemeyen anlams\u0131z sorulara, insanlar\u0131 tuza\u011fa d\u00fc\u015f\u00fcren d\u00f6ng\u00fclere, \u00e7eli\u015fkili yan\u0131tlara ve i\u015fe yaramaz geri d\u00f6n\u00fc\u015flere i\u015faret etmek; daha sonra botun kullan\u0131c\u0131lar\u0131 tam olarak nas\u0131l ve nerede hayal k\u0131r\u0131kl\u0131\u011f\u0131na u\u011frataca\u011f\u0131n\u0131, deste\u011fi nas\u0131l art\u0131raca\u011f\u0131n\u0131 veya kesintilere neden olaca\u011f\u0131n\u0131 g\u00f6stermek i\u00e7in ak\u0131\u015f\u0131 da\u011f\u0131n\u0131k ger\u00e7ek davran\u0131\u015flara (belirsiz cevaplar, yanl\u0131\u015f niyet, sab\u0131rs\u0131zl\u0131k, konu\u015fma ortas\u0131nda ge\u00e7i\u015fler) kar\u015f\u0131 stres testi yapmak &#8211; ve son olarak sohbet botunun k\u0131r\u0131lgan bir mutlu yol senaryosu yerine sa\u011flam bir karar sistemi gibi davranmas\u0131 i\u00e7in dallanma, karar noktalar\u0131, ba\u011flam i\u015fleme ve geri d\u00f6n\u00fc\u015f tasar\u0131m\u0131na \u00f6zel, y\u00fcksek etkili d\u00fczeltmeler \u00f6nermek.<\/p>\n","protected":false},"excerpt":{"rendered":"<p>Bu komut, yapay zekaya (Grok olarak) herhangi bir sohbet botu senaryosunu almas\u0131n\u0131 ve tek bir ac\u0131mas\u0131z ge\u00e7i\u015fte konu\u015fma mant\u0131\u011f\u0131n\u0131 incelemesini s\u00f6yler: Botun ger\u00e7ekte ne yapt\u0131\u011f\u0131n\u0131 a\u00e7\u0131k bir \u015fekilde yeniden ifade etmek, nerede m\u00fckemmel kullan\u0131c\u0131lar varsayd\u0131\u011f\u0131n\u0131 ortaya \u00e7\u0131karmak, eksik dallara, \u00e7\u0131kmazlara, sonu\u00e7lar\u0131 etkilemeyen anlams\u0131z sorulara, insanlar\u0131 tuza\u011fa d\u00fc\u015f\u00fcren d\u00f6ng\u00fclere, \u00e7eli\u015fkili yan\u0131tlara ve i\u015fe yaramaz geri d\u00f6n\u00fc\u015flere [&hellip;]<\/p>\n","protected":false},"featured_media":21684,"comment_status":"open","ping_status":"closed","template":"","meta":[],"product_brand":[],"product_cat":[398,347],"product_tag":[3527,3921,3920],"class_list":{"0":"post-24627","1":"product","2":"type-product","3":"status-publish","4":"has-post-thumbnail","6":"product_cat-grok-ipuclari","7":"product_cat-modeller","8":"product_tag-inceleme","9":"product_tag-senaryo","10":"product_tag-sohbet-robotu","12":"first","13":"instock","14":"downloadable","15":"virtual","16":"product-type-simple"},"_links":{"self":[{"href":"https:\/\/prompt-place.com\/tr\/wp-json\/wp\/v2\/product\/24627","targetHints":{"allow":["GET"]}}],"collection":[{"href":"https:\/\/prompt-place.com\/tr\/wp-json\/wp\/v2\/product"}],"about":[{"href":"https:\/\/prompt-place.com\/tr\/wp-json\/wp\/v2\/types\/product"}],"replies":[{"embeddable":true,"href":"https:\/\/prompt-place.com\/tr\/wp-json\/wp\/v2\/comments?post=24627"}],"wp:featuredmedia":[{"embeddable":true,"href":"https:\/\/prompt-place.com\/tr\/wp-json\/wp\/v2\/media\/21684"}],"wp:attachment":[{"href":"https:\/\/prompt-place.com\/tr\/wp-json\/wp\/v2\/media?parent=24627"}],"wp:term":[{"taxonomy":"product_brand","embeddable":true,"href":"https:\/\/prompt-place.com\/tr\/wp-json\/wp\/v2\/product_brand?post=24627"},{"taxonomy":"product_cat","embeddable":true,"href":"https:\/\/prompt-place.com\/tr\/wp-json\/wp\/v2\/product_cat?post=24627"},{"taxonomy":"product_tag","embeddable":true,"href":"https:\/\/prompt-place.com\/tr\/wp-json\/wp\/v2\/product_tag?post=24627"}],"curies":[{"name":"wp","href":"https:\/\/api.w.org\/{rel}","templated":true}]}}