{"id":24622,"date":"2026-01-09T11:46:48","date_gmt":"2026-01-09T11:46:48","guid":{"rendered":"http:\/\/prompt-place.com\/product\/tutarsizlik-tespiti-ile-api-dokumantasyon-incelemesi\/"},"modified":"2026-01-09T11:46:48","modified_gmt":"2026-01-09T11:46:48","slug":"tutarsizlik-tespiti-ile-api-dokumantasyon-incelemesi","status":"publish","type":"product","link":"https:\/\/prompt-place.com\/tr\/urun\/tutarsizlik-tespiti-ile-api-dokumantasyon-incelemesi\/","title":{"rendered":"Tutars\u0131zl\u0131k Tespiti ile API Dok\u00fcmantasyon \u0130ncelemesi"},"content":{"rendered":"<p>Bu istem, yapay zekaya (Grok olarak) API dok\u00fcmantasyonunun kendisiyle nas\u0131l \u00e7eli\u015fti\u011fini ac\u0131mas\u0131zca ortaya koyan a\u00e7\u0131k bir paragraf \u00fcretmesini s\u00f6yler &#8211; u\u00e7 noktalar ve \u00f6rnekler aras\u0131ndaki uyumsuzluklar\u0131, kullan\u0131mla e\u015fle\u015fmeyen parametre tan\u0131mlar\u0131n\u0131, sihirli bir \u015fekilde de\u011fi\u015fen veri t\u00fcrlerini, olmayan &#8220;gerekli&#8221; alanlar\u0131, ger\u00e7ekle uyu\u015fmayan kimlik do\u011frulama kurallar\u0131n\u0131 ortaya \u00e7\u0131kar\u0131r, Eksik u\u00e7 durum a\u00e7\u0131klamalar\u0131, \u00e7al\u0131\u015fmayan yar\u0131m yamalak \u00f6rnekler ve geli\u015ftiricileri deneme yan\u0131lma y\u00f6ntemine zorlayan mu\u011flak d\u00fczyaz\u0131 &#8211; ve ard\u0131ndan bu tutars\u0131zl\u0131klar\u0131n ger\u00e7ek entegrasyonlar\u0131 nas\u0131l sabote etti\u011fini ve geli\u015ftiricilerin API&#8217;yi \u00f6fkeyle hata ay\u0131klayarak saatler harcamas\u0131n\u0131 \u00f6nlemek i\u00e7in hangi y\u00fcksek etkili d\u00fczeltmelerin (netle\u015ftirme, birle\u015ftirme, yeniden yazma, silme, tek bir do\u011fruluk kayna\u011f\u0131 uygulama) gerekli oldu\u011funu a\u00e7\u0131k\u00e7a belirtiyor.<\/p>\n","protected":false},"excerpt":{"rendered":"<p>Bu istem, yapay zekaya (Grok olarak) API dok\u00fcmantasyonunun kendisiyle nas\u0131l \u00e7eli\u015fti\u011fini ac\u0131mas\u0131zca ortaya koyan a\u00e7\u0131k bir paragraf \u00fcretmesini s\u00f6yler &#8211; u\u00e7 noktalar ve \u00f6rnekler aras\u0131ndaki uyumsuzluklar\u0131, kullan\u0131mla e\u015fle\u015fmeyen parametre tan\u0131mlar\u0131n\u0131, sihirli bir \u015fekilde de\u011fi\u015fen veri t\u00fcrlerini, olmayan &#8220;gerekli&#8221; alanlar\u0131, ger\u00e7ekle uyu\u015fmayan kimlik do\u011frulama kurallar\u0131n\u0131 ortaya \u00e7\u0131kar\u0131r, Eksik u\u00e7 durum a\u00e7\u0131klamalar\u0131, \u00e7al\u0131\u015fmayan yar\u0131m yamalak \u00f6rnekler ve [&hellip;]<\/p>\n","protected":false},"featured_media":21684,"comment_status":"open","ping_status":"closed","template":"","meta":[],"product_brand":[],"product_cat":[398,347],"product_tag":[3913,2533,3527],"class_list":{"0":"post-24622","1":"product","2":"type-product","3":"status-publish","4":"has-post-thumbnail","6":"product_cat-grok-ipuclari","7":"product_cat-modeller","8":"product_tag-api","9":"product_tag-dokumantasyon","10":"product_tag-inceleme","12":"first","13":"instock","14":"downloadable","15":"virtual","16":"product-type-simple"},"_links":{"self":[{"href":"https:\/\/prompt-place.com\/tr\/wp-json\/wp\/v2\/product\/24622","targetHints":{"allow":["GET"]}}],"collection":[{"href":"https:\/\/prompt-place.com\/tr\/wp-json\/wp\/v2\/product"}],"about":[{"href":"https:\/\/prompt-place.com\/tr\/wp-json\/wp\/v2\/types\/product"}],"replies":[{"embeddable":true,"href":"https:\/\/prompt-place.com\/tr\/wp-json\/wp\/v2\/comments?post=24622"}],"wp:featuredmedia":[{"embeddable":true,"href":"https:\/\/prompt-place.com\/tr\/wp-json\/wp\/v2\/media\/21684"}],"wp:attachment":[{"href":"https:\/\/prompt-place.com\/tr\/wp-json\/wp\/v2\/media?parent=24622"}],"wp:term":[{"taxonomy":"product_brand","embeddable":true,"href":"https:\/\/prompt-place.com\/tr\/wp-json\/wp\/v2\/product_brand?post=24622"},{"taxonomy":"product_cat","embeddable":true,"href":"https:\/\/prompt-place.com\/tr\/wp-json\/wp\/v2\/product_cat?post=24622"},{"taxonomy":"product_tag","embeddable":true,"href":"https:\/\/prompt-place.com\/tr\/wp-json\/wp\/v2\/product_tag?post=24622"}],"curies":[{"name":"wp","href":"https:\/\/api.w.org\/{rel}","templated":true}]}}