{"id":24621,"date":"2026-01-09T11:46:48","date_gmt":"2026-01-09T11:46:48","guid":{"rendered":"http:\/\/prompt-place.com\/product\/kaotik-is-notlari-a%e2%80%a0-yapilandirilmis-uygulanabilir-plan\/"},"modified":"2026-01-09T11:46:48","modified_gmt":"2026-01-09T11:46:48","slug":"kaotik-is-notlari-a%e2%80%a0-yapilandirilmis-uygulanabilir-plan","status":"publish","type":"product","link":"https:\/\/prompt-place.com\/tr\/urun\/kaotik-is-notlari-a%e2%80%a0-yapilandirilmis-uygulanabilir-plan\/","title":{"rendered":"Kaotik \u0130\u015f Notlar\u0131 \u00e2\u2020&#8217; Yap\u0131land\u0131r\u0131lm\u0131\u015f, Uygulanabilir Plan"},"content":{"rendered":"<p>Bu komut, yapay zekaya (Grok olarak) i\u015f notlar\u0131ndan olu\u015fan kaotik bir y\u0131\u011f\u0131n\u0131 &#8211; da\u011f\u0131n\u0131k d\u00fc\u015f\u00fcnceler, \u00e7eli\u015fkiler, yar\u0131m kararlar, belirsiz fikirler &#8211; al\u0131p ger\u00e7ek niyeti \u00e7\u0131kararak, g\u00fcr\u00fclt\u00fcy\u00fc ay\u0131klayarak, kabartmaya kar\u015f\u0131 ger\u00e7ek kararlar\u0131 belirleyerek, \u00e7eli\u015fkileri \u00e7\u00f6zerek, kalan i\u00e7eri\u011fi hedefler, kapsam, eylemler, ba\u011f\u0131ml\u0131l\u0131klar, riskler ve a\u00e7\u0131k sorular \u015feklinde d\u00fczenleyerek ve yar\u0131n uygulanabilecek net bir dizi acil sonraki ad\u0131mla bitirerek bunlar\u0131 temiz, yap\u0131land\u0131r\u0131lm\u0131\u015f, uygulanabilir bir plana ac\u0131mas\u0131zca dam\u0131tmas\u0131n\u0131 s\u00f6yler.<\/p>\n","protected":false},"excerpt":{"rendered":"<p>Bu komut, yapay zekaya (Grok olarak) i\u015f notlar\u0131ndan olu\u015fan kaotik bir y\u0131\u011f\u0131n\u0131 &#8211; da\u011f\u0131n\u0131k d\u00fc\u015f\u00fcnceler, \u00e7eli\u015fkiler, yar\u0131m kararlar, belirsiz fikirler &#8211; al\u0131p ger\u00e7ek niyeti \u00e7\u0131kararak, g\u00fcr\u00fclt\u00fcy\u00fc ay\u0131klayarak, kabartmaya kar\u015f\u0131 ger\u00e7ek kararlar\u0131 belirleyerek, \u00e7eli\u015fkileri \u00e7\u00f6zerek, kalan i\u00e7eri\u011fi hedefler, kapsam, eylemler, ba\u011f\u0131ml\u0131l\u0131klar, riskler ve a\u00e7\u0131k sorular \u015feklinde d\u00fczenleyerek ve yar\u0131n uygulanabilecek net bir dizi acil sonraki ad\u0131mla [&hellip;]<\/p>\n","protected":false},"featured_media":21684,"comment_status":"open","ping_status":"closed","template":"","meta":[],"product_brand":[],"product_cat":[398,347],"product_tag":[3473,3911,3912],"class_list":{"0":"post-24621","1":"product","2":"type-product","3":"status-publish","4":"has-post-thumbnail","6":"product_cat-grok-ipuclari","7":"product_cat-modeller","8":"product_tag-is","9":"product_tag-kaotik","10":"product_tag-notlar","12":"first","13":"instock","14":"downloadable","15":"virtual","16":"product-type-simple"},"_links":{"self":[{"href":"https:\/\/prompt-place.com\/tr\/wp-json\/wp\/v2\/product\/24621","targetHints":{"allow":["GET"]}}],"collection":[{"href":"https:\/\/prompt-place.com\/tr\/wp-json\/wp\/v2\/product"}],"about":[{"href":"https:\/\/prompt-place.com\/tr\/wp-json\/wp\/v2\/types\/product"}],"replies":[{"embeddable":true,"href":"https:\/\/prompt-place.com\/tr\/wp-json\/wp\/v2\/comments?post=24621"}],"wp:featuredmedia":[{"embeddable":true,"href":"https:\/\/prompt-place.com\/tr\/wp-json\/wp\/v2\/media\/21684"}],"wp:attachment":[{"href":"https:\/\/prompt-place.com\/tr\/wp-json\/wp\/v2\/media?parent=24621"}],"wp:term":[{"taxonomy":"product_brand","embeddable":true,"href":"https:\/\/prompt-place.com\/tr\/wp-json\/wp\/v2\/product_brand?post=24621"},{"taxonomy":"product_cat","embeddable":true,"href":"https:\/\/prompt-place.com\/tr\/wp-json\/wp\/v2\/product_cat?post=24621"},{"taxonomy":"product_tag","embeddable":true,"href":"https:\/\/prompt-place.com\/tr\/wp-json\/wp\/v2\/product_tag?post=24621"}],"curies":[{"name":"wp","href":"https:\/\/api.w.org\/{rel}","templated":true}]}}