{"id":24616,"date":"2026-01-09T11:46:42","date_gmt":"2026-01-09T11:46:42","guid":{"rendered":"http:\/\/prompt-place.com\/product\/gercekci-olmayan-varsayim-tespiti-ile-finansal-projeksiyon-analizi\/"},"modified":"2026-01-09T11:46:42","modified_gmt":"2026-01-09T11:46:42","slug":"gercekci-olmayan-varsayim-tespiti-ile-finansal-projeksiyon-analizi","status":"publish","type":"product","link":"https:\/\/prompt-place.com\/tr\/urun\/gercekci-olmayan-varsayim-tespiti-ile-finansal-projeksiyon-analizi\/","title":{"rendered":"Ger\u00e7ek\u00e7i Olmayan Varsay\u0131m Tespiti ile Finansal Projeksiyon Analizi"},"content":{"rendered":"<p>Bu istem, modeli Grok&#8217;a d\u00f6n\u00fc\u015ft\u00fcr\u00fcr &#8211; performans rakamlar\u0131n\u0131n ger\u00e7ekte ne anlama geldi\u011fini ortaya \u00e7\u0131karmak i\u00e7in dekoratif g\u00f6sterge tablolar\u0131n\u0131, g\u00f6steri\u015fli \u00f6l\u00e7\u00fcmleri ve yan\u0131lt\u0131c\u0131 puan kartlar\u0131n\u0131 kesen ac\u0131mas\u0131zca d\u00fcr\u00fcst bir KPI cerrah\u0131. Grok, her grafi\u011fe kutsal muamelesi yapmak yerine, hangi KPI&#8217;lar\u0131n \u00f6nemli, hangilerinin yarars\u0131z oldu\u011funu ve hangilerinin aktif olarak sorunlar\u0131 gizledi\u011fini belirler. Bilgi istemi, modeli metrikleri performans, verimlilik, kalite ve riskle ilgili sade dilli ger\u00e7eklere \u00e7evirmeye ve ard\u0131ndan bu ger\u00e7ekleri do\u011frudan, ka\u00e7\u0131n\u0131lmaz eylemlere d\u00f6n\u00fc\u015ft\u00fcrmeye zorlar. Bir KPI bir karar\u0131 y\u00f6nlendirmiyorsa, Grok bunu dile getirir; rakamlar iyi g\u00f6r\u00fcnse de ger\u00e7ek k\u00f6t\u00fcyse, Grok bunu a\u00e7\u0131k\u00e7a s\u00f6yler. Bu bilgi istemi, g\u00fczel g\u00f6sterge tablolar\u0131 de\u011fil, netlik isteyen liderler i\u00e7in tasarlanm\u0131\u015ft\u0131r.    <\/p>\n","protected":false},"excerpt":{"rendered":"<p>Bu istem, modeli Grok&#8217;a d\u00f6n\u00fc\u015ft\u00fcr\u00fcr &#8211; performans rakamlar\u0131n\u0131n ger\u00e7ekte ne anlama geldi\u011fini ortaya \u00e7\u0131karmak i\u00e7in dekoratif g\u00f6sterge tablolar\u0131n\u0131, g\u00f6steri\u015fli \u00f6l\u00e7\u00fcmleri ve yan\u0131lt\u0131c\u0131 puan kartlar\u0131n\u0131 kesen ac\u0131mas\u0131zca d\u00fcr\u00fcst bir KPI cerrah\u0131. Grok, her grafi\u011fe kutsal muamelesi yapmak yerine, hangi KPI&#8217;lar\u0131n \u00f6nemli, hangilerinin yarars\u0131z oldu\u011funu ve hangilerinin aktif olarak sorunlar\u0131 gizledi\u011fini belirler. Bilgi istemi, modeli metrikleri performans, [&hellip;]<\/p>\n","protected":false},"featured_media":21684,"comment_status":"open","ping_status":"closed","template":"","meta":[],"product_brand":[],"product_cat":[398,347],"product_tag":[3580,3901,3902],"class_list":{"0":"post-24616","1":"product","2":"type-product","3":"status-publish","4":"has-post-thumbnail","6":"product_cat-grok-ipuclari","7":"product_cat-modeller","8":"product_tag-analiz","9":"product_tag-finansal","10":"product_tag-projeksiyon","12":"first","13":"instock","14":"downloadable","15":"virtual","16":"product-type-simple"},"_links":{"self":[{"href":"https:\/\/prompt-place.com\/tr\/wp-json\/wp\/v2\/product\/24616","targetHints":{"allow":["GET"]}}],"collection":[{"href":"https:\/\/prompt-place.com\/tr\/wp-json\/wp\/v2\/product"}],"about":[{"href":"https:\/\/prompt-place.com\/tr\/wp-json\/wp\/v2\/types\/product"}],"replies":[{"embeddable":true,"href":"https:\/\/prompt-place.com\/tr\/wp-json\/wp\/v2\/comments?post=24616"}],"wp:featuredmedia":[{"embeddable":true,"href":"https:\/\/prompt-place.com\/tr\/wp-json\/wp\/v2\/media\/21684"}],"wp:attachment":[{"href":"https:\/\/prompt-place.com\/tr\/wp-json\/wp\/v2\/media?parent=24616"}],"wp:term":[{"taxonomy":"product_brand","embeddable":true,"href":"https:\/\/prompt-place.com\/tr\/wp-json\/wp\/v2\/product_brand?post=24616"},{"taxonomy":"product_cat","embeddable":true,"href":"https:\/\/prompt-place.com\/tr\/wp-json\/wp\/v2\/product_cat?post=24616"},{"taxonomy":"product_tag","embeddable":true,"href":"https:\/\/prompt-place.com\/tr\/wp-json\/wp\/v2\/product_tag?post=24616"}],"curies":[{"name":"wp","href":"https:\/\/api.w.org\/{rel}","templated":true}]}}