{"id":24615,"date":"2026-01-09T11:46:48","date_gmt":"2026-01-09T11:46:48","guid":{"rendered":"http:\/\/prompt-place.com\/product\/keskin-eyleme-gecirilebilir-icgorulerle-satis-hunisi-performans-analizi\/"},"modified":"2026-01-09T11:46:48","modified_gmt":"2026-01-09T11:46:48","slug":"keskin-eyleme-gecirilebilir-icgorulerle-satis-hunisi-performans-analizi","status":"publish","type":"product","link":"https:\/\/prompt-place.com\/tr\/urun\/keskin-eyleme-gecirilebilir-icgorulerle-satis-hunisi-performans-analizi\/","title":{"rendered":"Keskin, Eyleme Ge\u00e7irilebilir \u0130\u00e7g\u00f6r\u00fclerle Sat\u0131\u015f Hunisi Performans Analizi"},"content":{"rendered":"<p>Bu komut, yapay zekaya (Grok olarak) t\u00fcm bir sat\u0131\u015f hunisini u\u00e7tan uca ac\u0131mas\u0131zca analiz etmesini, gelirin nereye s\u0131zd\u0131\u011f\u0131n\u0131 ortaya \u00e7\u0131karmas\u0131n\u0131, sahte performans sinyallerini \u00e7a\u011f\u0131rmas\u0131n\u0131, i\u015fe yar\u0131yormu\u015f gibi g\u00f6r\u00fcnen ancak yaramayan a\u015famalar\u0131 belirlemesini, asl\u0131nda geliri art\u0131ran tek a\u015famay\u0131 vurgulamas\u0131n\u0131, ger\u00e7ek d\u00f6n\u00fc\u015f\u00fcm davran\u0131\u015f\u0131n\u0131 g\u00f6steri\u015fli metriklerden ay\u0131rmas\u0131n\u0131, d\u00fc\u015f\u00fc\u015flerin neden oldu\u011fu hasar\u0131 \u00f6l\u00e7mesini, hangi kanallar\u0131n veya kohortlar\u0131n ger\u00e7ekten performans g\u00f6sterdi\u011fini netle\u015ftirmesini ve yaln\u0131zca en y\u00fcksek gelir etkisine sahip d\u00fczeltmelere odaklanan \u00f6ncelikli, sa\u00e7ma olmayan bir eylem plan\u0131 sunmas\u0131n\u0131 s\u00f6yler.<\/p>\n","protected":false},"excerpt":{"rendered":"<p>Bu komut, yapay zekaya (Grok olarak) t\u00fcm bir sat\u0131\u015f hunisini u\u00e7tan uca ac\u0131mas\u0131zca analiz etmesini, gelirin nereye s\u0131zd\u0131\u011f\u0131n\u0131 ortaya \u00e7\u0131karmas\u0131n\u0131, sahte performans sinyallerini \u00e7a\u011f\u0131rmas\u0131n\u0131, i\u015fe yar\u0131yormu\u015f gibi g\u00f6r\u00fcnen ancak yaramayan a\u015famalar\u0131 belirlemesini, asl\u0131nda geliri art\u0131ran tek a\u015famay\u0131 vurgulamas\u0131n\u0131, ger\u00e7ek d\u00f6n\u00fc\u015f\u00fcm davran\u0131\u015f\u0131n\u0131 g\u00f6steri\u015fli metriklerden ay\u0131rmas\u0131n\u0131, d\u00fc\u015f\u00fc\u015flerin neden oldu\u011fu hasar\u0131 \u00f6l\u00e7mesini, hangi kanallar\u0131n veya kohortlar\u0131n ger\u00e7ekten performans [&hellip;]<\/p>\n","protected":false},"featured_media":21684,"comment_status":"open","ping_status":"closed","template":"","meta":[],"product_brand":[],"product_cat":[398,347],"product_tag":[3900,2746,3899],"class_list":{"0":"post-24615","1":"product","2":"type-product","3":"status-publish","4":"has-post-thumbnail","6":"product_cat-grok-ipuclari","7":"product_cat-modeller","8":"product_tag-huni","9":"product_tag-performans","10":"product_tag-satis","12":"first","13":"instock","14":"downloadable","15":"virtual","16":"product-type-simple"},"_links":{"self":[{"href":"https:\/\/prompt-place.com\/tr\/wp-json\/wp\/v2\/product\/24615","targetHints":{"allow":["GET"]}}],"collection":[{"href":"https:\/\/prompt-place.com\/tr\/wp-json\/wp\/v2\/product"}],"about":[{"href":"https:\/\/prompt-place.com\/tr\/wp-json\/wp\/v2\/types\/product"}],"replies":[{"embeddable":true,"href":"https:\/\/prompt-place.com\/tr\/wp-json\/wp\/v2\/comments?post=24615"}],"wp:featuredmedia":[{"embeddable":true,"href":"https:\/\/prompt-place.com\/tr\/wp-json\/wp\/v2\/media\/21684"}],"wp:attachment":[{"href":"https:\/\/prompt-place.com\/tr\/wp-json\/wp\/v2\/media?parent=24615"}],"wp:term":[{"taxonomy":"product_brand","embeddable":true,"href":"https:\/\/prompt-place.com\/tr\/wp-json\/wp\/v2\/product_brand?post=24615"},{"taxonomy":"product_cat","embeddable":true,"href":"https:\/\/prompt-place.com\/tr\/wp-json\/wp\/v2\/product_cat?post=24615"},{"taxonomy":"product_tag","embeddable":true,"href":"https:\/\/prompt-place.com\/tr\/wp-json\/wp\/v2\/product_tag?post=24615"}],"curies":[{"name":"wp","href":"https:\/\/api.w.org\/{rel}","templated":true}]}}