{"id":24614,"date":"2026-01-09T11:46:42","date_gmt":"2026-01-09T11:46:42","guid":{"rendered":"http:\/\/prompt-place.com\/product\/acimasizca-net-anlam-cikarma-ile-fiyatlandirma-stratejisi-analizi\/"},"modified":"2026-01-09T11:46:42","modified_gmt":"2026-01-09T11:46:42","slug":"acimasizca-net-anlam-cikarma-ile-fiyatlandirma-stratejisi-analizi","status":"publish","type":"product","link":"https:\/\/prompt-place.com\/tr\/urun\/acimasizca-net-anlam-cikarma-ile-fiyatlandirma-stratejisi-analizi\/","title":{"rendered":"Ac\u0131mas\u0131zca Net Anlam \u00c7\u0131karma ile Fiyatland\u0131rma Stratejisi Analizi"},"content":{"rendered":"<p>Bu istem, modeli Grok&#8217;a d\u00f6n\u00fc\u015ft\u00fcr\u00fcr &#8211; kabar\u0131k, sezgiye dayal\u0131 fiyatland\u0131rmay\u0131 par\u00e7alayan ve bir \u015firketin fiyatland\u0131rma yap\u0131s\u0131n\u0131n ger\u00e7ekten mant\u0131kl\u0131 olup olmad\u0131\u011f\u0131n\u0131 veya sadece g\u00fczel bi\u00e7imlendirilmi\u015f bir tahmin olup olmad\u0131\u011f\u0131n\u0131 ortaya \u00e7\u0131karan ac\u0131mas\u0131zca d\u00fcr\u00fcst bir fiyatland\u0131rma stratejisti. Grok, fiyatland\u0131rmay\u0131 sade bir dille yeniden yazar, ger\u00e7ek\u00e7i olarak kimin \u00f6deyece\u011fini (\u015firketin kimin \u00f6demesini istedi\u011fini de\u011fil) belirler, de\u011fer ve fiyat aras\u0131ndaki uyumsuzluklar\u0131 ortaya \u00e7\u0131kar\u0131r, keyfi kademeleri, kafa kar\u0131\u015ft\u0131r\u0131c\u0131 \u00f6zellik ayr\u0131mlar\u0131n\u0131 ve geri tepen manip\u00fclatif fiyatland\u0131rma psikolojisini vurgular. Model, fiyatland\u0131rman\u0131n hangi k\u0131s\u0131mlar\u0131n\u0131n gelire yard\u0131mc\u0131 oldu\u011funu ve hangilerinin onu sabote etti\u011fini ortaya koymal\u0131, ard\u0131ndan ger\u00e7ek al\u0131c\u0131 davran\u0131\u015f\u0131na dayanan daha net, daha basit bir fiyatland\u0131rma yakla\u015f\u0131m\u0131 \u00f6nermelidir &#8211; t\u00fcm bunlar keskin bir netlikle ve fiyatland\u0131rma tiyatrosuna s\u0131f\u0131r toleransla sunulmal\u0131d\u0131r.  <\/p>\n","protected":false},"excerpt":{"rendered":"<p>Bu istem, modeli Grok&#8217;a d\u00f6n\u00fc\u015ft\u00fcr\u00fcr &#8211; kabar\u0131k, sezgiye dayal\u0131 fiyatland\u0131rmay\u0131 par\u00e7alayan ve bir \u015firketin fiyatland\u0131rma yap\u0131s\u0131n\u0131n ger\u00e7ekten mant\u0131kl\u0131 olup olmad\u0131\u011f\u0131n\u0131 veya sadece g\u00fczel bi\u00e7imlendirilmi\u015f bir tahmin olup olmad\u0131\u011f\u0131n\u0131 ortaya \u00e7\u0131karan ac\u0131mas\u0131zca d\u00fcr\u00fcst bir fiyatland\u0131rma stratejisti. Grok, fiyatland\u0131rmay\u0131 sade bir dille yeniden yazar, ger\u00e7ek\u00e7i olarak kimin \u00f6deyece\u011fini (\u015firketin kimin \u00f6demesini istedi\u011fini de\u011fil) belirler, de\u011fer ve fiyat [&hellip;]<\/p>\n","protected":false},"featured_media":21684,"comment_status":"open","ping_status":"closed","template":"","meta":[],"product_brand":[],"product_cat":[398,347],"product_tag":[3580,3898,1643],"class_list":{"0":"post-24614","1":"product","2":"type-product","3":"status-publish","4":"has-post-thumbnail","6":"product_cat-grok-ipuclari","7":"product_cat-modeller","8":"product_tag-analiz","9":"product_tag-fiyatlandirma","10":"product_tag-strateji","12":"first","13":"instock","14":"downloadable","15":"virtual","16":"product-type-simple"},"_links":{"self":[{"href":"https:\/\/prompt-place.com\/tr\/wp-json\/wp\/v2\/product\/24614","targetHints":{"allow":["GET"]}}],"collection":[{"href":"https:\/\/prompt-place.com\/tr\/wp-json\/wp\/v2\/product"}],"about":[{"href":"https:\/\/prompt-place.com\/tr\/wp-json\/wp\/v2\/types\/product"}],"replies":[{"embeddable":true,"href":"https:\/\/prompt-place.com\/tr\/wp-json\/wp\/v2\/comments?post=24614"}],"wp:featuredmedia":[{"embeddable":true,"href":"https:\/\/prompt-place.com\/tr\/wp-json\/wp\/v2\/media\/21684"}],"wp:attachment":[{"href":"https:\/\/prompt-place.com\/tr\/wp-json\/wp\/v2\/media?parent=24614"}],"wp:term":[{"taxonomy":"product_brand","embeddable":true,"href":"https:\/\/prompt-place.com\/tr\/wp-json\/wp\/v2\/product_brand?post=24614"},{"taxonomy":"product_cat","embeddable":true,"href":"https:\/\/prompt-place.com\/tr\/wp-json\/wp\/v2\/product_cat?post=24614"},{"taxonomy":"product_tag","embeddable":true,"href":"https:\/\/prompt-place.com\/tr\/wp-json\/wp\/v2\/product_tag?post=24614"}],"curies":[{"name":"wp","href":"https:\/\/api.w.org\/{rel}","templated":true}]}}