{"id":24612,"date":"2026-01-09T11:46:41","date_gmt":"2026-01-09T11:46:41","guid":{"rendered":"http:\/\/prompt-place.com\/product\/metin-goruntu-stratejik-sentezi\/"},"modified":"2026-01-09T11:46:41","modified_gmt":"2026-01-09T11:46:41","slug":"metin-goruntu-stratejik-sentezi","status":"publish","type":"product","link":"https:\/\/prompt-place.com\/tr\/urun\/metin-goruntu-stratejik-sentezi\/","title":{"rendered":"Metin + G\u00f6r\u00fcnt\u00fc Stratejik Sentezi"},"content":{"rendered":"<p>Bu istem, bir yapay zekaya kar\u0131\u015f\u0131k girdileri (metinsel materyaller art\u0131 g\u00f6rsel materyaller) analiz etme ve bunlar\u0131 tek, net bir stratejik i\u015f \u00f6nerisi olarak sentezleme talimat\u0131 verir.<\/p>\n<p>Yapay zeka, metin ve g\u00f6rselleri birbirini tamamlayan sinyaller olarak ele almal\u0131d\u0131r:<br \/>\n &#8211; yaz\u0131l\u0131 i\u00e7erikten a\u00e7\u0131k hedefleri, k\u0131s\u0131tlamalar\u0131 veya i\u00e7g\u00f6r\u00fcleri \u00e7\u0131karmak ve<br \/>\n &#8211; g\u00f6rsellerden \u00f6rt\u00fck ipu\u00e7lar\u0131n\u0131, kal\u0131plar\u0131, davran\u0131\u015flar\u0131 veya yap\u0131lar\u0131 yorumlamak.<\/p>\n<p>G\u00fcr\u00fclt\u00fcy\u00fc filtrelemeli ve her iki kan\u0131t bi\u00e7imini de bir karar\u0131 do\u011frudan bilgilendiren daha \u00fcst d\u00fczey stratejik i\u00e7g\u00f6r\u00fclerde birle\u015ftirmelidir. \u00c7\u0131kt\u0131, gerek\u00e7e, beklenen etki, \u00f6d\u00fcnle\u015fimler, riskler ve gerekli do\u011frulama ad\u0131mlar\u0131yla birlikte birincil stratejik \u00f6neriyi (iste\u011fe ba\u011fl\u0131 alternatiflerle birlikte) i\u00e7ermelidir. <\/p>\n<p>Nihai yan\u0131t yap\u0131land\u0131r\u0131lm\u0131\u015f bir format\u0131 (ba\u011flam, sinyaller, i\u00e7g\u00f6r\u00fcler, \u00f6neri, riskler\/sonraki ad\u0131mlar) takip eder ve y\u00f6netici stratejisi, karar toplant\u0131lar\u0131 veya i\u015f planlamas\u0131nda ger\u00e7ek kullan\u0131m i\u00e7in yaz\u0131lm\u0131\u015ft\u0131r.<\/p>\n","protected":false},"excerpt":{"rendered":"<p>Bu istem, bir yapay zekaya kar\u0131\u015f\u0131k girdileri (metinsel materyaller art\u0131 g\u00f6rsel materyaller) analiz etme ve bunlar\u0131 tek, net bir stratejik i\u015f \u00f6nerisi olarak sentezleme talimat\u0131 verir. Yapay zeka, metin ve g\u00f6rselleri birbirini tamamlayan sinyaller olarak ele almal\u0131d\u0131r: &#8211; yaz\u0131l\u0131 i\u00e7erikten a\u00e7\u0131k hedefleri, k\u0131s\u0131tlamalar\u0131 veya i\u00e7g\u00f6r\u00fcleri \u00e7\u0131karmak ve &#8211; g\u00f6rsellerden \u00f6rt\u00fck ipu\u00e7lar\u0131n\u0131, kal\u0131plar\u0131, davran\u0131\u015flar\u0131 veya yap\u0131lar\u0131 [&hellip;]<\/p>\n","protected":false},"featured_media":21643,"comment_status":"open","ping_status":"closed","template":"","meta":[],"product_brand":[],"product_cat":[421,347],"product_tag":[3895],"class_list":{"0":"post-24612","1":"product","2":"type-product","3":"status-publish","4":"has-post-thumbnail","6":"product_cat-ikizler-burcu-ipuclari","7":"product_cat-modeller","8":"product_tag-stratejik-sentez","10":"first","11":"instock","12":"downloadable","13":"virtual","14":"product-type-simple"},"_links":{"self":[{"href":"https:\/\/prompt-place.com\/tr\/wp-json\/wp\/v2\/product\/24612","targetHints":{"allow":["GET"]}}],"collection":[{"href":"https:\/\/prompt-place.com\/tr\/wp-json\/wp\/v2\/product"}],"about":[{"href":"https:\/\/prompt-place.com\/tr\/wp-json\/wp\/v2\/types\/product"}],"replies":[{"embeddable":true,"href":"https:\/\/prompt-place.com\/tr\/wp-json\/wp\/v2\/comments?post=24612"}],"wp:featuredmedia":[{"embeddable":true,"href":"https:\/\/prompt-place.com\/tr\/wp-json\/wp\/v2\/media\/21643"}],"wp:attachment":[{"href":"https:\/\/prompt-place.com\/tr\/wp-json\/wp\/v2\/media?parent=24612"}],"wp:term":[{"taxonomy":"product_brand","embeddable":true,"href":"https:\/\/prompt-place.com\/tr\/wp-json\/wp\/v2\/product_brand?post=24612"},{"taxonomy":"product_cat","embeddable":true,"href":"https:\/\/prompt-place.com\/tr\/wp-json\/wp\/v2\/product_cat?post=24612"},{"taxonomy":"product_tag","embeddable":true,"href":"https:\/\/prompt-place.com\/tr\/wp-json\/wp\/v2\/product_tag?post=24612"}],"curies":[{"name":"wp","href":"https:\/\/api.w.org\/{rel}","templated":true}]}}