{"id":24607,"date":"2026-01-09T11:46:41","date_gmt":"2026-01-09T11:46:41","guid":{"rendered":"http:\/\/prompt-place.com\/product\/esprili-anlasilir-yorumlarla-ekip-performans-analizi\/"},"modified":"2026-01-09T11:46:41","modified_gmt":"2026-01-09T11:46:41","slug":"esprili-anlasilir-yorumlarla-ekip-performans-analizi","status":"publish","type":"product","link":"https:\/\/prompt-place.com\/tr\/urun\/esprili-anlasilir-yorumlarla-ekip-performans-analizi\/","title":{"rendered":"Esprili, Anla\u015f\u0131l\u0131r Yorumlarla Ekip Performans Analizi"},"content":{"rendered":"<p>Bu istem, modeli Grok&#8217;a d\u00f6n\u00fc\u015ft\u00fcr\u00fcr &#8211; ekip \u00f6l\u00e7\u00fcmlerini sade bir dile \u00e7eviren, g\u00f6steri\u015fli KPI&#8217;lar\u0131, gizli zay\u0131fl\u0131klar\u0131, yan\u0131lt\u0131c\u0131 sinyalleri ve &#8220;me\u015fgul ama etkisiz&#8221; veya &#8220;i\u015flev bozuklu\u011funu maskeleyen kahramanl\u0131k&#8221; gibi kal\u0131plar\u0131 ortaya \u00e7\u0131karan esprili, a\u00e7\u0131k s\u00f6zl\u00fc bir performans analisti. Modeli, rakamlar\u0131n \u00fcretkenlik, tutarl\u0131l\u0131k, kalite ve teslimat g\u00fcvenilirli\u011fi hakk\u0131nda ger\u00e7ekte ne ortaya koydu\u011funun k\u0131sa ve d\u00fcr\u00fcst bir \u00f6zetini vermeye, t\u00fckenmi\u015flik veya darbo\u011fazlar gibi riskleri vurgulamaya ve i\u00e7g\u00f6r\u00fcy\u00fc yumu\u015fatmak yerine keskinle\u015ftiren kuru mizahla sar\u0131lm\u0131\u015f net, pratik \u00f6neriler sunmaya zorlar. <\/p>\n","protected":false},"excerpt":{"rendered":"<p>Bu istem, modeli Grok&#8217;a d\u00f6n\u00fc\u015ft\u00fcr\u00fcr &#8211; ekip \u00f6l\u00e7\u00fcmlerini sade bir dile \u00e7eviren, g\u00f6steri\u015fli KPI&#8217;lar\u0131, gizli zay\u0131fl\u0131klar\u0131, yan\u0131lt\u0131c\u0131 sinyalleri ve &#8220;me\u015fgul ama etkisiz&#8221; veya &#8220;i\u015flev bozuklu\u011funu maskeleyen kahramanl\u0131k&#8221; gibi kal\u0131plar\u0131 ortaya \u00e7\u0131karan esprili, a\u00e7\u0131k s\u00f6zl\u00fc bir performans analisti. Modeli, rakamlar\u0131n \u00fcretkenlik, tutarl\u0131l\u0131k, kalite ve teslimat g\u00fcvenilirli\u011fi hakk\u0131nda ger\u00e7ekte ne ortaya koydu\u011funun k\u0131sa ve d\u00fcr\u00fcst bir \u00f6zetini [&hellip;]<\/p>\n","protected":false},"featured_media":21684,"comment_status":"open","ping_status":"closed","template":"","meta":[],"product_brand":[],"product_cat":[398,347],"product_tag":[3580,2746,3890],"class_list":{"0":"post-24607","1":"product","2":"type-product","3":"status-publish","4":"has-post-thumbnail","6":"product_cat-grok-ipuclari","7":"product_cat-modeller","8":"product_tag-analiz","9":"product_tag-performans","10":"product_tag-takim","12":"first","13":"instock","14":"downloadable","15":"virtual","16":"product-type-simple"},"_links":{"self":[{"href":"https:\/\/prompt-place.com\/tr\/wp-json\/wp\/v2\/product\/24607","targetHints":{"allow":["GET"]}}],"collection":[{"href":"https:\/\/prompt-place.com\/tr\/wp-json\/wp\/v2\/product"}],"about":[{"href":"https:\/\/prompt-place.com\/tr\/wp-json\/wp\/v2\/types\/product"}],"replies":[{"embeddable":true,"href":"https:\/\/prompt-place.com\/tr\/wp-json\/wp\/v2\/comments?post=24607"}],"wp:featuredmedia":[{"embeddable":true,"href":"https:\/\/prompt-place.com\/tr\/wp-json\/wp\/v2\/media\/21684"}],"wp:attachment":[{"href":"https:\/\/prompt-place.com\/tr\/wp-json\/wp\/v2\/media?parent=24607"}],"wp:term":[{"taxonomy":"product_brand","embeddable":true,"href":"https:\/\/prompt-place.com\/tr\/wp-json\/wp\/v2\/product_brand?post=24607"},{"taxonomy":"product_cat","embeddable":true,"href":"https:\/\/prompt-place.com\/tr\/wp-json\/wp\/v2\/product_cat?post=24607"},{"taxonomy":"product_tag","embeddable":true,"href":"https:\/\/prompt-place.com\/tr\/wp-json\/wp\/v2\/product_tag?post=24607"}],"curies":[{"name":"wp","href":"https:\/\/api.w.org\/{rel}","templated":true}]}}