{"id":24604,"date":"2026-01-09T11:46:40","date_gmt":"2026-01-09T11:46:40","guid":{"rendered":"http:\/\/prompt-place.com\/product\/musteri-davranisi-isi-haritasi-oruntusu-cikarma\/"},"modified":"2026-01-09T11:46:40","modified_gmt":"2026-01-09T11:46:40","slug":"musteri-davranisi-isi-haritasi-oruntusu-cikarma","status":"publish","type":"product","link":"https:\/\/prompt-place.com\/tr\/urun\/musteri-davranisi-isi-haritasi-oruntusu-cikarma\/","title":{"rendered":"M\u00fc\u015fteri Davran\u0131\u015f\u0131 Is\u0131 Haritas\u0131 \u00d6r\u00fcnt\u00fcs\u00fc \u00c7\u0131karma"},"content":{"rendered":"<p>Bu istem, bir yapay zekaya m\u00fc\u015fteri davran\u0131\u015f\u0131 \u0131s\u0131 haritalar\u0131n\u0131 (t\u0131klama, kayd\u0131rma, \u00fczerine gelme, dikkat veya karma \u0131s\u0131 haritalar\u0131) analiz etme ve bunlar\u0131 kullan\u0131c\u0131lar\u0131n bir web sayfas\u0131 veya \u00fcr\u00fcn aray\u00fcz\u00fc ile nas\u0131l etkile\u015fime girdi\u011fine dair net i\u00e7g\u00f6r\u00fclere d\u00f6n\u00fc\u015ft\u00fcrme talimat\u0131 verir. Yapay zeka, \u0131s\u0131 haritas\u0131n\u0131n hangi kullan\u0131c\u0131 davran\u0131\u015f\u0131n\u0131 temsil etti\u011fini yorumlamal\u0131, y\u00fcksek etkile\u015fim ve d\u00fc\u015f\u00fck etkile\u015fim b\u00f6lgelerini tan\u0131mlamal\u0131, yanl\u0131\u015f t\u0131klamalar veya \u00f6l\u00fc b\u00f6lgeler gibi anormallikleri tespit etmeli ve kayd\u0131rma derinli\u011fi d\u00fc\u015f\u00fc\u015flerini veya yanl\u0131\u015f y\u00f6nlendirilmi\u015f dikkat modellerini tan\u0131mal\u0131d\u0131r. Ger\u00e7ek davran\u0131\u015f sinyallerini g\u00fcr\u00fclt\u00fcden ay\u0131r\u0131rken bu davran\u0131\u015flar\u0131 kafa kar\u0131\u015f\u0131kl\u0131\u011f\u0131, s\u00fcrt\u00fcnme, teredd\u00fct veya g\u00fc\u00e7l\u00fc ilgi gibi kullan\u0131c\u0131 niyetinin anlaml\u0131 a\u00e7\u0131klamalar\u0131na d\u00f6n\u00fc\u015ft\u00fcrmelidir.  <\/p>\n<p>Model ayr\u0131ca bu davran\u0131\u015flar\u0131n kullan\u0131labilirli\u011fi, d\u00f6n\u00fc\u015f\u00fcm\u00fc ve i\u015f sonu\u00e7lar\u0131n\u0131 nas\u0131l etkiledi\u011fini a\u00e7\u0131klamal\u0131, riskleri (\u00f6rne\u011fin, g\u00f6zden ka\u00e7an CTA&#8217;lar, k\u00f6t\u00fc d\u00fczen hizalamas\u0131, yan\u0131lt\u0131c\u0131 olanaklar) ve iyile\u015ftirme f\u0131rsatlar\u0131n\u0131 belirlemelidir. Yapay zeka daha sonra hiyerar\u015fiyi ayarlama, i\u00e7eri\u011fi ta\u015f\u0131ma, CTA yerle\u015fimini iyile\u015ftirme, d\u00fczeni basitle\u015ftirme veya etkile\u015fimleri netle\u015ftirme gibi belirli UX \u00f6nerileri sunmal\u0131d\u0131r. T\u00fcm sonu\u00e7lar renk veya g\u00f6rsel g\u00f6r\u00fcn\u00fcmden ziyade davran\u0131\u015fsal yorumlamaya dayand\u0131r\u0131lmal\u0131d\u0131r. Nihai \u00e7\u0131kt\u0131, UX optimizasyonu veya CRO \u00e7al\u0131\u015fmas\u0131 i\u00e7in uygun yap\u0131land\u0131r\u0131lm\u0131\u015f bir format\u0131 (ba\u011flam, kal\u0131plar, yorumlama, riskler, \u00f6neriler) takip eder.   <\/p>\n","protected":false},"excerpt":{"rendered":"<p>Bu istem, bir yapay zekaya m\u00fc\u015fteri davran\u0131\u015f\u0131 \u0131s\u0131 haritalar\u0131n\u0131 (t\u0131klama, kayd\u0131rma, \u00fczerine gelme, dikkat veya karma \u0131s\u0131 haritalar\u0131) analiz etme ve bunlar\u0131 kullan\u0131c\u0131lar\u0131n bir web sayfas\u0131 veya \u00fcr\u00fcn aray\u00fcz\u00fc ile nas\u0131l etkile\u015fime girdi\u011fine dair net i\u00e7g\u00f6r\u00fclere d\u00f6n\u00fc\u015ft\u00fcrme talimat\u0131 verir. Yapay zeka, \u0131s\u0131 haritas\u0131n\u0131n hangi kullan\u0131c\u0131 davran\u0131\u015f\u0131n\u0131 temsil etti\u011fini yorumlamal\u0131, y\u00fcksek etkile\u015fim ve d\u00fc\u015f\u00fck etkile\u015fim b\u00f6lgelerini [&hellip;]<\/p>\n","protected":false},"featured_media":21643,"comment_status":"open","ping_status":"closed","template":"","meta":[],"product_brand":[],"product_cat":[421,347],"product_tag":[3886],"class_list":{"0":"post-24604","1":"product","2":"type-product","3":"status-publish","4":"has-post-thumbnail","6":"product_cat-ikizler-burcu-ipuclari","7":"product_cat-modeller","8":"product_tag-musteri-davranisi","10":"first","11":"instock","12":"downloadable","13":"virtual","14":"product-type-simple"},"_links":{"self":[{"href":"https:\/\/prompt-place.com\/tr\/wp-json\/wp\/v2\/product\/24604","targetHints":{"allow":["GET"]}}],"collection":[{"href":"https:\/\/prompt-place.com\/tr\/wp-json\/wp\/v2\/product"}],"about":[{"href":"https:\/\/prompt-place.com\/tr\/wp-json\/wp\/v2\/types\/product"}],"replies":[{"embeddable":true,"href":"https:\/\/prompt-place.com\/tr\/wp-json\/wp\/v2\/comments?post=24604"}],"wp:featuredmedia":[{"embeddable":true,"href":"https:\/\/prompt-place.com\/tr\/wp-json\/wp\/v2\/media\/21643"}],"wp:attachment":[{"href":"https:\/\/prompt-place.com\/tr\/wp-json\/wp\/v2\/media?parent=24604"}],"wp:term":[{"taxonomy":"product_brand","embeddable":true,"href":"https:\/\/prompt-place.com\/tr\/wp-json\/wp\/v2\/product_brand?post=24604"},{"taxonomy":"product_cat","embeddable":true,"href":"https:\/\/prompt-place.com\/tr\/wp-json\/wp\/v2\/product_cat?post=24604"},{"taxonomy":"product_tag","embeddable":true,"href":"https:\/\/prompt-place.com\/tr\/wp-json\/wp\/v2\/product_tag?post=24604"}],"curies":[{"name":"wp","href":"https:\/\/api.w.org\/{rel}","templated":true}]}}