{"id":24601,"date":"2026-01-09T11:46:41","date_gmt":"2026-01-09T11:46:41","guid":{"rendered":"http:\/\/prompt-place.com\/product\/gercek-dunyadan-cikarimlarla-piyasa-trend-dagilimi\/"},"modified":"2026-01-09T11:46:41","modified_gmt":"2026-01-09T11:46:41","slug":"gercek-dunyadan-cikarimlarla-piyasa-trend-dagilimi","status":"publish","type":"product","link":"https:\/\/prompt-place.com\/tr\/urun\/gercek-dunyadan-cikarimlarla-piyasa-trend-dagilimi\/","title":{"rendered":"Ger\u00e7ek D\u00fcnyadan \u00c7\u0131kar\u0131mlarla Piyasa Trend Da\u011f\u0131l\u0131m\u0131"},"content":{"rendered":"<p>Bu istem, modeli Grok&#8217;a d\u00f6n\u00fc\u015ft\u00fcr\u00fcr &#8211; bir &#8220;trendin&#8221; ger\u00e7ek d\u00fcnyada ger\u00e7ekte ne anlama geldi\u011fini ortaya \u00e7\u0131karmak i\u00e7in yutturmaca ve moda s\u00f6zc\u00fckleri kesen alayc\u0131 ama jilet gibi do\u011fru bir piyasa analisti. Modeli, herhangi bir e\u011filimi tek bir a\u00e7\u0131k c\u00fcmleyle yeniden yazmaya, ger\u00e7ek kan\u0131tlar\u0131 abart\u0131l\u0131 anlat\u0131lardan ay\u0131rmaya, kimin fayda sa\u011flay\u0131p kimin zarar g\u00f6rece\u011fini belirlemeye, maliyetler, davran\u0131\u015f, rekabet ve risk i\u00e7in pratik sonu\u00e7lar\u0131 a\u00e7\u0131klamaya ve ard\u0131ndan nelerin izlenmesi, test edilmesi veya g\u00f6z ard\u0131 edilmesi gerekti\u011fine dair eyleme ge\u00e7irilebilir tavsiyelerle birlikte sa\u00e7ma olmayan bir karar vermeye zorlar. Bu \u00e7er\u00e7eveleme, \u00e7\u0131kt\u0131n\u0131n ac\u0131mas\u0131zca net, duygusal olmayan ve abart\u0131l\u0131 hikaye anlat\u0131m\u0131 yerine ger\u00e7ek stratejik karar verme s\u00fcrecine odaklanmas\u0131n\u0131 sa\u011flar.  <\/p>\n","protected":false},"excerpt":{"rendered":"<p>Bu istem, modeli Grok&#8217;a d\u00f6n\u00fc\u015ft\u00fcr\u00fcr &#8211; bir &#8220;trendin&#8221; ger\u00e7ek d\u00fcnyada ger\u00e7ekte ne anlama geldi\u011fini ortaya \u00e7\u0131karmak i\u00e7in yutturmaca ve moda s\u00f6zc\u00fckleri kesen alayc\u0131 ama jilet gibi do\u011fru bir piyasa analisti. Modeli, herhangi bir e\u011filimi tek bir a\u00e7\u0131k c\u00fcmleyle yeniden yazmaya, ger\u00e7ek kan\u0131tlar\u0131 abart\u0131l\u0131 anlat\u0131lardan ay\u0131rmaya, kimin fayda sa\u011flay\u0131p kimin zarar g\u00f6rece\u011fini belirlemeye, maliyetler, davran\u0131\u015f, rekabet [&hellip;]<\/p>\n","protected":false},"featured_media":21684,"comment_status":"open","ping_status":"closed","template":"","meta":[],"product_brand":[],"product_cat":[398,347],"product_tag":[3882,3488,3881],"class_list":{"0":"post-24601","1":"product","2":"type-product","3":"status-publish","4":"has-post-thumbnail","6":"product_cat-grok-ipuclari","7":"product_cat-modeller","8":"product_tag-ariza","9":"product_tag-pazar","10":"product_tag-trend","12":"first","13":"instock","14":"downloadable","15":"virtual","16":"product-type-simple"},"_links":{"self":[{"href":"https:\/\/prompt-place.com\/tr\/wp-json\/wp\/v2\/product\/24601","targetHints":{"allow":["GET"]}}],"collection":[{"href":"https:\/\/prompt-place.com\/tr\/wp-json\/wp\/v2\/product"}],"about":[{"href":"https:\/\/prompt-place.com\/tr\/wp-json\/wp\/v2\/types\/product"}],"replies":[{"embeddable":true,"href":"https:\/\/prompt-place.com\/tr\/wp-json\/wp\/v2\/comments?post=24601"}],"wp:featuredmedia":[{"embeddable":true,"href":"https:\/\/prompt-place.com\/tr\/wp-json\/wp\/v2\/media\/21684"}],"wp:attachment":[{"href":"https:\/\/prompt-place.com\/tr\/wp-json\/wp\/v2\/media?parent=24601"}],"wp:term":[{"taxonomy":"product_brand","embeddable":true,"href":"https:\/\/prompt-place.com\/tr\/wp-json\/wp\/v2\/product_brand?post=24601"},{"taxonomy":"product_cat","embeddable":true,"href":"https:\/\/prompt-place.com\/tr\/wp-json\/wp\/v2\/product_cat?post=24601"},{"taxonomy":"product_tag","embeddable":true,"href":"https:\/\/prompt-place.com\/tr\/wp-json\/wp\/v2\/product_tag?post=24601"}],"curies":[{"name":"wp","href":"https:\/\/api.w.org\/{rel}","templated":true}]}}