{"id":24599,"date":"2026-01-09T11:46:40","date_gmt":"2026-01-09T11:46:40","guid":{"rendered":"http:\/\/prompt-place.com\/product\/mimari-eskiz-yorumlama-ve-belgeleme\/"},"modified":"2026-01-09T11:46:40","modified_gmt":"2026-01-09T11:46:40","slug":"mimari-eskiz-yorumlama-ve-belgeleme","status":"publish","type":"product","link":"https:\/\/prompt-place.com\/tr\/urun\/mimari-eskiz-yorumlama-ve-belgeleme\/","title":{"rendered":"Mimari Eskiz Yorumlama ve Belgeleme"},"content":{"rendered":"<p>Bu istem, bir YZ&#8217;ye mimari eskizleri (elle \u00e7izilmi\u015f, a\u00e7\u0131klamal\u0131, kavramsal veya d\u00fczene dayal\u0131) analiz etmesini ve bunlar\u0131 mimari ileti\u015fim, tasar\u0131m incelemesi ve daha fazla geli\u015ftirme i\u00e7in uygun, net, yap\u0131land\u0131r\u0131lm\u0131\u015f bir teknik belgeye d\u00f6n\u00fc\u015ft\u00fcrmesini s\u00f6yler. YZ, altta yatan mimari amac\u0131 yorumlamal\u0131, mekanlar\u0131 ve ili\u015fkilerini tan\u0131mlamal\u0131 ve eskizlerle desteklenmeyen ayr\u0131nt\u0131lar eklemeden tasar\u0131m\u0131n arkas\u0131ndaki mant\u0131\u011f\u0131 a\u00e7\u0131klamal\u0131d\u0131r. <\/p>\n<p>Olu\u015fturulan dok\u00fcmantasyon proje ba\u011flam\u0131n\u0131, mek\u00e2nsal program\u0131, temel mimari unsurlar\u0131, dola\u015f\u0131m mant\u0131\u011f\u0131n\u0131 ve i\u015flevsel gerek\u00e7eleri ana hatlar\u0131yla belirtmelidir. Model ayn\u0131 zamanda belirsiz veya eksik bilgileri vurgulamal\u0131, varsay\u0131mlar\u0131 listelemeli ve daha ileri tasar\u0131m a\u015famalar\u0131na ge\u00e7meden \u00f6nce a\u00e7\u0131kl\u0131\u011fa kavu\u015fturulmas\u0131 gereken sorular\u0131 ortaya koymal\u0131d\u0131r. Nihai \u00e7\u0131kt\u0131n\u0131n mimarlar, m\u00fc\u015fteriler veya tasar\u0131m ekipleri i\u00e7in temel bir belge olarak kullan\u0131labilmesini sa\u011flamak i\u00e7in ton kesin, tarafs\u0131z ve profesyonel kalmal\u0131d\u0131r.  <\/p>\n","protected":false},"excerpt":{"rendered":"<p>Bu istem, bir YZ&#8217;ye mimari eskizleri (elle \u00e7izilmi\u015f, a\u00e7\u0131klamal\u0131, kavramsal veya d\u00fczene dayal\u0131) analiz etmesini ve bunlar\u0131 mimari ileti\u015fim, tasar\u0131m incelemesi ve daha fazla geli\u015ftirme i\u00e7in uygun, net, yap\u0131land\u0131r\u0131lm\u0131\u015f bir teknik belgeye d\u00f6n\u00fc\u015ft\u00fcrmesini s\u00f6yler. YZ, altta yatan mimari amac\u0131 yorumlamal\u0131, mekanlar\u0131 ve ili\u015fkilerini tan\u0131mlamal\u0131 ve eskizlerle desteklenmeyen ayr\u0131nt\u0131lar eklemeden tasar\u0131m\u0131n arkas\u0131ndaki mant\u0131\u011f\u0131 a\u00e7\u0131klamal\u0131d\u0131r. Olu\u015fturulan dok\u00fcmantasyon [&hellip;]<\/p>\n","protected":false},"featured_media":21643,"comment_status":"open","ping_status":"closed","template":"","meta":[],"product_brand":[],"product_cat":[421,347],"product_tag":[3879],"class_list":{"0":"post-24599","1":"product","2":"type-product","3":"status-publish","4":"has-post-thumbnail","6":"product_cat-ikizler-burcu-ipuclari","7":"product_cat-modeller","8":"product_tag-mimari-taslak","10":"first","11":"instock","12":"downloadable","13":"virtual","14":"product-type-simple"},"_links":{"self":[{"href":"https:\/\/prompt-place.com\/tr\/wp-json\/wp\/v2\/product\/24599","targetHints":{"allow":["GET"]}}],"collection":[{"href":"https:\/\/prompt-place.com\/tr\/wp-json\/wp\/v2\/product"}],"about":[{"href":"https:\/\/prompt-place.com\/tr\/wp-json\/wp\/v2\/types\/product"}],"replies":[{"embeddable":true,"href":"https:\/\/prompt-place.com\/tr\/wp-json\/wp\/v2\/comments?post=24599"}],"wp:featuredmedia":[{"embeddable":true,"href":"https:\/\/prompt-place.com\/tr\/wp-json\/wp\/v2\/media\/21643"}],"wp:attachment":[{"href":"https:\/\/prompt-place.com\/tr\/wp-json\/wp\/v2\/media?parent=24599"}],"wp:term":[{"taxonomy":"product_brand","embeddable":true,"href":"https:\/\/prompt-place.com\/tr\/wp-json\/wp\/v2\/product_brand?post=24599"},{"taxonomy":"product_cat","embeddable":true,"href":"https:\/\/prompt-place.com\/tr\/wp-json\/wp\/v2\/product_cat?post=24599"},{"taxonomy":"product_tag","embeddable":true,"href":"https:\/\/prompt-place.com\/tr\/wp-json\/wp\/v2\/product_tag?post=24599"}],"curies":[{"name":"wp","href":"https:\/\/api.w.org\/{rel}","templated":true}]}}