{"id":24596,"date":"2026-01-09T11:46:40","date_gmt":"2026-01-09T11:46:40","guid":{"rendered":"http:\/\/prompt-place.com\/product\/gorsel-analitik-gosterge-tablosu-anomali-tespiti\/"},"modified":"2026-01-09T11:46:40","modified_gmt":"2026-01-09T11:46:40","slug":"gorsel-analitik-gosterge-tablosu-anomali-tespiti","status":"publish","type":"product","link":"https:\/\/prompt-place.com\/tr\/urun\/gorsel-analitik-gosterge-tablosu-anomali-tespiti\/","title":{"rendered":"G\u00f6rsel Analitik G\u00f6sterge Tablosu Anomali Tespiti"},"content":{"rendered":"<p>Bu istem, bir yapay zekaya g\u00f6rsel analiz panosunu b\u00fct\u00fcnsel olarak analiz etme ve d\u00fczensiz art\u0131\u015flar, d\u00fc\u015f\u00fc\u015fler, ilgili \u00f6l\u00e7\u00fcmler aras\u0131ndaki tutars\u0131zl\u0131klar, \u015f\u00fcpheli istikrar veya eksik veriler gibi anlaml\u0131 anormallikleri tespit etme talimat\u0131 verir.<\/p>\n<p>Yapay zeka, g\u00f6sterge panelinin \u00f6l\u00e7t\u00fcklerini yorumlamal\u0131, dikkat gerektiren sapmalar\u0131 belirlemeli ve bunlar\u0131 net, i\u015fle ilgili \u00e7\u0131kar\u0131mlara d\u00f6n\u00fc\u015ft\u00fcrmelidir. Her anormallik (spek\u00fclasyon i\u00e7ermeyen) sa\u011flam bir yorumla, i\u015fletme i\u00e7in neden \u00f6nemli oldu\u011funa dair bir a\u00e7\u0131klamayla ve do\u011frulamak veya daha fazla ara\u015ft\u0131rmak i\u00e7in \u00f6nerilen sonraki ad\u0131mlarla e\u015fle\u015ftirilmelidir. <\/p>\n<p>Nihai \u00e7\u0131kt\u0131, analitik incelemeler, olay ara\u015ft\u0131rmalar\u0131 ve y\u00f6netici raporlamas\u0131 i\u00e7in tasarlanm\u0131\u015f yap\u0131land\u0131r\u0131lm\u0131\u015f bir format\u0131 takip eder.<\/p>\n","protected":false},"excerpt":{"rendered":"<p>Bu istem, bir yapay zekaya g\u00f6rsel analiz panosunu b\u00fct\u00fcnsel olarak analiz etme ve d\u00fczensiz art\u0131\u015flar, d\u00fc\u015f\u00fc\u015fler, ilgili \u00f6l\u00e7\u00fcmler aras\u0131ndaki tutars\u0131zl\u0131klar, \u015f\u00fcpheli istikrar veya eksik veriler gibi anlaml\u0131 anormallikleri tespit etme talimat\u0131 verir. Yapay zeka, g\u00f6sterge panelinin \u00f6l\u00e7t\u00fcklerini yorumlamal\u0131, dikkat gerektiren sapmalar\u0131 belirlemeli ve bunlar\u0131 net, i\u015fle ilgili \u00e7\u0131kar\u0131mlara d\u00f6n\u00fc\u015ft\u00fcrmelidir. Her anormallik (spek\u00fclasyon i\u00e7ermeyen) sa\u011flam bir [&hellip;]<\/p>\n","protected":false},"featured_media":21643,"comment_status":"open","ping_status":"closed","template":"","meta":[],"product_brand":[],"product_cat":[421,347],"product_tag":[3876],"class_list":{"0":"post-24596","1":"product","2":"type-product","3":"status-publish","4":"has-post-thumbnail","6":"product_cat-ikizler-burcu-ipuclari","7":"product_cat-modeller","8":"product_tag-gorsel-analitik","10":"first","11":"instock","12":"downloadable","13":"virtual","14":"product-type-simple"},"_links":{"self":[{"href":"https:\/\/prompt-place.com\/tr\/wp-json\/wp\/v2\/product\/24596","targetHints":{"allow":["GET"]}}],"collection":[{"href":"https:\/\/prompt-place.com\/tr\/wp-json\/wp\/v2\/product"}],"about":[{"href":"https:\/\/prompt-place.com\/tr\/wp-json\/wp\/v2\/types\/product"}],"replies":[{"embeddable":true,"href":"https:\/\/prompt-place.com\/tr\/wp-json\/wp\/v2\/comments?post=24596"}],"wp:featuredmedia":[{"embeddable":true,"href":"https:\/\/prompt-place.com\/tr\/wp-json\/wp\/v2\/media\/21643"}],"wp:attachment":[{"href":"https:\/\/prompt-place.com\/tr\/wp-json\/wp\/v2\/media?parent=24596"}],"wp:term":[{"taxonomy":"product_brand","embeddable":true,"href":"https:\/\/prompt-place.com\/tr\/wp-json\/wp\/v2\/product_brand?post=24596"},{"taxonomy":"product_cat","embeddable":true,"href":"https:\/\/prompt-place.com\/tr\/wp-json\/wp\/v2\/product_cat?post=24596"},{"taxonomy":"product_tag","embeddable":true,"href":"https:\/\/prompt-place.com\/tr\/wp-json\/wp\/v2\/product_tag?post=24596"}],"curies":[{"name":"wp","href":"https:\/\/api.w.org\/{rel}","templated":true}]}}