{"id":24589,"date":"2026-01-09T11:46:36","date_gmt":"2026-01-09T11:46:36","guid":{"rendered":"http:\/\/prompt-place.com\/product\/tedarik-zinciri-risk-analizi\/"},"modified":"2026-01-09T11:46:36","modified_gmt":"2026-01-09T11:46:36","slug":"tedarik-zinciri-risk-analizi","status":"publish","type":"product","link":"https:\/\/prompt-place.com\/tr\/urun\/tedarik-zinciri-risk-analizi\/","title":{"rendered":"Tedarik Zinciri Risk Analizi"},"content":{"rendered":"<p>Bu istem, bir yapay zeka modeline \u00fcst d\u00fczey bir risk analisti olarak tedarik zinciri diyagramlar\u0131n\u0131 analiz etme talimat\u0131 verir. YZ, g\u00f6sterilen tedarik zincirini u\u00e7tan uca yeniden yap\u0131land\u0131rmal\u0131, kilit a\u015famalar\u0131 (tedarik\u00e7iler, \u00fcretim, lojistik, da\u011f\u0131t\u0131m) belirlemeli ve yap\u0131sal g\u00fcvenlik a\u00e7\u0131klar\u0131n\u0131 tespit etmelidir. Tek hata noktalar\u0131n\u0131, darbo\u011fazlar\u0131, a\u015f\u0131r\u0131 ba\u011f\u0131ml\u0131l\u0131klar\u0131, eksik fazlal\u0131klar\u0131, bilgi bo\u015fluklar\u0131n\u0131 ve potansiyel gecikme veya kesinti kaynaklar\u0131n\u0131 vurgulamak i\u00e7in yapay zekaya rehberlik eder. Riskler t\u00fcrlerine g\u00f6re s\u0131n\u0131fland\u0131r\u0131lmal\u0131 (operasyonel, lojistik, tedarik\u00e7i, vb.) ve fark edilebildiklerinde potansiyel etki ve olas\u0131l\u0131k a\u00e7\u0131s\u0131ndan de\u011ferlendirilmelidir. Son olarak, YZ \u00e7e\u015fitlendirme, tamponlama, s\u00fcrecin yeniden tasarlanmas\u0131 veya izleme iyile\u015ftirmeleri gibi eyleme ge\u00e7irilebilir azaltma stratejileri sa\u011flamal\u0131 ve acil dikkat gerektiren en kritik riskleri i\u015faretlemelidir.    <\/p>\n","protected":false},"excerpt":{"rendered":"<p>Bu istem, bir yapay zeka modeline \u00fcst d\u00fczey bir risk analisti olarak tedarik zinciri diyagramlar\u0131n\u0131 analiz etme talimat\u0131 verir. YZ, g\u00f6sterilen tedarik zincirini u\u00e7tan uca yeniden yap\u0131land\u0131rmal\u0131, kilit a\u015famalar\u0131 (tedarik\u00e7iler, \u00fcretim, lojistik, da\u011f\u0131t\u0131m) belirlemeli ve yap\u0131sal g\u00fcvenlik a\u00e7\u0131klar\u0131n\u0131 tespit etmelidir. Tek hata noktalar\u0131n\u0131, darbo\u011fazlar\u0131, a\u015f\u0131r\u0131 ba\u011f\u0131ml\u0131l\u0131klar\u0131, eksik fazlal\u0131klar\u0131, bilgi bo\u015fluklar\u0131n\u0131 ve potansiyel gecikme veya kesinti [&hellip;]<\/p>\n","protected":false},"featured_media":21643,"comment_status":"open","ping_status":"closed","template":"","meta":[],"product_brand":[],"product_cat":[421,347],"product_tag":[3869],"class_list":{"0":"post-24589","1":"product","2":"type-product","3":"status-publish","4":"has-post-thumbnail","6":"product_cat-ikizler-burcu-ipuclari","7":"product_cat-modeller","8":"product_tag-tedarik-zinciri-2","10":"first","11":"instock","12":"downloadable","13":"virtual","14":"product-type-simple"},"_links":{"self":[{"href":"https:\/\/prompt-place.com\/tr\/wp-json\/wp\/v2\/product\/24589","targetHints":{"allow":["GET"]}}],"collection":[{"href":"https:\/\/prompt-place.com\/tr\/wp-json\/wp\/v2\/product"}],"about":[{"href":"https:\/\/prompt-place.com\/tr\/wp-json\/wp\/v2\/types\/product"}],"replies":[{"embeddable":true,"href":"https:\/\/prompt-place.com\/tr\/wp-json\/wp\/v2\/comments?post=24589"}],"wp:featuredmedia":[{"embeddable":true,"href":"https:\/\/prompt-place.com\/tr\/wp-json\/wp\/v2\/media\/21643"}],"wp:attachment":[{"href":"https:\/\/prompt-place.com\/tr\/wp-json\/wp\/v2\/media?parent=24589"}],"wp:term":[{"taxonomy":"product_brand","embeddable":true,"href":"https:\/\/prompt-place.com\/tr\/wp-json\/wp\/v2\/product_brand?post=24589"},{"taxonomy":"product_cat","embeddable":true,"href":"https:\/\/prompt-place.com\/tr\/wp-json\/wp\/v2\/product_cat?post=24589"},{"taxonomy":"product_tag","embeddable":true,"href":"https:\/\/prompt-place.com\/tr\/wp-json\/wp\/v2\/product_tag?post=24589"}],"curies":[{"name":"wp","href":"https:\/\/api.w.org\/{rel}","templated":true}]}}