{"id":24586,"date":"2026-01-09T11:46:40","date_gmt":"2026-01-09T11:46:40","guid":{"rendered":"http:\/\/prompt-place.com\/product\/akis-semasi-yorumlama-ve-prosedur-optimizasyonu\/"},"modified":"2026-01-09T11:46:40","modified_gmt":"2026-01-09T11:46:40","slug":"akis-semasi-yorumlama-ve-prosedur-optimizasyonu","status":"publish","type":"product","link":"https:\/\/prompt-place.com\/tr\/urun\/akis-semasi-yorumlama-ve-prosedur-optimizasyonu\/","title":{"rendered":"Ak\u0131\u015f \u015eemas\u0131 Yorumlama ve Prosed\u00fcr Optimizasyonu"},"content":{"rendered":"<p>Bu istem, bir yapay zekaya sa\u011flanan bir ak\u0131\u015f \u015femas\u0131n\u0131 analiz etmesini ve bunu ger\u00e7ek operasyonel kullan\u0131ma uygun, net, optimize edilmi\u015f, ad\u0131m ad\u0131m bir prosed\u00fcr olarak yeniden yazmas\u0131n\u0131 s\u00f6yler.<\/p>\n<p>Yapay zeka \u00f6ncelikle ak\u0131\u015f \u015femas\u0131n\u0131n amac\u0131n\u0131, ba\u015flang\u0131\u00e7\/biti\u015f noktalar\u0131n\u0131, ana ad\u0131mlar\u0131, karar ko\u015fullar\u0131n\u0131, ilgili rolleri ve her t\u00fcrl\u00fc dallanma mant\u0131\u011f\u0131n\u0131 anlamal\u0131d\u0131r. Daha sonra gereksiz ad\u0131mlar, net olmayan kararlar, gereksiz onaylar veya otomatikle\u015ftirilebilecek manuel i\u015fler gibi verimsizlikleri tan\u0131mlar. <\/p>\n<p>Sorunlar\u0131 te\u015fhis ettikten sonra, YZ t\u00fcm ak\u0131\u015f\u0131 kesin, eylem odakl\u0131 bir dil kullanarak aerodinamik, numaraland\u0131r\u0131lm\u0131\u015f bir prosed\u00fcr halinde yeniden yazar. Yeniden yaz\u0131lan prosed\u00fcr, m\u00fcmk\u00fcn olan yerlerde ad\u0131mlar\u0131 basitle\u015ftirmeli veya birle\u015ftirmeli, de\u011fer katmayan eylemleri kald\u0131rmal\u0131, mant\u0131\u011f\u0131 netle\u015ftirmeli ve orijinal amac\u0131 korumal\u0131d\u0131r. <\/p>\n<p>\u00c7\u0131kt\u0131 d\u00f6rt yap\u0131land\u0131r\u0131lm\u0131\u015f b\u00f6l\u00fcm (\u00f6zet, sorunlar, optimize edilmi\u015f prosed\u00fcr ve iyile\u015ftirmeler) i\u00e7erir ve ak\u0131\u015f \u015femas\u0131n\u0131n g\u00f6rsel \u015fekillerini tan\u0131mlamaktan ka\u00e7\u0131n\u0131r. Sonu\u00e7, SOP veya s\u00fcre\u00e7 dok\u00fcmantasyonu olarak kullan\u0131ma haz\u0131r, temiz, verimli ve g\u00fcvenilir bir prosed\u00fcrd\u00fcr. <\/p>\n","protected":false},"excerpt":{"rendered":"<p>Bu istem, bir yapay zekaya sa\u011flanan bir ak\u0131\u015f \u015femas\u0131n\u0131 analiz etmesini ve bunu ger\u00e7ek operasyonel kullan\u0131ma uygun, net, optimize edilmi\u015f, ad\u0131m ad\u0131m bir prosed\u00fcr olarak yeniden yazmas\u0131n\u0131 s\u00f6yler. Yapay zeka \u00f6ncelikle ak\u0131\u015f \u015femas\u0131n\u0131n amac\u0131n\u0131, ba\u015flang\u0131\u00e7\/biti\u015f noktalar\u0131n\u0131, ana ad\u0131mlar\u0131, karar ko\u015fullar\u0131n\u0131, ilgili rolleri ve her t\u00fcrl\u00fc dallanma mant\u0131\u011f\u0131n\u0131 anlamal\u0131d\u0131r. Daha sonra gereksiz ad\u0131mlar, net olmayan kararlar, [&hellip;]<\/p>\n","protected":false},"featured_media":21643,"comment_status":"open","ping_status":"closed","template":"","meta":[],"product_brand":[],"product_cat":[421,347],"product_tag":[3866],"class_list":{"0":"post-24586","1":"product","2":"type-product","3":"status-publish","4":"has-post-thumbnail","6":"product_cat-ikizler-burcu-ipuclari","7":"product_cat-modeller","8":"product_tag-akis-semasi-yorumlama","10":"first","11":"instock","12":"downloadable","13":"virtual","14":"product-type-simple"},"_links":{"self":[{"href":"https:\/\/prompt-place.com\/tr\/wp-json\/wp\/v2\/product\/24586","targetHints":{"allow":["GET"]}}],"collection":[{"href":"https:\/\/prompt-place.com\/tr\/wp-json\/wp\/v2\/product"}],"about":[{"href":"https:\/\/prompt-place.com\/tr\/wp-json\/wp\/v2\/types\/product"}],"replies":[{"embeddable":true,"href":"https:\/\/prompt-place.com\/tr\/wp-json\/wp\/v2\/comments?post=24586"}],"wp:featuredmedia":[{"embeddable":true,"href":"https:\/\/prompt-place.com\/tr\/wp-json\/wp\/v2\/media\/21643"}],"wp:attachment":[{"href":"https:\/\/prompt-place.com\/tr\/wp-json\/wp\/v2\/media?parent=24586"}],"wp:term":[{"taxonomy":"product_brand","embeddable":true,"href":"https:\/\/prompt-place.com\/tr\/wp-json\/wp\/v2\/product_brand?post=24586"},{"taxonomy":"product_cat","embeddable":true,"href":"https:\/\/prompt-place.com\/tr\/wp-json\/wp\/v2\/product_cat?post=24586"},{"taxonomy":"product_tag","embeddable":true,"href":"https:\/\/prompt-place.com\/tr\/wp-json\/wp\/v2\/product_tag?post=24586"}],"curies":[{"name":"wp","href":"https:\/\/api.w.org\/{rel}","templated":true}]}}