{"id":24583,"date":"2026-01-09T11:46:36","date_gmt":"2026-01-09T11:46:36","guid":{"rendered":"http:\/\/prompt-place.com\/product\/karma-medya-arastirmasi-icgoru-cikarimi\/"},"modified":"2026-01-09T11:46:36","modified_gmt":"2026-01-09T11:46:36","slug":"karma-medya-arastirmasi-icgoru-cikarimi","status":"publish","type":"product","link":"https:\/\/prompt-place.com\/tr\/urun\/karma-medya-arastirmasi-icgoru-cikarimi\/","title":{"rendered":"Karma Medya Ara\u015ft\u0131rmas\u0131 \u0130\u00e7g\u00f6r\u00fc \u00c7\u0131kar\u0131m\u0131"},"content":{"rendered":"<p>Bu istem, bir yapay zeka modeline kar\u0131\u015f\u0131k bir ara\u015ft\u0131rma materyali setini (metin, ekran g\u00f6r\u00fcnt\u00fcleri, diyagramlar, grafikler, notlar ve di\u011fer g\u00f6rsel girdiler) birle\u015fik bir veri seti olarak analiz etme talimat\u0131 verir. YZ y\u00fczeysel ayr\u0131nt\u0131lar\u0131 g\u00f6z ard\u0131 etmeli, g\u00fcr\u00fclt\u00fcy\u00fc filtrelemeli ve yaln\u0131zca y\u00fcksek de\u011ferli stratejik i\u00e7g\u00f6r\u00fcler \u00e7\u0131karmal\u0131d\u0131r. Bu, kapsay\u0131c\u0131 ara\u015ft\u0131rma hedefinin belirlenmesini, materyallerin temalara g\u00f6re grupland\u0131r\u0131lmas\u0131n\u0131, yinelenen kal\u0131plar\u0131n tan\u0131nmas\u0131n\u0131 ve g\u00fc\u00e7l\u00fc sinyallerin zay\u0131f veya izole bulgulardan ay\u0131rt edilmesini gerektirir. Yapay zeka, farkl\u0131 medya t\u00fcrlerindeki i\u00e7g\u00f6r\u00fcleri sentezlemeli, bulgular\u0131n ne anlama geldi\u011fini a\u00e7\u0131klamal\u0131, \u00e7eli\u015fkileri veya bo\u015fluklar\u0131 vurgulamal\u0131 ve her \u015feyi \u00f6zl\u00fc, karara haz\u0131r bir bi\u00e7imde sunmal\u0131d\u0131r. Nihai \u00e7\u0131kt\u0131, bir ba\u011flam \u00f6zeti, a\u00e7\u0131klamalarla birlikte 5-10 sentezlenmi\u015f i\u00e7g\u00f6r\u00fc, destekleyici kan\u0131t referanslar\u0131, bo\u015fluklar veya a\u00e7\u0131k sorular ve liderlik veya strateji ekipleri i\u00e7in uygun \u00e7\u0131kar\u0131mlar veya \u00f6nerilen odak alanlar\u0131n\u0131 i\u00e7erir.    <\/p>\n","protected":false},"excerpt":{"rendered":"<p>Bu istem, bir yapay zeka modeline kar\u0131\u015f\u0131k bir ara\u015ft\u0131rma materyali setini (metin, ekran g\u00f6r\u00fcnt\u00fcleri, diyagramlar, grafikler, notlar ve di\u011fer g\u00f6rsel girdiler) birle\u015fik bir veri seti olarak analiz etme talimat\u0131 verir. YZ y\u00fczeysel ayr\u0131nt\u0131lar\u0131 g\u00f6z ard\u0131 etmeli, g\u00fcr\u00fclt\u00fcy\u00fc filtrelemeli ve yaln\u0131zca y\u00fcksek de\u011ferli stratejik i\u00e7g\u00f6r\u00fcler \u00e7\u0131karmal\u0131d\u0131r. Bu, kapsay\u0131c\u0131 ara\u015ft\u0131rma hedefinin belirlenmesini, materyallerin temalara g\u00f6re grupland\u0131r\u0131lmas\u0131n\u0131, yinelenen [&hellip;]<\/p>\n","protected":false},"featured_media":21643,"comment_status":"open","ping_status":"closed","template":"","meta":[],"product_brand":[],"product_cat":[421,347],"product_tag":[3863],"class_list":{"0":"post-24583","1":"product","2":"type-product","3":"status-publish","4":"has-post-thumbnail","6":"product_cat-ikizler-burcu-ipuclari","7":"product_cat-modeller","8":"product_tag-karisik-medya","10":"first","11":"instock","12":"downloadable","13":"virtual","14":"product-type-simple"},"_links":{"self":[{"href":"https:\/\/prompt-place.com\/tr\/wp-json\/wp\/v2\/product\/24583","targetHints":{"allow":["GET"]}}],"collection":[{"href":"https:\/\/prompt-place.com\/tr\/wp-json\/wp\/v2\/product"}],"about":[{"href":"https:\/\/prompt-place.com\/tr\/wp-json\/wp\/v2\/types\/product"}],"replies":[{"embeddable":true,"href":"https:\/\/prompt-place.com\/tr\/wp-json\/wp\/v2\/comments?post=24583"}],"wp:featuredmedia":[{"embeddable":true,"href":"https:\/\/prompt-place.com\/tr\/wp-json\/wp\/v2\/media\/21643"}],"wp:attachment":[{"href":"https:\/\/prompt-place.com\/tr\/wp-json\/wp\/v2\/media?parent=24583"}],"wp:term":[{"taxonomy":"product_brand","embeddable":true,"href":"https:\/\/prompt-place.com\/tr\/wp-json\/wp\/v2\/product_brand?post=24583"},{"taxonomy":"product_cat","embeddable":true,"href":"https:\/\/prompt-place.com\/tr\/wp-json\/wp\/v2\/product_cat?post=24583"},{"taxonomy":"product_tag","embeddable":true,"href":"https:\/\/prompt-place.com\/tr\/wp-json\/wp\/v2\/product_tag?post=24583"}],"curies":[{"name":"wp","href":"https:\/\/api.w.org\/{rel}","templated":true}]}}