{"id":24576,"date":"2026-01-09T11:46:36","date_gmt":"2026-01-09T11:46:36","guid":{"rendered":"http:\/\/prompt-place.com\/product\/reklam-duzeni-degerlendirmesi-ve-izleyici-tepkisi-tahmini\/"},"modified":"2026-03-05T08:08:38","modified_gmt":"2026-03-05T08:08:38","slug":"reklam-duzeni-degerlendirmesi-ve-izleyici-tepkisi-tahmini","status":"publish","type":"product","link":"https:\/\/prompt-place.com\/tr\/urun\/reklam-duzeni-degerlendirmesi-ve-izleyici-tepkisi-tahmini\/","title":{"rendered":"Reklam D\u00fczeni De\u011ferlendirmesi ve \u0130zleyici Tepkisi Tahmini"},"content":{"rendered":"<p>Bu istem, bir yapay zekaya reklam d\u00fczenlerini de\u011ferlendirme ve tasar\u0131m, mesaj netli\u011fi ve psikolojik etkiye dayal\u0131 olarak kitle tepkilerini tahmin etme talimat\u0131 verir. Model, her bir reklam\u0131n g\u00f6rsel hiyerar\u015fisini, mesaj g\u00fcc\u00fcn\u00fc, CTA netli\u011fini ve kafa kar\u0131\u015ft\u0131r\u0131c\u0131 unsurlar\u0131 analiz etmelidir. Ard\u0131ndan, \u00e7e\u015fitli kitle segmentlerinin (yeni ve geri d\u00f6nen kullan\u0131c\u0131lar, fiyata duyarl\u0131 ve premium, uzman ve s\u0131radan) reklam\u0131 g\u00f6rd\u00fckten sonraki ilk saniyeler i\u00e7inde duygusal ve davran\u0131\u015fsal olarak nas\u0131l tepki verece\u011fini tahmin etmelidir. Yapay zeka, dikkat ak\u0131\u015f\u0131, g\u00fcven sinyalleri, \u015f\u00fcphecilik tetikleyicileri ve durdurma g\u00fcc\u00fc unsurlar\u0131 dahil olmak \u00fczere olumlu ve olumsuz tepki etkenlerini tan\u0131mlar. Potansiyel etkile\u015fim ve d\u00f6n\u00fc\u015f\u00fcm risklerini de\u011ferlendirmeli ve da\u011f\u0131n\u0131kl\u0131k, zay\u0131f hiyerar\u015fi, net olmayan de\u011fer \u00f6nerisi veya ton uyumsuzluklar\u0131 gibi sorunlar\u0131 vurgulamal\u0131d\u0131r. Son olarak, estetik ele\u015ftiriden ziyade alg\u0131, davran\u0131\u015f ve karar vermeye vurgu yaparak d\u00fczeni, mesaj\u0131 ve etkinli\u011fi iyile\u015ftirmek i\u00e7in somut, \u00f6nceliklendirilmi\u015f \u00f6neriler sunmal\u0131d\u0131r.     <\/p>\n","protected":false},"excerpt":{"rendered":"<p>Bu istem, bir yapay zekaya reklam d\u00fczenlerini de\u011ferlendirme ve tasar\u0131m, mesaj netli\u011fi ve psikolojik etkiye dayal\u0131 olarak kitle tepkilerini tahmin etme talimat\u0131 verir. Model, her bir reklam\u0131n g\u00f6rsel hiyerar\u015fisini, mesaj g\u00fcc\u00fcn\u00fc, CTA netli\u011fini ve kafa kar\u0131\u015ft\u0131r\u0131c\u0131 unsurlar\u0131 analiz etmelidir. Ard\u0131ndan, \u00e7e\u015fitli kitle segmentlerinin (yeni ve geri d\u00f6nen kullan\u0131c\u0131lar, fiyata duyarl\u0131 ve premium, uzman ve s\u0131radan) [&hellip;]<\/p>\n","protected":false},"featured_media":21643,"comment_status":"open","ping_status":"closed","template":"","meta":[],"product_brand":[],"product_cat":[421,347],"product_tag":[3856],"class_list":{"0":"post-24576","1":"product","2":"type-product","3":"status-publish","4":"has-post-thumbnail","6":"product_cat-ikizler-burcu-ipuclari","7":"product_cat-modeller","8":"product_tag-reklam-duzeni","10":"first","11":"instock","12":"downloadable","13":"virtual","14":"product-type-simple"},"_links":{"self":[{"href":"https:\/\/prompt-place.com\/tr\/wp-json\/wp\/v2\/product\/24576","targetHints":{"allow":["GET"]}}],"collection":[{"href":"https:\/\/prompt-place.com\/tr\/wp-json\/wp\/v2\/product"}],"about":[{"href":"https:\/\/prompt-place.com\/tr\/wp-json\/wp\/v2\/types\/product"}],"replies":[{"embeddable":true,"href":"https:\/\/prompt-place.com\/tr\/wp-json\/wp\/v2\/comments?post=24576"}],"wp:featuredmedia":[{"embeddable":true,"href":"https:\/\/prompt-place.com\/tr\/wp-json\/wp\/v2\/media\/21643"}],"wp:attachment":[{"href":"https:\/\/prompt-place.com\/tr\/wp-json\/wp\/v2\/media?parent=24576"}],"wp:term":[{"taxonomy":"product_brand","embeddable":true,"href":"https:\/\/prompt-place.com\/tr\/wp-json\/wp\/v2\/product_brand?post=24576"},{"taxonomy":"product_cat","embeddable":true,"href":"https:\/\/prompt-place.com\/tr\/wp-json\/wp\/v2\/product_cat?post=24576"},{"taxonomy":"product_tag","embeddable":true,"href":"https:\/\/prompt-place.com\/tr\/wp-json\/wp\/v2\/product_tag?post=24576"}],"curies":[{"name":"wp","href":"https:\/\/api.w.org\/{rel}","templated":true}]}}