{"id":24575,"date":"2026-01-09T11:46:35","date_gmt":"2026-01-09T11:46:35","guid":{"rendered":"http:\/\/prompt-place.com\/product\/markalasma-tutarliligi-degerlendirmesi\/"},"modified":"2026-01-09T11:46:35","modified_gmt":"2026-01-09T11:46:35","slug":"markalasma-tutarliligi-degerlendirmesi","status":"publish","type":"product","link":"https:\/\/prompt-place.com\/tr\/urun\/markalasma-tutarliligi-degerlendirmesi\/","title":{"rendered":"Markala\u015fma Tutarl\u0131l\u0131\u011f\u0131 De\u011ferlendirmesi"},"content":{"rendered":"<p>Bu istem, birden fazla marka varl\u0131\u011f\u0131n\u0131 birle\u015fik bir marka sisteminin par\u00e7alar\u0131 olarak de\u011ferlendirmek i\u00e7in bir yapay zeka modeline rehberlik eder. Renk, tipografi, mizanpaj, imgeler ve tondaki tutars\u0131zl\u0131klar\u0131n tespit edilmesini; stilistik \u00e7at\u0131\u015fmalar\u0131n veya bo\u015fluklar\u0131n te\u015fhis edilmesini ve materyallerin uyumlu mu yoksa par\u00e7alanm\u0131\u015f m\u0131 hissettirdi\u011finin de\u011ferlendirilmesini gerektirir. Yapay zeka daha sonra net, birle\u015fik bir marka temas\u0131 \u00f6nermeli ve t\u00fcm varl\u0131klar\u0131 tutarl\u0131 bir kimlikte hizalamak i\u00e7in somut, \u00f6nceliklendirilmi\u015f \u00f6neriler sunmal\u0131d\u0131r. Bu bilgi istemi marka denetimleri, yeniden markala\u015fma \u00e7al\u0131\u015fmalar\u0131 ve resmi marka k\u0131lavuzu geli\u015ftirme i\u00e7in girdi haz\u0131rlamak i\u00e7in idealdir.   <\/p>\n","protected":false},"excerpt":{"rendered":"<p>Bu istem, birden fazla marka varl\u0131\u011f\u0131n\u0131 birle\u015fik bir marka sisteminin par\u00e7alar\u0131 olarak de\u011ferlendirmek i\u00e7in bir yapay zeka modeline rehberlik eder. Renk, tipografi, mizanpaj, imgeler ve tondaki tutars\u0131zl\u0131klar\u0131n tespit edilmesini; stilistik \u00e7at\u0131\u015fmalar\u0131n veya bo\u015fluklar\u0131n te\u015fhis edilmesini ve materyallerin uyumlu mu yoksa par\u00e7alanm\u0131\u015f m\u0131 hissettirdi\u011finin de\u011ferlendirilmesini gerektirir. Yapay zeka daha sonra net, birle\u015fik bir marka temas\u0131 \u00f6nermeli [&hellip;]<\/p>\n","protected":false},"featured_media":21643,"comment_status":"open","ping_status":"closed","template":"","meta":[],"product_brand":[],"product_cat":[421,347],"product_tag":[3855],"class_list":{"0":"post-24575","1":"product","2":"type-product","3":"status-publish","4":"has-post-thumbnail","6":"product_cat-ikizler-burcu-ipuclari","7":"product_cat-modeller","8":"product_tag-marka-tutarliligi","10":"first","11":"instock","12":"downloadable","13":"virtual","14":"product-type-simple"},"_links":{"self":[{"href":"https:\/\/prompt-place.com\/tr\/wp-json\/wp\/v2\/product\/24575","targetHints":{"allow":["GET"]}}],"collection":[{"href":"https:\/\/prompt-place.com\/tr\/wp-json\/wp\/v2\/product"}],"about":[{"href":"https:\/\/prompt-place.com\/tr\/wp-json\/wp\/v2\/types\/product"}],"replies":[{"embeddable":true,"href":"https:\/\/prompt-place.com\/tr\/wp-json\/wp\/v2\/comments?post=24575"}],"wp:featuredmedia":[{"embeddable":true,"href":"https:\/\/prompt-place.com\/tr\/wp-json\/wp\/v2\/media\/21643"}],"wp:attachment":[{"href":"https:\/\/prompt-place.com\/tr\/wp-json\/wp\/v2\/media?parent=24575"}],"wp:term":[{"taxonomy":"product_brand","embeddable":true,"href":"https:\/\/prompt-place.com\/tr\/wp-json\/wp\/v2\/product_brand?post=24575"},{"taxonomy":"product_cat","embeddable":true,"href":"https:\/\/prompt-place.com\/tr\/wp-json\/wp\/v2\/product_cat?post=24575"},{"taxonomy":"product_tag","embeddable":true,"href":"https:\/\/prompt-place.com\/tr\/wp-json\/wp\/v2\/product_tag?post=24575"}],"curies":[{"name":"wp","href":"https:\/\/api.w.org\/{rel}","templated":true}]}}