{"id":24570,"date":"2026-01-09T11:46:35","date_gmt":"2026-01-09T11:46:35","guid":{"rendered":"http:\/\/prompt-place.com\/product\/toplanti-eylem-maddelerinin-cikarilmasi\/"},"modified":"2026-01-09T11:46:35","modified_gmt":"2026-01-09T11:46:35","slug":"toplanti-eylem-maddelerinin-cikarilmasi","status":"publish","type":"product","link":"https:\/\/prompt-place.com\/tr\/urun\/toplanti-eylem-maddelerinin-cikarilmasi\/","title":{"rendered":"Toplant\u0131 Eylem Maddelerinin \u00c7\u0131kar\u0131lmas\u0131"},"content":{"rendered":"<p>Bu istem, bir yapay zeka modeline bir toplant\u0131 d\u00f6k\u00fcm\u00fcnden eyleme ge\u00e7irilebilir g\u00f6revleri \u00e7\u0131karmas\u0131n\u0131 ve bunlar\u0131 g\u00f6rev y\u00f6netim sistemlerine uygun temiz, yap\u0131land\u0131r\u0131lm\u0131\u015f bir listeye d\u00f6n\u00fc\u015ft\u00fcrmesini s\u00f6yler. A\u00e7\u0131k ve \u00f6rt\u00fck eylem maddelerinin tan\u0131mlanmas\u0131n\u0131, m\u00fcmk\u00fcn oldu\u011funda sahiplerin atanmas\u0131n\u0131, son tarihlerin veya ba\u011flam\u0131n yakalanmas\u0131n\u0131, \u00f6nceliklerin etiketlenmesini ve g\u00f6revlerin konuya g\u00f6re d\u00fczenlenmesini gerektirir. Bilgi istemi, uydurma g\u00f6revlerden ka\u00e7\u0131n\u0131rken netlik, do\u011fruluk ve pratikli\u011fi vurgular. A\u00e7\u0131k sorular ve takip ad\u0131mlar\u0131 i\u00e7in ek b\u00f6l\u00fcmler, ham toplant\u0131 tart\u0131\u015fmalar\u0131n\u0131 \u00fcr\u00fcn, teknoloji, i\u015f veya operasyon ekipleri i\u00e7in kullan\u0131labilir bir eylem plan\u0131na d\u00f6n\u00fc\u015ft\u00fcrmek i\u00e7in idealdir.   <\/p>\n","protected":false},"excerpt":{"rendered":"<p>Bu istem, bir yapay zeka modeline bir toplant\u0131 d\u00f6k\u00fcm\u00fcnden eyleme ge\u00e7irilebilir g\u00f6revleri \u00e7\u0131karmas\u0131n\u0131 ve bunlar\u0131 g\u00f6rev y\u00f6netim sistemlerine uygun temiz, yap\u0131land\u0131r\u0131lm\u0131\u015f bir listeye d\u00f6n\u00fc\u015ft\u00fcrmesini s\u00f6yler. A\u00e7\u0131k ve \u00f6rt\u00fck eylem maddelerinin tan\u0131mlanmas\u0131n\u0131, m\u00fcmk\u00fcn oldu\u011funda sahiplerin atanmas\u0131n\u0131, son tarihlerin veya ba\u011flam\u0131n yakalanmas\u0131n\u0131, \u00f6nceliklerin etiketlenmesini ve g\u00f6revlerin konuya g\u00f6re d\u00fczenlenmesini gerektirir. Bilgi istemi, uydurma g\u00f6revlerden ka\u00e7\u0131n\u0131rken netlik, do\u011fruluk [&hellip;]<\/p>\n","protected":false},"featured_media":21643,"comment_status":"open","ping_status":"closed","template":"","meta":[],"product_brand":[],"product_cat":[421,347],"product_tag":[3850],"class_list":{"0":"post-24570","1":"product","2":"type-product","3":"status-publish","4":"has-post-thumbnail","6":"product_cat-ikizler-burcu-ipuclari","7":"product_cat-modeller","8":"product_tag-toplanti-eylemi","10":"first","11":"instock","12":"downloadable","13":"virtual","14":"product-type-simple"},"_links":{"self":[{"href":"https:\/\/prompt-place.com\/tr\/wp-json\/wp\/v2\/product\/24570","targetHints":{"allow":["GET"]}}],"collection":[{"href":"https:\/\/prompt-place.com\/tr\/wp-json\/wp\/v2\/product"}],"about":[{"href":"https:\/\/prompt-place.com\/tr\/wp-json\/wp\/v2\/types\/product"}],"replies":[{"embeddable":true,"href":"https:\/\/prompt-place.com\/tr\/wp-json\/wp\/v2\/comments?post=24570"}],"wp:featuredmedia":[{"embeddable":true,"href":"https:\/\/prompt-place.com\/tr\/wp-json\/wp\/v2\/media\/21643"}],"wp:attachment":[{"href":"https:\/\/prompt-place.com\/tr\/wp-json\/wp\/v2\/media?parent=24570"}],"wp:term":[{"taxonomy":"product_brand","embeddable":true,"href":"https:\/\/prompt-place.com\/tr\/wp-json\/wp\/v2\/product_brand?post=24570"},{"taxonomy":"product_cat","embeddable":true,"href":"https:\/\/prompt-place.com\/tr\/wp-json\/wp\/v2\/product_cat?post=24570"},{"taxonomy":"product_tag","embeddable":true,"href":"https:\/\/prompt-place.com\/tr\/wp-json\/wp\/v2\/product_tag?post=24570"}],"curies":[{"name":"wp","href":"https:\/\/api.w.org\/{rel}","templated":true}]}}