{"id":24569,"date":"2026-01-09T11:46:35","date_gmt":"2026-01-09T11:46:35","guid":{"rendered":"http:\/\/prompt-place.com\/product\/is-akisi-diyagrami-analizi-ve-optimizasyonu\/"},"modified":"2026-01-09T11:46:35","modified_gmt":"2026-01-09T11:46:35","slug":"is-akisi-diyagrami-analizi-ve-optimizasyonu","status":"publish","type":"product","link":"https:\/\/prompt-place.com\/tr\/urun\/is-akisi-diyagrami-analizi-ve-optimizasyonu\/","title":{"rendered":"\u0130\u015f Ak\u0131\u015f\u0131 Diyagram\u0131 Analizi ve Optimizasyonu"},"content":{"rendered":"<p>Bu istem, bir yapay zeka modeline operasyonel, i\u015f veya sistem odakl\u0131 bir i\u015f ak\u0131\u015f\u0131 diyagram\u0131n\u0131 analiz etme ve s\u00fcrecin \u015fu anda nas\u0131l i\u015fledi\u011fini a\u00e7\u0131klama talimat\u0131 verir. Model verimsizlikleri, fazlal\u0131klar\u0131, net olmayan sahiplikleri, darbo\u011fazlar\u0131 ve manuel ad\u0131mlar\u0131 belirlemeli, ard\u0131ndan i\u015f ak\u0131\u015f\u0131n\u0131 d\u00fczene sokmak i\u00e7in belirli, pratik iyile\u015ftirmeler \u00f6nermelidir. A\u00e7\u0131kl\u0131k, eyleme ge\u00e7irilebilir optimizasyon ve i\u015f etkisine vurgu yapan istem, s\u00fcre\u00e7 denetimleri, otomasyon planlamas\u0131, UX yolculu\u011fu iyile\u015ftirme ve operasyonel verimlilik incelemeleri i\u00e7in idealdir.  <\/p>\n","protected":false},"excerpt":{"rendered":"<p>Bu istem, bir yapay zeka modeline operasyonel, i\u015f veya sistem odakl\u0131 bir i\u015f ak\u0131\u015f\u0131 diyagram\u0131n\u0131 analiz etme ve s\u00fcrecin \u015fu anda nas\u0131l i\u015fledi\u011fini a\u00e7\u0131klama talimat\u0131 verir. Model verimsizlikleri, fazlal\u0131klar\u0131, net olmayan sahiplikleri, darbo\u011fazlar\u0131 ve manuel ad\u0131mlar\u0131 belirlemeli, ard\u0131ndan i\u015f ak\u0131\u015f\u0131n\u0131 d\u00fczene sokmak i\u00e7in belirli, pratik iyile\u015ftirmeler \u00f6nermelidir. A\u00e7\u0131kl\u0131k, eyleme ge\u00e7irilebilir optimizasyon ve i\u015f etkisine vurgu [&hellip;]<\/p>\n","protected":false},"featured_media":21643,"comment_status":"open","ping_status":"closed","template":"","meta":[],"product_brand":[],"product_cat":[421,347],"product_tag":[3849],"class_list":{"0":"post-24569","1":"product","2":"type-product","3":"status-publish","4":"has-post-thumbnail","6":"product_cat-ikizler-burcu-ipuclari","7":"product_cat-modeller","8":"product_tag-is-akisi-diyagrami","10":"first","11":"instock","12":"downloadable","13":"virtual","14":"product-type-simple"},"_links":{"self":[{"href":"https:\/\/prompt-place.com\/tr\/wp-json\/wp\/v2\/product\/24569","targetHints":{"allow":["GET"]}}],"collection":[{"href":"https:\/\/prompt-place.com\/tr\/wp-json\/wp\/v2\/product"}],"about":[{"href":"https:\/\/prompt-place.com\/tr\/wp-json\/wp\/v2\/types\/product"}],"replies":[{"embeddable":true,"href":"https:\/\/prompt-place.com\/tr\/wp-json\/wp\/v2\/comments?post=24569"}],"wp:featuredmedia":[{"embeddable":true,"href":"https:\/\/prompt-place.com\/tr\/wp-json\/wp\/v2\/media\/21643"}],"wp:attachment":[{"href":"https:\/\/prompt-place.com\/tr\/wp-json\/wp\/v2\/media?parent=24569"}],"wp:term":[{"taxonomy":"product_brand","embeddable":true,"href":"https:\/\/prompt-place.com\/tr\/wp-json\/wp\/v2\/product_brand?post=24569"},{"taxonomy":"product_cat","embeddable":true,"href":"https:\/\/prompt-place.com\/tr\/wp-json\/wp\/v2\/product_cat?post=24569"},{"taxonomy":"product_tag","embeddable":true,"href":"https:\/\/prompt-place.com\/tr\/wp-json\/wp\/v2\/product_tag?post=24569"}],"curies":[{"name":"wp","href":"https:\/\/api.w.org\/{rel}","templated":true}]}}